{"id":4835,"date":"2022-07-02T08:34:33","date_gmt":"2022-07-02T05:34:33","guid":{"rendered":"https:\/\/lastella.ee\/%d0%b2%d0%b8%d0%b4%d0%b5%d0%be\/"},"modified":"2025-03-13T15:05:05","modified_gmt":"2025-03-13T12:05:05","slug":"%d0%b2%d0%b8%d0%b4%d0%b5%d0%be","status":"publish","type":"page","link":"https:\/\/lastella.ee\/ru\/%d0%b2%d0%b8%d0%b4%d0%b5%d0%be\/","title":{"rendered":"\u0412\u0438\u0434\u0435\u043e"},"content":{"rendered":"\n<div class=\"container section-title-container\" ><h3 class=\"section-title section-title-normal\"><b aria-hidden=\"true\"><\/b><span class=\"section-title-main\" >\u0420\u0443\u043a\u043e\u0432\u043e\u0434\u0441\u0442\u0432\u0430 \u043f\u043e \u043f\u0440\u0438\u0433\u043e\u0442\u043e\u0432\u043b\u0435\u043d\u0438\u044e<\/span><b aria-hidden=\"true\"><\/b><\/h3><\/div>\n\n<div class=\"row align-center\"  id=\"row-1529704426\">\n\n\n\t<div id=\"col-984914321\" class=\"col medium-5 small-12 large-5\"  >\n\t\t\t\t<div class=\"col-inner text-center\"  >\n\t\t\t\n\t\t\t\n\n\t<div id=\"text-1268545267\" class=\"text\">\n\t\t\n\n<p>\u0418\u043d\u0441\u0442\u0440\u0443\u043a\u0446\u0438\u0438 \u043f\u043e \u043f\u0440\u0438\u0433\u043e\u0442\u043e\u0432\u043b\u0435\u043d\u0438\u044e \u043c\u0430\u0440\u043c\u0435\u043b\u0430\u0434\u043d\u044b\u0445 \u043a\u043e\u043d\u0444\u0435\u0442<\/p>\n\t\t\n<style>\n#text-1268545267 {\n  text-align: left;\n}\n<\/style>\n\t<\/div>\n\t\n<div class=\"video video-fit mb\" style=\"padding-top:56.25%;\"><iframe loading=\"lazy\" title=\"Kummikommide valmistamine &quot;Tee ise kummikommid! komplekti abil\" width=\"1020\" height=\"574\" src=\"https:\/\/www.youtube.com\/embed\/DVYQupxumI0?feature=oembed&#038;enablejsapi=1&#038;origin=https:\/\/lastella.ee\" frameborder=\"0\" allow=\"accelerometer; autoplay; clipboard-write; encrypted-media; gyroscope; picture-in-picture; web-share\" referrerpolicy=\"strict-origin-when-cross-origin\" allowfullscreen><\/iframe><\/div>\n\n\n\t\t<\/div>\n\t\t\t\t\t<\/div>\n\n\t\n\n\t<div id=\"col-1425942361\" class=\"col medium-5 small-12 large-5\"  >\n\t\t\t\t<div class=\"col-inner text-center\"  >\n\t\t\t\n\t\t\t\n\n\t<div id=\"text-1928385494\" class=\"text\">\n\t\t\n\n<p>\u0418\u043d\u0441\u0442\u0440\u0443\u043a\u0446\u0438\u044f \u043f\u043e \u043f\u0440\u0438\u0433\u043e\u0442\u043e\u0432\u043b\u0435\u043d\u0438\u044e \u0448\u043e\u043a\u043e\u043b\u0430\u0434\u043d\u044b\u0445 \u043f\u0430\u043b\u043e\u0447\u0435\u043a<\/p>\n\t\t\n<style>\n#text-1928385494 {\n  text-align: left;\n}\n<\/style>\n\t<\/div>\n\t\n<div class=\"video video-fit mb\" style=\"padding-top:56.25%;\"><p><iframe loading=\"lazy\" title=\"\u0160okolaadist pulgakommide valmistamine &quot;Tee ise pulgakommid!&quot; komplekti abil\" width=\"1020\" height=\"574\" src=\"https:\/\/www.youtube.com\/embed\/Hj9xNwVqqK0?feature=oembed&#038;enablejsapi=1&#038;origin=https:\/\/lastella.ee\" frameborder=\"0\" allow=\"accelerometer; autoplay; clipboard-write; encrypted-media; gyroscope; picture-in-picture; web-share\" allowfullscreen><\/iframe><\/p>\n<\/div>\n\n\n\t\t<\/div>\n\t\t\t\t\t<\/div>\n\n\t\n\n<\/div>\n<div class=\"row row-collapse align-center\"  id=\"row-292551272\">\n\n\n\t<div id=\"col-1988660524\" class=\"col medium-5 small-12 large-5\"  >\n\t\t\t\t<div class=\"col-inner\"  >\n\t\t\t\n\t\t\t\n\n\t<div id=\"text-52518517\" class=\"text\">\n\t\t\n\n<p>\u0418\u043d\u0441\u0442\u0440\u0443\u043a\u0446\u0438\u044f \u043f\u043e \u043f\u0440\u0438\u0433\u043e\u0442\u043e\u0432\u043b\u0435\u043d\u0438\u044e \u0441\u0432\u0435\u0436\u0435\u0439 \u043f\u0430\u0441\u0442\u044b<\/p>\n\t\t\n<style>\n#text-52518517 {\n  text-align: left;\n}\n<\/style>\n\t<\/div>\n\t\n<div class=\"video video-fit mb\" style=\"padding-top:56.25%;\"><p><iframe loading=\"lazy\" title=\"Pasta valmistamine &quot;Tee ise pastat!&quot; komplekti abil\" width=\"1020\" height=\"574\" src=\"https:\/\/www.youtube.com\/embed\/__1dHD2LJkc?feature=oembed&#038;enablejsapi=1&#038;origin=https:\/\/lastella.ee\" frameborder=\"0\" allow=\"accelerometer; autoplay; clipboard-write; encrypted-media; gyroscope; picture-in-picture; web-share\" allowfullscreen><\/iframe><\/p>\n<\/div>\n\n\n\t\t<\/div>\n\t\t\t\t\t<\/div>\n\n\t\n\n\t<div id=\"col-51380169\" class=\"col medium-5 small-12 large-5\"  >\n\t\t\t\t<div class=\"col-inner\"  >\n\t\t\t\n\t\t\t\n\n<p>\u0418\u043d\u0441\u0442\u0440\u0443\u043a\u0446\u0438\u044f \u043f\u043e \u043f\u0440\u0438\u0433\u043e\u0442\u043e\u0432\u043b\u0435\u043d\u0438\u044e \u043c\u0430\u0440\u043c\u0435\u043b\u0430\u0434\u043d\u044b\u0445 \u043c\u043e\u0440\u043e\u0436\u0435\u043d\u044b\u0445<\/p>\n<div class=\"video video-fit mb\" style=\"padding-top:56.25%;\"><p><iframe loading=\"lazy\" title=\"Tee ise kummikommi pulgakomme\" width=\"1020\" height=\"574\" src=\"https:\/\/www.youtube.com\/embed\/uK2koY05SWY?feature=oembed&#038;enablejsapi=1&#038;origin=https:\/\/lastella.ee\" frameborder=\"0\" allow=\"accelerometer; autoplay; clipboard-write; encrypted-media; gyroscope; picture-in-picture; web-share\" allowfullscreen><\/iframe><\/p>\n<\/div>\n\n\n\t\t<\/div>\n\t\t\t\t\t<\/div>\n\n\t\n\n<\/div>\n<div class=\"row row-collapse align-center\"  id=\"row-1415753820\">\n\n\n\t<div id=\"col-626794326\" class=\"col medium-5 small-12 large-5\"  >\n\t\t\t\t<div class=\"col-inner\"  >\n\t\t\t\n\t\t\t\n\n<p>\u0418\u043d\u0441\u0442\u0440\u0443\u043a\u0446\u0438\u044f \u043f\u043e \u043f\u0440\u0438\u0433\u043e\u0442\u043e\u0432\u043b\u0435\u043d\u0438\u044e \u043f\u0440\u044f\u043d\u0438\u043a\u043e\u0432 \u0441 \u043c\u043e\u0442\u0438\u0432\u043e\u043c \u0434\u0438\u043d\u043e\u0437\u0430\u0432\u0440\u043e\u0432<\/p>\n<div class=\"video video-fit mb\" style=\"padding-top:56.25%;\"><p><iframe loading=\"lazy\" title=\"Tempelk\u00fcpsiste valmistamine &quot;Tee ise dinok\u00fcpsised!&quot; komplekti abil\" width=\"1020\" height=\"574\" src=\"https:\/\/www.youtube.com\/embed\/ORftKJ7d_-4?feature=oembed&#038;enablejsapi=1&#038;origin=https:\/\/lastella.ee\" frameborder=\"0\" allow=\"accelerometer; autoplay; clipboard-write; encrypted-media; gyroscope; picture-in-picture; web-share\" allowfullscreen><\/iframe><\/p>\n<\/div>\n\n\n\t\t<\/div>\n\t\t\t\t\t<\/div>\n\n\t\n\n\t<div id=\"col-1655764113\" class=\"col medium-5 small-12 large-5\"  >\n\t\t\t\t<div class=\"col-inner\"  >\n\t\t\t\n\t\t\t\n\n<p>\u0418\u043d\u0441\u0442\u0440\u0443\u043a\u0446\u0438\u044f \u043f\u043e \u043f\u0440\u0438\u0433\u043e\u0442\u043e\u0432\u043b\u0435\u043d\u0438\u044e \u043f\u0440\u044f\u043d\u0438\u043a\u043e\u0432 \u0441 \u043c\u043e\u0442\u0438\u0432\u043e\u043c \u0435\u0434\u0438\u043d\u043e\u0440\u043e\u0433\u043e\u0432<\/p>\n<div class=\"video video-fit mb\" style=\"padding-top:56.25%;\"><p><iframe loading=\"lazy\" title=\"Tempelk\u00fcpsiste valmistamine &quot;Tee ise k\u00fcpsised!&quot; \u00fckssarvikud komplekti abil\" width=\"1020\" height=\"574\" src=\"https:\/\/www.youtube.com\/embed\/Qx4CnhFTr4A?feature=oembed&#038;enablejsapi=1&#038;origin=https:\/\/lastella.ee\" frameborder=\"0\" allow=\"accelerometer; autoplay; clipboard-write; encrypted-media; gyroscope; picture-in-picture; web-share\" allowfullscreen><\/iframe><\/p>\n<\/div>\n\n\n\t\t<\/div>\n\t\t\t\t\t<\/div>\n\n\t\n\n<\/div>\n<div class=\"row row-collapse align-center\"  id=\"row-542513149\">\n\n\n\t<div id=\"col-427194240\" class=\"col medium-5 small-12 large-5\"  >\n\t\t\t\t<div class=\"col-inner\"  >\n\t\t\t\n\t\t\t\n\n<p>\u0418\u043d\u0441\u0442\u0440\u0443\u043a\u0446\u0438\u044f \u043f\u043e \u043f\u0440\u0438\u0433\u043e\u0442\u043e\u0432\u043b\u0435\u043d\u0438\u044e \u043c\u043d\u043e\u0433\u043e\u043a\u0440\u0430\u0441\u043e\u0447\u043d\u044b\u0445 \u0448\u043e\u043a\u043e\u043b\u0430\u0434\u043d\u044b\u0445 \u043f\u0430\u043b\u043e\u0447\u0435\u043a<\/p>\n<div class=\"video video-fit mb\" style=\"padding-top:56.25%;\"><p><iframe loading=\"lazy\" title=\"Mitmev\u00e4rvilise \u0161okolaadist pulgakommi valmistamine\" width=\"1020\" height=\"574\" src=\"https:\/\/www.youtube.com\/embed\/jp2g72rLB_8?feature=oembed&#038;enablejsapi=1&#038;origin=https:\/\/lastella.ee\" frameborder=\"0\" allow=\"accelerometer; autoplay; clipboard-write; encrypted-media; gyroscope; picture-in-picture; web-share\" allowfullscreen><\/iframe><\/p>\n<\/div>\n\n\n\t\t<\/div>\n\t\t\t\t\t<\/div>\n\n\t\n\n\t<div id=\"col-1008192233\" class=\"col medium-5 small-12 large-5\"  >\n\t\t\t\t<div class=\"col-inner\"  >\n\t\t\t\n\t\t\t\n\n<p>\u0421\u043e\u0437\u0434\u0430\u043d\u0438\u0435 \u0448\u043e\u043a\u043e\u043b\u0430\u0434\u043d\u044b\u0445 \u0444\u0438\u0433\u0443\u0440 \u0441 \u0440\u043e\u0436\u0434\u0435\u0441\u0442\u0432\u0435\u043d\u0441\u043a\u043e\u0439 \u0442\u0435\u043c\u0430\u0442\u0438\u043a\u043e\u0439<\/p>\n<div class=\"video video-fit mb\" style=\"padding-top:56.25%;\"><p><iframe loading=\"lazy\" title=\"\u0160okolaadist plastiliiniga kujude voolimine\" width=\"1020\" height=\"574\" src=\"https:\/\/www.youtube.com\/embed\/uuM7gqRaqko?feature=oembed&#038;enablejsapi=1&#038;origin=https:\/\/lastella.ee\" frameborder=\"0\" allow=\"accelerometer; autoplay; clipboard-write; encrypted-media; gyroscope; picture-in-picture; web-share\" allowfullscreen><\/iframe><\/p>\n<\/div>\n\n\n\t\t<\/div>\n\t\t\t\t\t<\/div>\n\n\t\n\n<\/div>\n<div class=\"row row-collapse align-center\"  id=\"row-1059409812\">\n\n\n\t<div id=\"col-126507210\" class=\"col medium-5 small-12 large-5\"  >\n\t\t\t\t<div class=\"col-inner\"  >\n\t\t\t\n\t\t\t\n\n<p>\u0421\u043e\u0437\u0434\u0430\u043d\u0438\u0435 \u0444\u0438\u0433\u0443\u0440 \u0436\u0438\u0432\u043e\u0442\u043d\u044b\u0445 \u0438\u0437 \u0448\u043e\u043a\u043e\u043b\u0430\u0434\u043d\u043e\u0439 \u0433\u043b\u0438\u043d\u044b<\/p>\n<div class=\"video video-fit mb\" style=\"padding-top:56.25%;\"><p><iframe loading=\"lazy\" title=\"\u0160okolaadi plastiliinist loomakujude valmistamine\" width=\"1020\" height=\"574\" src=\"https:\/\/www.youtube.com\/embed\/eBmhwYLh3wU?feature=oembed&#038;enablejsapi=1&#038;origin=https:\/\/lastella.ee\" frameborder=\"0\" allow=\"accelerometer; autoplay; clipboard-write; encrypted-media; gyroscope; picture-in-picture; web-share\" allowfullscreen><\/iframe><\/p>\n<\/div>\n\n\n\t\t<\/div>\n\t\t\t\t\t<\/div>\n\n\t\n\n<\/div>\n<div class=\"container section-title-container\" ><h3 class=\"section-title section-title-normal\"><b aria-hidden=\"true\"><\/b><span class=\"section-title-main\" >\u0425\u043e\u0440\u043e\u0448\u0435\u0435 \u043d\u0430\u0441\u0442\u0440\u043e\u0435\u043d\u0438\u0435<\/span><b aria-hidden=\"true\"><\/b><\/h3><\/div>\n\n<div class=\"row align-center\"  id=\"row-1545807959\">\n\n\n\t<div id=\"col-2009066383\" class=\"col medium-5 small-12 large-5\"  >\n\t\t\t\t<div class=\"col-inner text-center\" style=\"background-color:rgb(255,255,255);\" >\n\t\t\t\n\t\t\t\n\n\t<div id=\"text-1151986632\" class=\"text\">\n\t\t\n\n<p>\u041a\u0430\u043a \u0432\u043a\u0443\u0441\u043d\u044b \u043d\u0430\u0441\u0435\u043a\u043e\u043c\u044b\u0435 \u0432\u043d\u0443\u0442\u0440\u0438 \u043c\u0430\u0440\u043c\u0435\u043b\u0430\u0434\u043d\u044b\u0445 \u043a\u043e\u043d\u0444\u0435\u0442?<\/p>\n\t\t\n<style>\n#text-1151986632 {\n  text-align: left;\n}\n<\/style>\n\t<\/div>\n\t\n<div class=\"video video-fit mb\" style=\"padding-top:56.25%;\"><p><iframe loading=\"lazy\" title=\"Putukad kummikommides\" width=\"1020\" height=\"574\" src=\"https:\/\/www.youtube.com\/embed\/TEC43HZX0Iw?feature=oembed&#038;enablejsapi=1&#038;origin=https:\/\/lastella.ee\" frameborder=\"0\" allow=\"accelerometer; autoplay; clipboard-write; encrypted-media; gyroscope; picture-in-picture; web-share\" allowfullscreen><\/iframe><\/p>\n<\/div>\n\n\n\t\t<\/div>\n\t\t\t\t\t<\/div>\n\n\t\n\n\t<div id=\"col-3664501\" class=\"col medium-5 small-12 large-5\"  >\n\t\t\t\t<div class=\"col-inner text-center\"  >\n\t\t\t\n\t\t\t\n\n\t<div id=\"text-3397371728\" class=\"text\">\n\t\t\n\n<p>\u0418\u0437\u0433\u043e\u0442\u043e\u0432\u043b\u0435\u043d\u0438\u0435 \u043c\u0430\u0440\u043c\u0435\u043b\u0430\u0434\u043d\u044b\u0445 \u043a\u043e\u043d\u0444\u0435\u0442<\/p>\n\t\t\n<style>\n#text-3397371728 {\n  text-align: left;\n}\n<\/style>\n\t<\/div>\n\t\n<div class=\"video video-fit mb\" style=\"padding-top:56.25%;\"><p><iframe loading=\"lazy\" title=\"Kummikommide valmistamise katsetus\" width=\"1020\" height=\"574\" src=\"https:\/\/www.youtube.com\/embed\/A1ASSEW2kIM?feature=oembed&#038;enablejsapi=1&#038;origin=https:\/\/lastella.ee\" frameborder=\"0\" allow=\"accelerometer; autoplay; clipboard-write; encrypted-media; gyroscope; picture-in-picture; web-share\" allowfullscreen><\/iframe><\/p>\n<\/div>\n\n\n\t\t<\/div>\n\t\t\t\t\t<\/div>\n\n\t\n\n<\/div>\n<div class=\"row align-center\"  id=\"row-1608915050\">\n\n\n\t<div id=\"col-660892854\" class=\"col medium-5 small-12 large-5\"  >\n\t\t\t\t<div class=\"col-inner text-center\"  >\n\t\t\t\n\t\t\t\n\n\t<div id=\"text-150971461\" class=\"text\">\n\t\t\n\n<p>\u0418\u0437\u0433\u043e\u0442\u043e\u0432\u043b\u0435\u043d\u0438\u0435 \u043f\u0430\u043b\u043e\u0447\u0435\u043a \u0438\u0437<br>\u0442\u0435\u0441\u0442\u0430 \u0434\u043b\u044f \u043f\u0440\u044f\u043d\u0438\u043a\u043e\u0432<\/p>\n\t\t\n<style>\n#text-150971461 {\n  text-align: left;\n}\n<\/style>\n\t<\/div>\n\t\n<div class=\"video video-fit mb\" style=\"padding-top:56.25%;\"><p><iframe loading=\"lazy\" title=\"Piparkoogi taignast pulgakommid\" width=\"1020\" height=\"574\" src=\"https:\/\/www.youtube.com\/embed\/QuoSkJt4XLo?feature=oembed&#038;enablejsapi=1&#038;origin=https:\/\/lastella.ee\" frameborder=\"0\" allow=\"accelerometer; autoplay; clipboard-write; encrypted-media; gyroscope; picture-in-picture; web-share\" referrerpolicy=\"strict-origin-when-cross-origin\" allowfullscreen><\/iframe><\/p>\n<\/div>\n\n\n\t\t<\/div>\n\t\t\t\t\t<\/div>\n\n\t\n\n\t<div id=\"col-361271351\" class=\"col medium-5 small-12 large-5\"  >\n\t\t\t\t<div class=\"col-inner text-center\"  >\n\t\t\t\n\t\t\t\n\n\t<div id=\"text-3780632544\" class=\"text\">\n\t\t\n\n<p>\u0423\u043a\u0440\u0430\u0448\u0435\u043d\u0438\u0435 \u0451\u043b\u043a\u0438 \u0438\u0437 <br>\u0438\u043c\u0431\u0438\u0440\u043d\u044b\u0445 \u043f\u0440\u044f\u043d\u0438\u043a\u043e\u0432<\/p>\n\t\t\n<style>\n#text-3780632544 {\n  text-align: left;\n}\n<\/style>\n\t<\/div>\n\t\n<div class=\"video video-fit mb\" style=\"padding-top:56.25%;\"><p><iframe loading=\"lazy\" title=\"Piparkoogist j\u00f5ulukuuse kaunistamine dinosaurustega\" width=\"1020\" height=\"574\" src=\"https:\/\/www.youtube.com\/embed\/u6SJKOaibmU?feature=oembed&#038;enablejsapi=1&#038;origin=https:\/\/lastella.ee\" frameborder=\"0\" allow=\"accelerometer; autoplay; clipboard-write; encrypted-media; gyroscope; picture-in-picture; web-share\" allowfullscreen><\/iframe><\/p>\n<\/div>\n\n\n\t\t<\/div>\n\t\t\t\t\t<\/div>\n\n\t\n\n<\/div>\n<div class=\"row align-center\"  id=\"row-1623555681\">\n\n\n\t<div id=\"col-1940750504\" class=\"col medium-5 small-12 large-5\"  >\n\t\t\t\t<div class=\"col-inner text-center\"  >\n\t\t\t\n\t\t\t\n\n\t<div id=\"text-345776411\" class=\"text\">\n\t\t\n\n<p>\u041f\u0440\u043e\u0431\u0443\u0435\u043c \u043c\u0430\u0440\u043c\u0435\u043b\u0430\u0434\u043d\u044b\u0435 \u043a\u043e\u043d\u0444\u0435\u0442\u044b \u043d\u0430 \u043f\u0430\u043b\u043e\u0447\u043a\u0435<\/p>\n\t\t\n<style>\n#text-345776411 {\n  text-align: left;\n}\n<\/style>\n\t<\/div>\n\t\n<div class=\"video video-fit mb\" style=\"padding-top:56.25%;\"><p><iframe loading=\"lazy\" title=\"Kummikommi-pulgakommide maitsmine\" width=\"1020\" height=\"574\" src=\"https:\/\/www.youtube.com\/embed\/-wWCXTGFab4?feature=oembed&#038;enablejsapi=1&#038;origin=https:\/\/lastella.ee\" frameborder=\"0\" allow=\"accelerometer; autoplay; clipboard-write; encrypted-media; gyroscope; picture-in-picture; web-share\" allowfullscreen><\/iframe><\/p>\n<\/div>\n\n\n\t\t<\/div>\n\t\t\t\t\t<\/div>\n\n\t\n\n\t<div id=\"col-685957888\" class=\"col medium-5 small-12 large-5\"  >\n\t\t\t\t<div class=\"col-inner text-center\"  >\n\t\t\t\n\t\t\t\n\n<p style=\"text-align: left;\">\u041a\u043e\u0433\u0434\u0430 \u043b\u0443\u0447\u0448\u0435\u0435 \u0432\u0440\u0435\u043c\u044f \u0434\u043b\u044f \u043f\u0440\u0438\u0433\u043e\u0442\u043e\u0432\u043b\u0435\u043d\u0438\u044f \u043c\u043e\u0440\u043e\u0436\u0435\u043d\u043e\u0433\u043e?<\/p>\n<div class=\"video video-fit mb\" style=\"padding-top:56.25%;\"><p><iframe loading=\"lazy\" title=\"J\u00e4\u00e4tiseaeg\" width=\"1020\" height=\"574\" src=\"https:\/\/www.youtube.com\/embed\/yyQUir9kt3A?feature=oembed&#038;enablejsapi=1&#038;origin=https:\/\/lastella.ee\" frameborder=\"0\" allow=\"accelerometer; autoplay; clipboard-write; encrypted-media; gyroscope; picture-in-picture; web-share\" allowfullscreen><\/iframe><\/p>\n<\/div>\n\n\n\t\t<\/div>\n\t\t\t\t\t<\/div>\n\n\t\n\n<\/div>\n\n","protected":false},"excerpt":{"rendered":"","protected":false},"author":2,"featured_media":0,"parent":0,"menu_order":0,"comment_status":"closed","ping_status":"closed","template":"","meta":{"footnotes":""},"class_list":["post-4835","page","type-page","status-publish","hentry"],"_links":{"self":[{"href":"https:\/\/lastella.ee\/ru\/wp-json\/wp\/v2\/pages\/4835","targetHints":{"allow":["GET"]}}],"collection":[{"href":"https:\/\/lastella.ee\/ru\/wp-json\/wp\/v2\/pages"}],"about":[{"href":"https:\/\/lastella.ee\/ru\/wp-json\/wp\/v2\/types\/page"}],"author":[{"embeddable":true,"href":"https:\/\/lastella.ee\/ru\/wp-json\/wp\/v2\/users\/2"}],"replies":[{"embeddable":true,"href":"https:\/\/lastella.ee\/ru\/wp-json\/wp\/v2\/comments?post=4835"}],"version-history":[{"count":7,"href":"https:\/\/lastella.ee\/ru\/wp-json\/wp\/v2\/pages\/4835\/revisions"}],"predecessor-version":[{"id":9099,"href":"https:\/\/lastella.ee\/ru\/wp-json\/wp\/v2\/pages\/4835\/revisions\/9099"}],"wp:attachment":[{"href":"https:\/\/lastella.ee\/ru\/wp-json\/wp\/v2\/media?parent=4835"}],"curies":[{"name":"wp","href":"https:\/\/api.w.org\/{rel}","templated":true}]}}