{"id":9418,"date":"2022-07-05T23:36:34","date_gmt":"2022-07-05T20:36:34","guid":{"rendered":"https:\/\/lastella.ee\/pood\/uncategorized\/lastella-e-davanu-karte\/"},"modified":"2025-04-02T10:38:26","modified_gmt":"2025-04-02T07:38:26","slug":"lastella-e-davanu-karte","status":"publish","type":"product","link":"https:\/\/lastella.ee\/lv\/pood\/e-davanu-kartes\/lastella-e-davanu-karte\/","title":{"rendered":"Lastella e-d\u0101vanu karte"},"content":{"rendered":"","protected":false},"excerpt":{"rendered":"<p><span style=\"font-family: azosans;\">Uzd\u0101vini rado\u0161\u0101s darbo\u0161an\u0101s prieku!<\/span><\/p>\n<p><span style=\"font-family: azosans;\">Nezini, kuru komplektu izv\u0113l\u0113ties? Vai ar\u012b v\u0113lies, lai pats d\u0101vanas sa\u0146\u0113m\u0113js izlemj, kas vi\u0146am sag\u0101d\u0101 visvair\u0101k prieka? <br data-start=\"289\" data-end=\"292\"><strong data-start=\"292\" data-end=\"315\">Lastella d\u0101vanu karte<\/strong> ir tam ide\u0101la izv\u0113le!<\/span><\/p>\n<p data-start=\"344\" data-end=\"551\"><span style=\"font-family: azosans;\">D\u0101vanu karte ir <strong data-start=\"362\" data-end=\"376\">digit\u0101la <\/strong>\u2013 m\u0113s to nos\u016bt\u012bsim uz tavu e-pastu kop\u0101 ar unik\u0101lu kodu 1 darba dienas laik\u0101 p\u0113c pas\u016bt\u012bjuma veik\u0161anas. P\u0101rs\u016bti to d\u0101vanas sa\u0146\u0113m\u0113jam tie\u0161i t\u0101, k\u0101 tev \u0113rt\u0101k \u2013 \u0101tri un vienk\u0101r\u0161i!<br \/>\nJa pas\u016bti tikai d\u0101vanu karti, izv\u0113lies pieg\u0101des veidu \u201cD\u0101vanu karte uz e-pastu\u201d \u2013 karti fizisk\u0101 form\u0101t\u0101 m\u0113s nes\u016bt\u0101m<\/span><\/p>\n<p data-start=\"664\" data-end=\"838\"><strong data-start=\"667\" data-end=\"692\"><span style=\"font-family: azosans;\">D\u0101vanu kartes der\u012bguma termi\u0146\u0161:<\/span><\/strong><span style=\"font-family: azosans;\"> 1 gads no ieg\u0101des datuma<br data-start=\"722\" data-end=\"725\"><strong data-start=\"728\" data-end=\"771\"><span style=\"font-family: azosans;\">Der\u012bga visiem Lastella e-veikala produktiem<\/span><\/strong> <span style=\"font-family: azosans;\">(iz\u0146emot citas d\u0101vanu kartes)<br data-start=\"798\" data-end=\"801\"><strong data-start=\"804\" data-end=\"838\"><span style=\"font-family: azosans;\">D\u0101vanu karte nav apmain\u0101ma pret naudu.<\/span><\/strong><\/span><\/span><\/p>\n<p data-start=\"664\" data-end=\"838\">\ud83d\udc49 <strong data-start=\"195\" data-end=\"247\"><span style=\"font-family: azosans;\">D\u0101vana p\u0113d\u0113j\u0101 br\u012bd\u012b? D\u0101vanu karte n\u0101k pal\u012bg\u0101! Pievieno grozam!  <\/span><\/strong><\/p>\n","protected":false},"featured_media":9656,"comment_status":"closed","ping_status":"closed","template":"","meta":[],"product_brand":[],"product_cat":[163],"product_tag":[],"class_list":{"0":"post-9418","1":"product","2":"type-product","3":"status-publish","4":"has-post-thumbnail","6":"product_cat-e-davanu-kartes","8":"first","9":"instock","10":"taxable","11":"shipping-taxable","12":"purchasable","13":"product-type-simple"},"_links":{"self":[{"href":"https:\/\/lastella.ee\/lv\/wp-json\/wp\/v2\/product\/9418","targetHints":{"allow":["GET"]}}],"collection":[{"href":"https:\/\/lastella.ee\/lv\/wp-json\/wp\/v2\/product"}],"about":[{"href":"https:\/\/lastella.ee\/lv\/wp-json\/wp\/v2\/types\/product"}],"replies":[{"embeddable":true,"href":"https:\/\/lastella.ee\/lv\/wp-json\/wp\/v2\/comments?post=9418"}],"wp:featuredmedia":[{"embeddable":true,"href":"https:\/\/lastella.ee\/lv\/wp-json\/wp\/v2\/media\/9656"}],"wp:attachment":[{"href":"https:\/\/lastella.ee\/lv\/wp-json\/wp\/v2\/media?parent=9418"}],"wp:term":[{"taxonomy":"product_brand","embeddable":true,"href":"https:\/\/lastella.ee\/lv\/wp-json\/wp\/v2\/product_brand?post=9418"},{"taxonomy":"product_cat","embeddable":true,"href":"https:\/\/lastella.ee\/lv\/wp-json\/wp\/v2\/product_cat?post=9418"},{"taxonomy":"product_tag","embeddable":true,"href":"https:\/\/lastella.ee\/lv\/wp-json\/wp\/v2\/product_tag?post=9418"}],"curies":[{"name":"wp","href":"https:\/\/api.w.org\/{rel}","templated":true}]}}