{"id":9383,"date":"2022-03-26T11:30:50","date_gmt":"2022-03-26T08:30:50","guid":{"rendered":"https:\/\/lastella.ee\/pood\/uncategorized\/pipete\/"},"modified":"2025-03-26T11:30:50","modified_gmt":"2025-03-26T08:30:50","slug":"pipete","status":"publish","type":"product","link":"https:\/\/lastella.ee\/lv\/pood\/zelejas-konfeksu-pulveri\/pipete\/","title":{"rendered":"Pipete"},"content":{"rendered":"","protected":false},"excerpt":{"rendered":"<p class=\"\" data-start=\"109\" data-end=\"128\"><span style=\"font-family: azosans;\"><strong data-start=\"109\" data-end=\"128\">Plastmasas pipete<\/strong><\/span><\/p>\n<p class=\"\" data-start=\"130\" data-end=\"339\"><span style=\"font-family: azosans;\">Pievieno papildu pipeti savam \u017eelejkonfek\u0161u komplektam, ja v\u0113lies, lai ar mais\u012bjumu vienlaikus var\u0113tu darboties divi b\u0113rni. Labi noder ar\u012b k\u0101 rezerves variants. Pipetes garums ir 11 cm, diametrs \u2013 1 cm.  <\/span><\/p>\n<p class=\"\" data-start=\"341\" data-end=\"482\"><span style=\"font-family: azosans;\">Pipete ir izgatavota no plastmasas un j\u0101mazg\u0101 ar rok\u0101m. Vislab\u0101k to izskalot zem karsta teko\u0161a \u016bdens t\u016bl\u012bt p\u0113c lieto\u0161anas. <\/span><\/p>\n<p class=\"\" data-start=\"484\" data-end=\"554\"><span style=\"font-family: azosans;\">\ud83d\udc49 <strong data-start=\"487\" data-end=\"554\" data-is-last-node=\"\">Pievieno grozam, lai darbo\u0161an\u0101s b\u016btu vienk\u0101r\u0161a, priec\u012bga un viegli dal\u0101ma!<\/strong><\/span><\/p>\n","protected":false},"featured_media":9384,"comment_status":"open","ping_status":"closed","template":"","meta":[],"product_brand":[],"product_cat":[99],"product_tag":[],"class_list":{"0":"post-9383","1":"product","2":"type-product","3":"status-publish","4":"has-post-thumbnail","6":"product_cat-zelejas-konfeksu-pulveri","8":"first","9":"instock","10":"taxable","11":"shipping-taxable","12":"purchasable","13":"product-type-simple"},"_links":{"self":[{"href":"https:\/\/lastella.ee\/lv\/wp-json\/wp\/v2\/product\/9383","targetHints":{"allow":["GET"]}}],"collection":[{"href":"https:\/\/lastella.ee\/lv\/wp-json\/wp\/v2\/product"}],"about":[{"href":"https:\/\/lastella.ee\/lv\/wp-json\/wp\/v2\/types\/product"}],"replies":[{"embeddable":true,"href":"https:\/\/lastella.ee\/lv\/wp-json\/wp\/v2\/comments?post=9383"}],"wp:featuredmedia":[{"embeddable":true,"href":"https:\/\/lastella.ee\/lv\/wp-json\/wp\/v2\/media\/9384"}],"wp:attachment":[{"href":"https:\/\/lastella.ee\/lv\/wp-json\/wp\/v2\/media?parent=9383"}],"wp:term":[{"taxonomy":"product_brand","embeddable":true,"href":"https:\/\/lastella.ee\/lv\/wp-json\/wp\/v2\/product_brand?post=9383"},{"taxonomy":"product_cat","embeddable":true,"href":"https:\/\/lastella.ee\/lv\/wp-json\/wp\/v2\/product_cat?post=9383"},{"taxonomy":"product_tag","embeddable":true,"href":"https:\/\/lastella.ee\/lv\/wp-json\/wp\/v2\/product_tag?post=9383"}],"curies":[{"name":"wp","href":"https:\/\/api.w.org\/{rel}","templated":true}]}}