{"id":7967,"date":"2022-04-22T22:48:55","date_gmt":"2022-04-22T19:48:55","guid":{"rendered":"https:\/\/lastella.ee\/pood\/maaratlemata\/zemenu-garsas-konfeksu-maisijums-50g\/"},"modified":"2026-04-13T21:45:23","modified_gmt":"2026-04-13T18:45:23","slug":"zemenu-garsas-konfeksu-maisijums-50g","status":"publish","type":"product","link":"https:\/\/lastella.ee\/lv\/pood\/zelejas-konfeksu-pulveri\/zemenu-garsas-konfeksu-maisijums-50g\/","title":{"rendered":"Dab\u012bgs \u017delejas Konfek\u0161u Pulveris ar Zeme\u0146u Gar\u0161u (50g)"},"content":{"rendered":"<p><span style=\"font-family: azosans; font-size: 23.04px;\">K\u0101 Izmantot \u017delejas Konfek\u0161u Pulveri?<\/span><\/p>\n<p><span style=\"font-weight: 400; font-family: azosans;\">Lai pagatavotu \u017eelejas konfektes, izmanto m\u016bsu konfek\u0161u pulveri un kop\u0101 ar b\u0113rnu p\u0101rv\u0113rt ikdienu vai sv\u0113tkus \u012bpa\u0161\u0101 un rado\u0161\u0101 piedz\u012bvojum\u0101.<\/span><\/p>\n<p><span style=\"font-family: azosans;\"><b>Idejas, kad pagatavot konfektes:<\/b><\/span><\/p>\n<ul>\n<li style=\"font-weight: 400;\" aria-level=\"1\"><span style=\"font-weight: 400; font-family: azosans;\">Pagatavo konfektes b\u0113rnu ball\u012bt\u0113m vai dzim\u0161anas dien\u0101m<\/span><\/li>\n<li style=\"font-weight: 400;\" aria-level=\"1\"><span style=\"font-weight: 400; font-family: azosans;\">Izmanto k\u0101 rado\u0161u aktivit\u0101ti lietain\u0101s dien\u0101s m\u0101j\u0101s<\/span><\/li>\n<li style=\"font-weight: 400;\" aria-level=\"1\"><span style=\"font-weight: 400; font-family: azosans;\">Pievieno konfektes d\u0101vanu komplektiem vai sv\u0113tku paci\u0146\u0101m<\/span><\/li>\n<li style=\"font-weight: 400;\" aria-level=\"1\"><span style=\"font-weight: 400; font-family: azosans;\">Veido tematiskas konfektes (Ziemassv\u0113tkiem, Lieldien\u0101m, ball\u012bt\u0113m)<\/span><\/li>\n<li style=\"font-weight: 400;\" aria-level=\"1\"><span style=\"font-weight: 400; font-family: azosans;\">Gatavo konfektes kop\u0101 ar b\u0113rniem k\u0101 kop\u012bgu \u0123imenes aktivit\u0101ti<\/span><\/li>\n<li style=\"font-weight: 400;\" aria-level=\"1\"><span style=\"font-weight: 400; font-family: azosans;\">Izmanto k\u0101 rado\u0161u nodarbi b\u0113rnud\u0101rzos vai skol\u0101s<\/span><\/li>\n<li style=\"font-weight: 400;\" aria-level=\"1\"><span style=\"font-weight: 400; font-family: azosans;\">P\u0101rsteidz viesus ar pa\u0161u gatavotiem saldumiem<\/span><\/li>\n<\/ul>\n<p><span style=\"font-weight: 400; font-family: azosans;\">Ar vienu produktu vari rad\u012bt ne tikai konfektes, bet ar\u012b pat\u012bkamas atmi\u0146as kop\u0101 ar \u0123imeni.<\/span><\/p>\n","protected":false},"excerpt":{"rendered":"<p><span style=\"font-family: azosans;\"><span style=\"font-weight: 400;\">Dab\u012bgs \u017eelejas konfek\u0161u pulveris ar zeme\u0146u gar\u0161u, kas \u013cauj viegli pagatavot gardas un kr\u0101sainas konfektes m\u0101jas apst\u0101k\u013cos. Gatav\u0101s konfektes ieg\u016bst <\/span><span style=\"font-weight: 400;\">spilgti sarkanu kr\u0101su<\/span><span style=\"font-weight: 400;\"> un pat\u012bkamu<\/span><span style=\"font-weight: 400;\"> zeme\u0146u<\/span><span style=\"font-weight: 400;\"> gar\u0161u.\u00a0<\/span><\/span><\/p>\n<p><span style=\"font-weight: 400; font-family: azosans;\">No 50 g pulvera iesp\u0113jams pagatavot l\u012bdz pat 50 konfekt\u0113m, izmantojot \u017eelejas konfek\u0161u formi\u0146as. Vislab\u0101kam rezult\u0101tam iesak\u0101m izmantot Lastella silikona veidnes, ta\u010du vari izmantot ar\u012b citas, ta\u010du tad konfek\u0161u skaits var at\u0161\u0137irties.<\/span><\/p>\n<p><span style=\"font-family: azosans;\"><span class=\"expiry-date-display\" style=\"font-family: 'azosans', sans-serif; font-weight: 400;\">Vislab\u0101k pirms: 31.12.2028<\/span><\/span><\/p>\n<h2><span style=\"font-weight: 400; font-family: azosans;\">K\u0101p\u0113c Izv\u0113l\u0113ties \u017delejas Konfek\u0161u Pulveri no Lastella?<\/span><\/h2>\n<ul>\n<li style=\"font-weight: 400;\" aria-level=\"1\"><span style=\"font-weight: 400; font-family: azosans;\">Vienk\u0101r\u0161a pagatavo\u0161ana, nepiecie\u0161ama minim\u0101la vec\u0101ku iesaiste<\/span><\/li>\n<li style=\"font-weight: 400;\" aria-level=\"1\"><span style=\"font-weight: 400; font-family: azosans;\">Dab\u012bgas sast\u0101vda\u013cas, pat\u012bkama gar\u0161a un kr\u0101sa bez liek\u0101m piedev\u0101m<\/span><\/li>\n<li style=\"font-weight: 400;\" aria-level=\"1\"><span style=\"font-weight: 400; font-family: azosans;\">Rado\u0161a nodarbe b\u0113rniem, kas att\u012bsta izt\u0113li un iesaista kop\u012bg\u0101s aktivit\u0101t\u0113s<\/span><\/li>\n<li style=\"font-weight: 400;\" aria-level=\"1\"><span style=\"font-weight: 400; font-family: azosans;\">No viena iepakojuma var pagatavot l\u012bdz 50 konfekt\u0113m<\/span><\/li>\n<li style=\"font-weight: 400;\" aria-level=\"1\"><span style=\"font-weight: 400; font-family: azosans;\">Piem\u0113rots b\u0113rniem no 4 gadu vecuma<\/span><\/li>\n<\/ul>\n","protected":false},"featured_media":7968,"comment_status":"closed","ping_status":"closed","template":"","meta":[],"product_brand":[],"product_cat":[99],"product_tag":[],"class_list":{"0":"post-7967","1":"product","2":"type-product","3":"status-publish","4":"has-post-thumbnail","6":"product_cat-zelejas-konfeksu-pulveri","8":"first","9":"instock","10":"taxable","11":"shipping-taxable","12":"purchasable","13":"product-type-simple"},"_links":{"self":[{"href":"https:\/\/lastella.ee\/lv\/wp-json\/wp\/v2\/product\/7967","targetHints":{"allow":["GET"]}}],"collection":[{"href":"https:\/\/lastella.ee\/lv\/wp-json\/wp\/v2\/product"}],"about":[{"href":"https:\/\/lastella.ee\/lv\/wp-json\/wp\/v2\/types\/product"}],"replies":[{"embeddable":true,"href":"https:\/\/lastella.ee\/lv\/wp-json\/wp\/v2\/comments?post=7967"}],"wp:featuredmedia":[{"embeddable":true,"href":"https:\/\/lastella.ee\/lv\/wp-json\/wp\/v2\/media\/7968"}],"wp:attachment":[{"href":"https:\/\/lastella.ee\/lv\/wp-json\/wp\/v2\/media?parent=7967"}],"wp:term":[{"taxonomy":"product_brand","embeddable":true,"href":"https:\/\/lastella.ee\/lv\/wp-json\/wp\/v2\/product_brand?post=7967"},{"taxonomy":"product_cat","embeddable":true,"href":"https:\/\/lastella.ee\/lv\/wp-json\/wp\/v2\/product_cat?post=7967"},{"taxonomy":"product_tag","embeddable":true,"href":"https:\/\/lastella.ee\/lv\/wp-json\/wp\/v2\/product_tag?post=7967"}],"curies":[{"name":"wp","href":"https:\/\/api.w.org\/{rel}","templated":true}]}}