{"id":12976,"date":"2026-02-01T21:41:47","date_gmt":"2026-02-01T18:41:47","guid":{"rendered":"https:\/\/lastella.ee\/?post_type=product&#038;p=12976"},"modified":"2026-04-30T15:24:34","modified_gmt":"2026-04-30T12:24:34","slug":"izveido-savu-unikalo-skrapejamo-loteriju","status":"publish","type":"product","link":"https:\/\/lastella.ee\/lv\/pood\/darbosanas-komplekti\/izveido-savu-unikalo-skrapejamo-loteriju\/","title":{"rendered":"Nokas\u0101m\u0101s Kart\u012btes B\u0113rniem, Pa\u0161u Veidota Momentloterija"},"content":{"rendered":"<h2><span style=\"font-family: azosans;\"><b>K\u0101 Izveidot Savu Skr\u0101p\u0113jamo Loteriju?\u00a0<\/b><\/span><\/h2>\n<p><span style=\"font-weight: 400; font-family: azosans;\">Lai izveidotu savu skr\u0101p\u0113jamo loteriju, ieg\u0101d\u0101jies Lastella nokas\u0101mo kart\u012b\u0161u komplektu. Ar komplekt\u0101 iek\u013cautajiem materi\u0101liem vari \u0101tri sagatavot personaliz\u0113tas loterijas bi\u013cetes jebkuram notikumam.<\/span><\/p>\n<p><span style=\"font-family: azosans;\"><b>K\u0101 soli pa solim izveidot personaliz\u0113tu momentloteriju:<\/b><\/span><\/p>\n<ol>\n<li style=\"font-weight: 400;\" aria-level=\"1\"><span style=\"font-weight: 400; font-family: azosans;\">Izv\u0113lies, k\u0101da b\u016bs loterija, vai t\u0101 b\u016bs balvu izloze, aktivit\u0101\u0161u sp\u0113le vai, piem\u0113ram, dzim\u0161anas dienas p\u0101rsteigums. Izdom\u0101 iesp\u0113jamos simbolus, skait\u013cus vai uzdevumus.<\/span><\/li>\n<li style=\"font-weight: 400;\" aria-level=\"1\"><span style=\"font-weight: 400; font-family: azosans;\">Uz bi\u013ce\u0161u pamatn\u0113m uzz\u012bm\u0113 vai uzraksti izv\u0113l\u0113tos simbolus, skait\u013cus vai balvas. Katrai bi\u013cetei vari pie\u0161\u0137irt at\u0161\u0137ir\u012bgu saturu.<\/span><\/li>\n<li style=\"font-weight: 400;\" aria-level=\"1\"><span style=\"font-weight: 400; font-family: azosans;\">P\u0101rkl\u0101j izv\u0113l\u0113tos laukumus ar nokas\u0101maj\u0101m uzl\u012bm\u0113m. T\u0101s nosl\u0113ps rezult\u0101tu l\u012bdz skr\u0101p\u0113\u0161anas br\u012bdim.<\/span><\/li>\n<li style=\"font-weight: 400;\" aria-level=\"1\"><span style=\"font-weight: 400; font-family: azosans;\">Izlem, k\u0101 sp\u0113l\u0113t\u0101ji var laim\u0113t, piem\u0113ram, ja sakr\u012bt simboli, skait\u013ci vai kr\u0101sas.<\/span><\/li>\n<li style=\"font-weight: 400;\" aria-level=\"1\"><span style=\"font-weight: 400; font-family: azosans;\">Izdali bi\u013cetes un izmanto mon\u0113tu, lai noskr\u0101p\u0113tu laukumus un atkl\u0101tu rezult\u0101tu.<\/span><\/li>\n<\/ol>\n<h2><span style=\"font-family: azosans;\"><strong>K\u0101 Darbojas Nokas\u0101m\u0101s Kart\u012btes?\u00a0<\/strong><\/span><\/h2>\n<p><span style=\"font-weight: 400; font-family: azosans;\">Skr\u0101p\u0113jam\u0101s uzl\u012bmes ir \u012bpa\u0161i izstr\u0101d\u0101tas, lai pasl\u0113ptu inform\u0101ciju l\u012bdz br\u012bdim, kad t\u0101 tiek atkl\u0101ta. T\u0101s darbojas l\u012bdz\u012bgi k\u0101 momentloterij\u0101s, kur zem uzl\u012bmes atrodas teksts, simbols vai balva, ko var redz\u0113t tikai p\u0113c noskr\u0101p\u0113\u0161anas.<\/span><\/p>\n<p><span style=\"font-weight: 400; font-family: azosans;\">Izmanto\u0161ana ir vienk\u0101r\u0161a:<\/span><\/p>\n<ul>\n<li style=\"font-weight: 400;\" aria-level=\"1\"><span style=\"font-weight: 400; font-family: azosans;\">uz bi\u013cetes uzraksti vai uzz\u012bm\u0113 rezult\u0101tu (piem\u0113ram, balvu vai simbolu)<\/span><\/li>\n<li style=\"font-weight: 400;\" aria-level=\"1\"><span style=\"font-weight: 400; font-family: azosans;\">p\u0101rkl\u0101j \u0161o laukumu ar skr\u0101p\u0113jamo uzl\u012bmi<\/span><\/li>\n<li style=\"font-weight: 400;\" aria-level=\"1\"><span style=\"font-weight: 400; font-family: azosans;\">sp\u0113l\u0113t\u0101js ar mon\u0113tu vai citu cietu priek\u0161metu noskr\u0101p\u0113 virsk\u0101rtu<\/span><\/li>\n<li style=\"font-weight: 400;\" aria-level=\"1\"><span style=\"font-weight: 400; font-family: azosans;\">atkl\u0101jas pasl\u0113ptais rezult\u0101ts<\/span><\/li>\n<\/ul>\n<p><span style=\"font-weight: 400; font-family: azosans;\">\u0160\u012bs uzl\u012bmes rada aizraujo\u0161u p\u0101rsteiguma efektu un padara sp\u0113li interesant\u0101ku gan b\u0113rniem, gan pieaugu\u0161ajiem.<\/span><\/p>\n<h3><span style=\"font-family: azosans;\"><strong>3 Idejas Pa\u0161u Gatavotai Skr\u0101p\u0113jamajai Loterijai\u00a0<\/strong><\/span><\/h3>\n<ol>\n<li style=\"font-weight: 400;\" aria-level=\"1\"><span style=\"font-family: azosans;\"><b>Aktivit\u0101\u0161u loterija<\/b><\/span><\/li>\n<\/ol>\n<p><span style=\"font-weight: 400; font-family: azosans;\">\u0160aj\u0101 sp\u0113les variant\u0101 uzvara noz\u012bm\u0113 jautru uzdevumu izpildi. Dal\u012bbniekam j\u0101veic k\u0101da aktivit\u0101te, piem\u0113ram, j\u0101dejo, j\u0101past\u0101sta joks vai j\u0101izpilda neliels izaicin\u0101jums. T\u0101 ir lieliska izv\u0113le ball\u012bt\u0113m un pas\u0101kumiem, kur svar\u012bg\u0101kais ir kop\u012bgs prieks un smiekli.<\/span><\/p>\n<ol>\n<li style=\"font-weight: 400;\" aria-level=\"1\"><span style=\"font-family: azosans;\"><b>D\u0101vanu loterija<\/b><\/span><\/li>\n<\/ol>\n<p><span style=\"font-weight: 400; font-family: azosans;\">Uzvaro\u0161\u0101 bi\u013cete dod iesp\u0113ju izv\u0113l\u0113ties balvu no sagatavotaj\u0101m d\u0101van\u0101m. Tas pie\u0161\u0137ir sp\u0113lei papildu azartu un p\u0101rsteiguma efektu gan laimesta sa\u0146em\u0161anas, gan d\u0101vanu atv\u0113r\u0161anas br\u012bd\u012b. Vari piel\u0101got balvas, no maz\u0101m simbolisk\u0101m l\u012bdz liel\u0101k\u0101m d\u0101van\u0101m.<\/span><\/p>\n<ol>\n<li style=\"font-weight: 400;\" aria-level=\"1\"><span style=\"font-family: azosans;\"><b>\u0122imenes loterija<\/b><\/span><\/li>\n<\/ol>\n<p><span style=\"font-weight: 400; font-family: azosans;\">\u0160\u012b ideja balst\u0101s uz kop\u0101 pavad\u012btu laiku. Balvas var b\u016bt da\u017e\u0101das aktivit\u0101tes, piem\u0113ram, kop\u012bga sp\u0113\u013cu vakara izv\u0113le, filmas skat\u012b\u0161an\u0101s vai \u012bpa\u0161as vakari\u0146as. Lieliski piem\u0113rota ilg\u0101kam laikam, jo bi\u013cetes var izmantot pak\u0101peniski vair\u0101kas dienas.<\/span><\/p>\n<p><span style=\"font-family: azosans;\"><a href=\"https:\/\/www.youtube.com\/watch?v=2ApsStGgz24\"><span style=\"font-weight: 400;\">Scratch off Lottery Game<\/span><\/a><span style=\"font-weight: 400;\">\u00a0<\/span><\/span><\/p>\n<h3><span style=\"font-family: azosans;\"><b>Da\u017e\u0101di Sp\u0113\u013cu Varianti, Ko Veidot Ar Nokas\u0101maj\u0101m Kart\u012bt\u0113m<\/b><\/span><\/h3>\n<p><span style=\"font-weight: 400; font-family: azosans;\">Komplekt\u0101 iek\u013cautaj\u0101 instrukcij\u0101 atrad\u012bsi vair\u0101kas sp\u0113les idejas:<\/span><\/p>\n<ul>\n<li style=\"font-weight: 400;\" aria-level=\"1\"><span style=\"font-weight: 400; font-family: azosans;\">balvu loto<\/span><\/li>\n<li style=\"font-weight: 400;\" aria-level=\"1\"><span style=\"font-weight: 400; font-family: azosans;\">skait\u013cu vai kr\u0101su sp\u0113les<\/span><\/li>\n<li style=\"font-weight: 400;\" aria-level=\"1\"><span style=\"font-weight: 400; font-family: azosans;\">dzim\u0161anas dienas bi\u013cetes<\/span><\/li>\n<li style=\"font-weight: 400;\" aria-level=\"1\"><span style=\"font-weight: 400; font-family: azosans;\">aktivit\u0101\u0161u un uzdevumu loto<\/span><\/li>\n<li style=\"font-weight: 400;\" aria-level=\"1\"><span style=\"font-weight: 400; font-family: azosans;\">\u0123imenes vai d\u0101vanu p\u0101rsteigumu sp\u0113les<\/span><\/li>\n<\/ul>\n<p><span style=\"font-family: azosans;\"><span style=\"font-weight: 400;\">\ud83d\udca1 Ja nev\u0113lies veidot balvu lapu pa\u0161roc\u012bgi, vari lejupiel\u0101d\u0113t un izdruk\u0101t gatavu balvu lapas veidni no pievienot\u0101s <\/span><a href=\"https:\/\/lastella.ee\/lv\/veikals\/digitalie-produkti-un-instrukcijas\/\"><span style=\"font-weight: 400;\">saites<\/span><\/a><span style=\"font-weight: 400;\">.<\/span><\/span><\/p>\n<p><span style=\"font-family: azosans;\"><b>Ieteicamais vecums<\/b><\/span><\/p>\n<p><span style=\"font-family: azosans;\"><span style=\"font-weight: 400;\">Piem\u0113rots b\u0113rniem no <\/span><b>6 gadu vecuma<\/b><span style=\"font-weight: 400;\">. Jaun\u0101kiem b\u0113rniem b\u016bs nepiecie\u0161ama liel\u0101ka pieaugu\u0161o pal\u012bdz\u012bba.<\/span><\/span><\/p>\n<p><span style=\"font-family: azosans;\"><b>Br\u012bdin\u0101jumi<\/b><\/span><\/p>\n<p><span style=\"font-weight: 400; font-family: azosans;\">Nav piem\u0113rots b\u0113rniem l\u012bdz 3 gadu vecumam. Satur s\u012bkas deta\u013cas un past\u0101v aizr\u012b\u0161an\u0101s risks. Lietot pieaugu\u0161o uzraudz\u012bb\u0101.<\/span><\/p>\n","protected":false},"excerpt":{"rendered":"<div class=\"flex flex-col text-sm pb-25\">\n<article class=\"text-token-text-primary w-full focus:outline-none [--shadow-height:45px] has-data-writing-block:pointer-events-none has-data-writing-block:-mt-(--shadow-height) has-data-writing-block:pt-(--shadow-height) [&amp;:has([data-writing-block])&gt;*]:pointer-events-auto scroll-mt-[calc(var(--header-height)+min(200px,max(70px,20svh)))]\" dir=\"auto\" tabindex=\"-1\" data-turn-id=\"request-699064ba-bd50-8385-ad4c-0993d293292b-0\" data-testid=\"conversation-turn-30\" data-scroll-anchor=\"true\" data-turn=\"assistant\">\n<div class=\"text-base my-auto mx-auto pb-10 [--thread-content-margin:--spacing(4)] @w-sm\/main:[--thread-content-margin:--spacing(6)] @w-lg\/main:[--thread-content-margin:--spacing(16)] px-(--thread-content-margin)\">\n<div class=\"[--thread-content-max-width:40rem] @w-lg\/main:[--thread-content-max-width:48rem] mx-auto max-w-(--thread-content-max-width) flex-1 group\/turn-messages focus-visible:outline-hidden relative flex w-full min-w-0 flex-col agent-turn\" tabindex=\"-1\">\n<div class=\"flex max-w-full flex-col grow\">\n<div class=\"min-h-8 text-message relative flex w-full flex-col items-end gap-2 text-start break-words whitespace-normal [.text-message+&amp;]:mt-1\" dir=\"auto\" data-message-author-role=\"assistant\" data-message-id=\"8e9f46c3-ce31-49bf-becd-61c1cc26f157\" data-message-model-slug=\"gpt-5-2\">\n<div class=\"flex w-full flex-col gap-1 empty:hidden first:pt-[1px]\">\n<div class=\"markdown prose dark:prose-invert w-full wrap-break-word light markdown-new-styling\">\n<p><span style=\"font-weight: 400;\">Nokas\u0101m\u0101s kart\u012btes b\u0113rniem, vienk\u0101r\u0161s veids, k\u0101 izveidot savas unik\u0101l\u0101s loterijas bi\u013cetes.\u00a0<\/span><\/p>\n<h2>Komplekt\u0101 ietilpst<\/h2>\n<ul>\n<li style=\"font-weight: 400;\" aria-level=\"1\"><span style=\"font-weight: 400;\">Loterijas bi\u013ce\u0161u pamatnes (izv\u0113le: 10, 20, 30 vai 40 gab.)<\/span><\/li>\n<li style=\"font-weight: 400;\" aria-level=\"1\"><span style=\"font-weight: 400;\">No\u0146emam\u0101s nokas\u0101m\u0101s uzl\u012bmes (9 uzl\u012bmes katrai bi\u013cetei)<\/span><\/li>\n<li style=\"font-weight: 400;\" aria-level=\"1\"><span style=\"font-weight: 400;\">Detaliz\u0113ta instrukcija ar sp\u0113\u013cu variantiem (ang\u013cu valod\u0101)<\/span><\/li>\n<\/ul>\n<h2>Izveido Savu Momentloteriju<\/h2>\n<p><span style=\"font-weight: 400;\">Ar \u0161o rado\u0161o komplektu tu vari izveidot piln\u012bb\u0101 personaliz\u0113tu skr\u0101p\u0113jamo loteriju. Katru bi\u013ceti iesp\u0113jams piel\u0101got ar att\u0113liem, cipariem vai tekstu, radot unik\u0101lu sp\u0113les pieredzi.<\/span><\/p>\n<p><span style=\"font-weight: 400;\">Nokas\u0101m\u0101s uzl\u012bmes pie\u0161\u0137ir \u012bpa\u0161u p\u0101rsteiguma saj\u016btu. Rezult\u0101ts k\u013c\u016bst zin\u0101ms tikai tad, kad bi\u013cete tiek noskr\u0101p\u0113ta.<\/span><\/p>\n<p><b>\u2728 Pievieno grozam un izveido savu unik\u0101lo momentloteriju, kas sag\u0101d\u0101s prieku ikvienam!<\/b><\/p>\n<\/div>\n<\/div>\n<\/div>\n<\/div>\n<\/div>\n<\/div>\n<\/article>\n<\/div>\n","protected":false},"featured_media":10753,"comment_status":"open","ping_status":"closed","template":"","meta":[],"product_brand":[],"product_cat":[98],"product_tag":[],"class_list":{"0":"post-12976","1":"product","2":"type-product","3":"status-publish","4":"has-post-thumbnail","6":"product_cat-darbosanas-komplekti","8":"first","9":"instock","10":"taxable","11":"shipping-taxable","12":"purchasable","13":"product-type-variable"},"_links":{"self":[{"href":"https:\/\/lastella.ee\/lv\/wp-json\/wp\/v2\/product\/12976","targetHints":{"allow":["GET"]}}],"collection":[{"href":"https:\/\/lastella.ee\/lv\/wp-json\/wp\/v2\/product"}],"about":[{"href":"https:\/\/lastella.ee\/lv\/wp-json\/wp\/v2\/types\/product"}],"replies":[{"embeddable":true,"href":"https:\/\/lastella.ee\/lv\/wp-json\/wp\/v2\/comments?post=12976"}],"wp:featuredmedia":[{"embeddable":true,"href":"https:\/\/lastella.ee\/lv\/wp-json\/wp\/v2\/media\/10753"}],"wp:attachment":[{"href":"https:\/\/lastella.ee\/lv\/wp-json\/wp\/v2\/media?parent=12976"}],"wp:term":[{"taxonomy":"product_brand","embeddable":true,"href":"https:\/\/lastella.ee\/lv\/wp-json\/wp\/v2\/product_brand?post=12976"},{"taxonomy":"product_cat","embeddable":true,"href":"https:\/\/lastella.ee\/lv\/wp-json\/wp\/v2\/product_cat?post=12976"},{"taxonomy":"product_tag","embeddable":true,"href":"https:\/\/lastella.ee\/lv\/wp-json\/wp\/v2\/product_tag?post=12976"}],"curies":[{"name":"wp","href":"https:\/\/api.w.org\/{rel}","templated":true}]}}