{"id":12975,"date":"2025-01-20T19:05:30","date_gmt":"2025-01-20T16:05:30","guid":{"rendered":"https:\/\/lastella.ee\/?post_type=product&#038;p=12975"},"modified":"2026-04-30T15:18:57","modified_gmt":"2026-04-30T12:18:57","slug":"zeltitu-ciekuru-rotajumu-komplekts","status":"publish","type":"product","link":"https:\/\/lastella.ee\/lv\/pood\/darbosanas-komplekti\/zeltitu-ciekuru-rotajumu-komplekts\/","title":{"rendered":"Egl\u012btes Rot\u0101jumu Pagatavo\u0161anas Komplekts, Zelta \u010ciekurs"},"content":{"rendered":"<h2><span style=\"font-weight: 400; font-family: azosans;\">K\u0101 Izveidot Pa\u0161am Savas Ziemassv\u0113tku Egl\u012btes Rot\u0101jumus?\u00a0<\/span><\/h2>\n<p><span style=\"font-weight: 400; font-family: azosans;\">Skaties video k\u0101 pagatavot pa\u0161am savus ziemassv\u0113tku egl\u012btes rot\u0101jumus:\u00a0<\/span><\/p>\n<p><span style=\"font-family: azosans;\"><a href=\"https:\/\/www.youtube.com\/watch?v=Ns1OJQx4Yew\"><span style=\"font-weight: 400;\">Lastella DIY Christmas Ornament Crafting<\/span><\/a><span style=\"font-weight: 400;\">\u00a0<\/span><\/span><\/p>\n<p><span style=\"font-family: azosans;\"><span style=\"font-weight: 400;\">Ieg\u0101d\u0101joties \u0161o rokdarbu komplektu, <\/span><b>b\u0113rns ne tikai rad\u012bs skaistus rot\u0101jumus, bet ar\u012b att\u012bst\u012bs s\u012bko motoriku, paciet\u012bbu un precizit\u0101ti<\/b><span style=\"font-weight: 400;\">. Komplekts ir lieliski piem\u0113rots gan skolas vecuma b\u0113rniem, gan pieaugu\u0161ajiem, kuri nov\u0113rt\u0113 r\u016bp\u012bgu un rado\u0161u darbo\u0161anos.<\/span><\/span><\/p>\n<p><span style=\"font-family: azosans;\"><b>Rezult\u0101ts<\/b><\/span><\/p>\n<p><span style=\"font-weight: 400; font-family: azosans;\">Izveido 4 mirdzo\u0161us zelta \u010diekurus, kurus var:<\/span><\/p>\n<ul>\n<li style=\"font-weight: 400;\" aria-level=\"1\"><span style=\"font-weight: 400; font-family: azosans;\">iek\u0101rt Ziemassv\u0113tku egl\u012bt\u0113<\/span><\/li>\n<li style=\"font-weight: 400;\" aria-level=\"1\"><span style=\"font-weight: 400; font-family: azosans;\">izmantot k\u0101 sv\u0113tku dekoru<\/span><\/li>\n<li style=\"font-weight: 400;\" aria-level=\"1\"><span style=\"font-weight: 400; font-family: azosans;\">pievienot d\u0101vanu noform\u0113jumam<\/span><\/li>\n<\/ul>\n<p><span style=\"font-family: azosans;\"><b>Nor\u0101des<\/b><\/span><\/p>\n<p><span style=\"font-family: azosans;\"><span style=\"font-weight: 400;\">Komplekt\u0101 iek\u013cauta druk\u0101ta instrukcija, k\u0101 ar\u012b QR kods ar video pam\u0101c\u012bbu, kas soli pa solim par\u0101da rot\u0101jumu izgatavo\u0161anas procesu. Ir pieejama instrukcija ar\u012b digit\u0101l\u0101 form\u0101t\u0101 <\/span><a href=\"https:\/\/lastella.ee\/lv\/veikals\/digitalie-produkti-un-instrukcijas\/\"><span style=\"font-weight: 400;\">\u0161eit<\/span><\/a><span style=\"font-weight: 400;\">.\u00a0<\/span><\/span><\/p>\n<p><span style=\"font-family: azosans;\"><b>Ieteicamais vecums<\/b><\/span><\/p>\n<p><span style=\"font-family: azosans;\"><span style=\"font-weight: 400;\">Piem\u0113rots b\u0113rniem no <\/span><b>8 gadu vecuma<\/b><span style=\"font-weight: 400;\">. Jaun\u0101kiem b\u0113rniem nepiecie\u0161ama pieaugu\u0161o uzraudz\u012bba.<\/span><\/span><\/p>\n<p><span style=\"font-weight: 400; font-family: azosans;\">Jaun\u0101ki b\u0113rni var br\u012bvi eksperiment\u0113t un veidot savus unik\u0101los rot\u0101jumus bez stingras instrukciju iev\u0113ro\u0161anas \u2013 katrs rezult\u0101ts b\u016bs \u012bpa\u0161s un neatk\u0101rtojams.<\/span><\/p>\n<p><span style=\"font-family: azosans;\"><b>Br\u012bdin\u0101jumi<\/b><\/span><\/p>\n<p><span style=\"font-weight: 400; font-family: azosans;\">Nav piem\u0113rots b\u0113rniem l\u012bdz 3 gadu vecumam. Satur s\u012bkas deta\u013cas un past\u0101v aizr\u012b\u0161an\u0101s risks. Lietot pieaugu\u0161o uzraudz\u012bb\u0101.<\/span><\/p>\n","protected":false},"excerpt":{"rendered":"<h2><span style=\"font-family: azosans;\">\u00a0Komplekt\u0101 Ietilpst<\/span><\/h2>\n<ul>\n<li style=\"font-weight: 400;\" aria-level=\"1\"><span style=\"font-weight: 400; font-family: azosans;\">4 putu bumbi\u0146as (diametrs 5,5 cm)<\/span><\/li>\n<li style=\"font-weight: 400;\" aria-level=\"1\"><span style=\"font-weight: 400; font-family: azosans;\">400 l\u012bm\u0113jo\u0161ie punkti\u0146i<\/span><\/li>\n<li style=\"font-weight: 400;\" aria-level=\"1\"><span style=\"font-weight: 400; font-family: azosans;\">400 zelta pap\u012bra apl\u012b\u0161i<\/span><\/li>\n<li style=\"font-weight: 400;\" aria-level=\"1\"><span style=\"font-weight: 400; font-family: azosans;\">4 piekarin\u0101m\u0101s cilpi\u0146as<\/span><\/li>\n<li style=\"font-weight: 400;\" aria-level=\"1\"><span style=\"font-weight: 400; font-family: azosans;\">4 piekarin\u0101m\u0101s aukli\u0146as<\/span><\/li>\n<li style=\"font-weight: 400;\" aria-level=\"1\"><span style=\"font-weight: 400; font-family: azosans;\">darba instrukcija (ang\u013cu valod\u0101)<\/span><\/li>\n<\/ul>\n<h2><span style=\"font-family: azosans;\">Mirdzo\u0161s akcents Tavai Ziemassv\u0113tku Egl\u012btei<\/span><\/h2>\n<p><span style=\"font-family: azosans;\"><span style=\"font-weight: 400;\">Ar \u0161o rado\u0161o komplektu iesp\u0113jams izgatavot <\/span><b>4 zelt\u012btus \u010diekurveida egl\u012btes rot\u0101jumus<\/b><span style=\"font-weight: 400;\">, kas pie\u0161\u0137irs sv\u0113tku noska\u0146u jebkurai telpai. Gatavos rot\u0101jumus var iek\u0101rt egl\u012bt\u0113, izmantot dekorat\u012bvos zaros vai sv\u0113tku interjera noform\u0113jum\u0101.<\/span><\/span><\/p>\n<p><span style=\"font-weight: 400; font-family: azosans;\">\u2728 <strong>Pievieno grozam un izveido mirdzo\u0161us zelta \u010diekurus, kas pie\u0161\u0137irs Tavai m\u0101jai sv\u0113tku burv\u012bbu!<\/strong><\/span><\/p>\n","protected":false},"featured_media":8010,"comment_status":"open","ping_status":"closed","template":"","meta":[],"product_brand":[],"product_cat":[98],"product_tag":[],"class_list":{"0":"post-12975","1":"product","2":"type-product","3":"status-publish","4":"has-post-thumbnail","6":"product_cat-darbosanas-komplekti","8":"first","9":"instock","10":"taxable","11":"shipping-taxable","12":"purchasable","13":"product-type-simple"},"_links":{"self":[{"href":"https:\/\/lastella.ee\/lv\/wp-json\/wp\/v2\/product\/12975","targetHints":{"allow":["GET"]}}],"collection":[{"href":"https:\/\/lastella.ee\/lv\/wp-json\/wp\/v2\/product"}],"about":[{"href":"https:\/\/lastella.ee\/lv\/wp-json\/wp\/v2\/types\/product"}],"replies":[{"embeddable":true,"href":"https:\/\/lastella.ee\/lv\/wp-json\/wp\/v2\/comments?post=12975"}],"wp:featuredmedia":[{"embeddable":true,"href":"https:\/\/lastella.ee\/lv\/wp-json\/wp\/v2\/media\/8010"}],"wp:attachment":[{"href":"https:\/\/lastella.ee\/lv\/wp-json\/wp\/v2\/media?parent=12975"}],"wp:term":[{"taxonomy":"product_brand","embeddable":true,"href":"https:\/\/lastella.ee\/lv\/wp-json\/wp\/v2\/product_brand?post=12975"},{"taxonomy":"product_cat","embeddable":true,"href":"https:\/\/lastella.ee\/lv\/wp-json\/wp\/v2\/product_cat?post=12975"},{"taxonomy":"product_tag","embeddable":true,"href":"https:\/\/lastella.ee\/lv\/wp-json\/wp\/v2\/product_tag?post=12975"}],"curies":[{"name":"wp","href":"https:\/\/api.w.org\/{rel}","templated":true}]}}