{"id":12974,"date":"2025-01-20T18:52:44","date_gmt":"2025-01-20T15:52:44","guid":{"rendered":"https:\/\/lastella.ee\/?post_type=product&#038;p=12974"},"modified":"2026-02-21T13:30:10","modified_gmt":"2026-02-21T10:30:10","slug":"sudrabotu-ciekuru-rotajumu-komplekts","status":"publish","type":"product","link":"https:\/\/lastella.ee\/lv\/pood\/darbosanas-komplekti\/sudrabotu-ciekuru-rotajumu-komplekts\/","title":{"rendered":"Sudrabotu \u010diekuru rot\u0101jumu komplekts"},"content":{"rendered":"<p><span style=\"font-family: azosans;\"><strong>Ziemassv\u0113tku rot\u0101jumu veido\u0161anas komplekts<\/strong><\/span><\/p>\n<p><span style=\"font-family: azosans;\"><strong>Rezult\u0101ts<\/strong>: Izveidojiet 4 mirdzo\u0161us \u010diekurveida Ziemassv\u0113tku rot\u0101jumus. \u0160os skaistos rot\u0101jumus var iek\u0101rt Ziemassv\u0113tku egl\u012bt\u0113 vai dekorat\u012bv\u0101 zar\u0101. <\/span><\/p>\n<p><span style=\"font-family: azosans;\"><strong>Prasmju att\u012bst\u012bba<\/strong>: \u0160o rot\u0101jumu izgatavo\u0161anai nepiecie\u0161ama laba roku veikl\u012bba, t\u0101p\u0113c komplektu iesak\u0101m no 8 gadu vecuma. Lieliski piem\u0113rots ar\u012b pieaugu\u0161ajiem, kuriem pat\u012bk detaliz\u0113ti rokdarbi. Maz\u0101ki b\u0113rni var br\u012bvi izpaust savu rado\u0161umu bez instrukcij\u0101m, veidojot unik\u0101lus un mirdzo\u0161us rot\u0101jumus, kas, kaut ar\u012b ne vienm\u0113r perfekti, ir pat\u012bkami savdab\u012bgi.<\/span><\/p>\n<p><span style=\"font-family: azosans;\"><strong>Nor\u0101des<\/strong>: Iepakojum\u0101 atrad\u012bsiet QR kodu, kas ved uz video pam\u0101c\u012bbu, kur\u0101 sniegti skaidri nor\u0101d\u012bjumi, k\u0101 izveidot \u0161os \u010diekuriem l\u012bdz\u012bgos rot\u0101jumus.<\/span><\/p>\n<p><span style=\"font-family: azosans;\"><strong>Komplekt\u0101 ietilpst:<\/strong><\/span><\/p>\n<ul>\n<li style=\"font-weight: 400;\" aria-level=\"1\"><span style=\"font-family: azosans;\">4 putu bumbi\u0146as (diametrs 2.2 collas\/5.5 cm)<\/span><\/li>\n<li style=\"font-weight: 400;\" aria-level=\"1\"><span style=\"font-family: azosans;\">400 l\u012bm\u0113jo\u0161ie punkti\u0146i<\/span><\/li>\n<li style=\"font-weight: 400;\" aria-level=\"1\"><span style=\"font-family: azosans;\">400 sudraba pap\u012bra apl\u012b\u0161i<\/span><\/li>\n<li aria-level=\"1\"><span style=\"font-family: azosans;\">4 piekarin\u0101m\u0101s cilpi\u0146as<\/span><\/li>\n<li aria-level=\"1\"><span style=\"font-family: azosans;\">4 piekarin\u0101m\u0101s aukli\u0146as<\/span><\/li>\n<li aria-level=\"1\"><span style=\"font-family: azosans;\">Darbo\u0161an\u0101s instrukcijas (ang\u013cu valod\u0101)<\/span><\/li>\n<\/ul>\n<p><span style=\"font-family: azosans;\">\u0160is komplekts ir lieliska d\u0101vana gan rokdarbus m\u012blo\u0161iem b\u0113rniem, gan pieaugu\u0161ajiem.<br \/>\n<\/span><\/p>\n<p><span style=\"font-family: azosans;\"><strong>Br\u012bdin\u0101jumi: <\/strong><\/span><span style=\"font-family: azosans;\">Nav piem\u0113rots b\u0113rniem l\u012bdz 3 gadu vecumam. Aizr\u012b\u0161an\u0101s risks \u2013 mazas deta\u013cas var nor\u012bt vai ieelpot.<\/span><\/p>\n<p>\ud83d\udc49<strong> Pievieno grozam un d\u0101v\u0101 rad\u012b\u0161anas prieku un sv\u0113tku mirdzumu!<\/strong><\/p>\n","protected":false},"excerpt":{"rendered":"<p><span style=\"font-family: azosans;\">Komplekt\u0101 ietilpst:<\/span><\/p>\n<ul>\n<li style=\"font-weight: 400;\" aria-level=\"1\"><span style=\"font-family: azosans;\">4 putu bumbi\u0146as (diametrs 2.2 collas\/5.5 cm)<\/span><\/li>\n<li style=\"font-weight: 400;\" aria-level=\"1\"><span style=\"font-family: azosans;\">400 l\u012bm\u0113jo\u0161ie punkti\u0146i<\/span><\/li>\n<li style=\"font-weight: 400;\" aria-level=\"1\"><span style=\"font-family: azosans;\">400 sudraba pap\u012bra apl\u012b\u0161i<\/span><\/li>\n<li aria-level=\"1\"><span style=\"font-family: azosans;\">4 piekarin\u0101m\u0101s cilpi\u0146as<\/span><\/li>\n<li aria-level=\"1\"><span style=\"font-family: azosans;\">4 piekarin\u0101m\u0101s aukli\u0146as<\/span><\/li>\n<li aria-level=\"1\"><span style=\"font-family: azosans;\">Darbo\u0161an\u0101s instrukcijas (ang\u013cu valod\u0101)<\/span><\/li>\n<\/ul>\n<p><span style=\"font-family: azosans;\"><strong>Mirdzo\u0161s akcents Tav\u0101m m\u0101j\u0101m<br \/>\n<\/strong>\u0160is komplekts ne tikai izdai\u013co telpu, bet ar\u012b att\u012bsta s\u012bko motoriku un paciet\u012bbu. Piem\u0113rots gan skolas vecuma b\u0113rniem, gan pieaugu\u0161ajiem, kuriem pat\u012bk rado\u0161i darboties. Maz\u0101ki b\u0113rni var br\u012bvi izpaust savu rado\u0161umu bez instrukcij\u0101m, veidojot unik\u0101lus un mirdzo\u0161us rot\u0101jumus, kas, kaut ar\u012b ne vienm\u0113r perfekti, ir pat\u012bkami savdab\u012bgi.<\/span><\/p>\n<p>\ud83d\udc49<strong> Pievieno grozam un d\u0101v\u0101 rad\u012b\u0161anas prieku un sv\u0113tku mirdzumu!<\/strong><\/p>\n","protected":false},"featured_media":8010,"comment_status":"open","ping_status":"closed","template":"","meta":[],"product_brand":[],"product_cat":[98],"product_tag":[],"class_list":{"0":"post-12974","1":"product","2":"type-product","3":"status-publish","4":"has-post-thumbnail","6":"product_cat-darbosanas-komplekti","8":"first","9":"instock","10":"taxable","11":"shipping-taxable","12":"purchasable","13":"product-type-simple"},"_links":{"self":[{"href":"https:\/\/lastella.ee\/lv\/wp-json\/wp\/v2\/product\/12974","targetHints":{"allow":["GET"]}}],"collection":[{"href":"https:\/\/lastella.ee\/lv\/wp-json\/wp\/v2\/product"}],"about":[{"href":"https:\/\/lastella.ee\/lv\/wp-json\/wp\/v2\/types\/product"}],"replies":[{"embeddable":true,"href":"https:\/\/lastella.ee\/lv\/wp-json\/wp\/v2\/comments?post=12974"}],"wp:featuredmedia":[{"embeddable":true,"href":"https:\/\/lastella.ee\/lv\/wp-json\/wp\/v2\/media\/8010"}],"wp:attachment":[{"href":"https:\/\/lastella.ee\/lv\/wp-json\/wp\/v2\/media?parent=12974"}],"wp:term":[{"taxonomy":"product_brand","embeddable":true,"href":"https:\/\/lastella.ee\/lv\/wp-json\/wp\/v2\/product_brand?post=12974"},{"taxonomy":"product_cat","embeddable":true,"href":"https:\/\/lastella.ee\/lv\/wp-json\/wp\/v2\/product_cat?post=12974"},{"taxonomy":"product_tag","embeddable":true,"href":"https:\/\/lastella.ee\/lv\/wp-json\/wp\/v2\/product_tag?post=12974"}],"curies":[{"name":"wp","href":"https:\/\/api.w.org\/{rel}","templated":true}]}}