{"id":12848,"date":"2026-02-14T07:01:18","date_gmt":"2026-02-14T04:01:18","guid":{"rendered":"https:\/\/lastella.ee\/?post_type=product&#038;p=12848"},"modified":"2026-04-15T18:52:47","modified_gmt":"2026-04-15T15:52:47","slug":"izveido-pats-savu-saldejumu-zila-krasa","status":"publish","type":"product","link":"https:\/\/lastella.ee\/lv\/pood\/darbosanas-komplekti\/izveido-pats-savu-saldejumu-zila-krasa\/","title":{"rendered":"Sald\u0113juma Forma un Melle\u0146u-Dz\u0113rve\u0146u Sald\u0113juma Pulveris"},"content":{"rendered":"<h2><strong><span style=\"font-family: azosans;\">Produkta \u012apa\u0161\u012bbas<\/span><\/strong><\/h2>\n<ul>\n<li style=\"font-weight: 400;\" aria-level=\"1\"><span style=\"font-weight: 400; font-family: azosans;\">Augstas kvalit\u0101tes dzeltena silikona forma, kas neuzs\u016bc smakas, ir viegli kopjama un paredz\u0113ta atk\u0101rtotai lieto\u0161anai.<\/span><\/li>\n<li style=\"font-weight: 400;\" aria-level=\"1\"><span style=\"font-weight: 400; font-family: azosans;\">Silikona forma ir lokana, viegli uzglab\u0101jama un vienm\u0113r atg\u016bst savu s\u0101kotn\u0113jo formu.<\/span><\/li>\n<li style=\"font-weight: 400;\" aria-level=\"1\"><span style=\"font-weight: 400; font-family: azosans;\">Komplekt\u0101 iek\u013cautais melle\u0146u-dz\u0113rve\u0146u pulveris satur tikai dab\u012bgas kr\u0101svielas (betan\u012bnu) un aromatiz\u0113t\u0101jus.<\/span><\/li>\n<li style=\"font-weight: 400;\" aria-level=\"1\"><span style=\"font-weight: 400; font-family: azosans;\">Komplekt\u0101 eso\u0161ais sast\u0101vda\u013cu daudzums paredz\u0113ts 6 sald\u0113juma porciju pagatavo\u0161anai.<\/span><\/li>\n<li style=\"font-weight: 400;\" aria-level=\"1\"><span style=\"font-weight: 400; font-family: azosans;\">Piem\u0113rots b\u0113rniem no 4 gadu vecuma; maz\u0101kiem b\u0113rniem nepiecie\u0161ama pieaugu\u0161o pal\u012bdz\u012bba.<\/span><\/li>\n<li style=\"font-weight: 400;\" aria-level=\"1\"><span style=\"font-weight: 400; font-family: azosans;\">Viegli saprotamas soli pa solim instrukcijas vair\u0101k\u0101s valod\u0101s (LV, EN, RU, EE, LT, DE).<\/span><\/li>\n<li style=\"font-weight: 400;\" aria-level=\"1\"><span style=\"font-weight: 400; font-family: azosans;\">Ide\u0101li piem\u0113rots rado\u0161\u0101m aktivit\u0101t\u0113m un \u0123imenes kop\u0101 b\u016b\u0161anai, k\u0101 ar\u012b k\u0101 ori\u0123in\u0101la d\u0101vana dzim\u0161anas dien\u0101s vai Ziemassv\u0113tkos.<\/span><\/li>\n<\/ul>\n<p><span style=\"font-family: azosans;\"><b>Dro\u0161\u012bbas br\u012bdin\u0101jums: <\/b><span style=\"font-weight: 400;\">Satur s\u012bkas deta\u013cas (aizr\u012b\u0161an\u0101s risks), nav piem\u0113rots b\u0113rniem l\u012bdz 3 gadu vecumam. Lietot pieaugu\u0161o uzraudz\u012bb\u0101.<\/span><\/span><\/p>\n<h2><strong><span style=\"font-family: azosans;\">K\u0101 Pagatavot Sald\u0113jumu Bez \u012apa\u0161\u0101m Ier\u012bc\u0113m?\u00a0<\/span><\/strong><\/h2>\n<p><span style=\"font-weight: 400; font-family: azosans;\">Lai pagatavotu sald\u0113jumu m\u0101j\u0101s bez \u012bpa\u0161\u0101m ier\u012bc\u0113m, izmanto Lastella sald\u0113juma pagatavo\u0161anas komplektu, kur\u0101 iek\u013cauta silikona forma un melle\u0146u-dz\u0113rve\u0146u pulveris.<\/span><\/p>\n<p><span style=\"font-family: azosans;\"><b>Vienk\u0101r\u0161i so\u013ci:<\/b><\/span><\/p>\n<ol>\n<li style=\"font-weight: 400;\" aria-level=\"1\"><span style=\"font-weight: 400; font-family: azosans;\">Trauk\u0101 sajauc 2 \u0113damkarotes sald\u0113juma pulvera ar 190 g dab\u012bg\u0101 jogurta vai 1 \u0113damkaroti pulvera ar 120 g saputota sald\u0101 kr\u0113juma.<\/span><\/li>\n<li style=\"font-weight: 400;\" aria-level=\"1\"><span style=\"font-weight: 400; font-family: azosans;\">Ielej sagatavoto masu silikona sald\u0113juma form\u0101.<\/span><\/li>\n<li style=\"font-weight: 400;\" aria-level=\"1\"><span style=\"font-weight: 400; font-family: azosans;\">Ievieto atk\u0101rtoti lietojamos koci\u0146us.<\/span><\/li>\n<li style=\"font-weight: 400;\" aria-level=\"1\"><span style=\"font-weight: 400; font-family: azosans;\">Novieto formu sald\u0113tav\u0101 uz 3\u20134 stund\u0101m.<\/span><\/li>\n<\/ol>\n<p><span style=\"font-weight: 400; font-family: azosans;\">\u0160\u0101di vari \u0101tri un vienk\u0101r\u0161i pagatavot gardu sald\u0113jumu m\u0101jas apst\u0101k\u013cos bez speci\u0101las tehnikas.<\/span><\/p>\n<p><span style=\"font-family: azosans;\"><span style=\"font-weight: 400;\">Skaties video, k\u0101 top sald\u0113jums m\u0101jas apst\u0101k\u013cos ar Lastella sald\u0113juma komplektu.<\/span><span style=\"font-weight: 400;\"><br \/>\n<\/span><a style=\"color: #34bacf; text-decoration: underline;\" href=\"https:\/\/www.youtube.com\/watch?v=i0S6rztqv4c&amp;t=1s\"><span style=\"font-weight: 400;\">Make Your Own Ice Cream Set<\/span><\/a><\/span><\/p>\n<p><span style=\"font-family: azosans;\"><b>Izm\u0113\u0123ini m\u016bsu iecien\u012bt\u0101k\u0101s <\/b><a style=\"color: #34bacf; text-decoration: underline;\" href=\"https:\/\/lastella.ee\/lv\/pagatavo-pats-savu-saldejumu-saldejuma-receptes\/\"><b>sald\u0113juma receptes<\/b><\/a><b> un izmanto silikona formu atk\u0101rtoti!<\/b><\/span><\/p>\n","protected":false},"excerpt":{"rendered":"<p><span style=\"font-weight: 400; font-family: azosans;\">Silikona sald\u0113juma forma un melle\u0146u-dz\u0113rve\u0146u pulveris, ar kuru var pagatavot sald\u0113jumu m\u0101jas apst\u0101k\u013cos bez speci\u0101las sald\u0113juma ma\u0161\u012bnas.<\/span><\/p>\n<p><span style=\"font-weight: 400; font-family: azosans;\">Ar \u0161o sald\u0113juma pagatavo\u0161anas komplektu var pagatavot 6 sald\u0113jumus uz koci\u0146a. Pagatavo\u0161ana ir pavisam vienk\u0101r\u0161a \u2013 pulveris j\u0101sajauc ar jogurtu vai saldo kr\u0113jumu, j\u0101ielej form\u0101 un j\u0101sasald\u0113 3\u20134 stundas.<\/span><\/p>\n<p><span style=\"font-weight: 400; font-family: azosans;\">Br\u012bni\u0161\u0137\u012bga d\u0101vana b\u0113rniem, kuriem pat\u012bk gatavot vai kuriem \u013coti gar\u0161o sald\u0113jums.<\/span><\/p>\n<h2><span style=\"font-weight: 400; font-size: 85%; font-family: azosans;\">Kas Iek\u013cauts Komplekt\u0101<\/span><\/h2>\n<ul>\n<li style=\"font-weight: 400;\" aria-level=\"1\"><span style=\"font-weight: 400; font-family: azosans;\">Elast\u012bga un viegli lietojama dzeltena silikona sald\u0113juma forma.<\/span><\/li>\n<li style=\"font-weight: 400;\" aria-level=\"1\"><span style=\"font-weight: 400; font-family: azosans;\">6 atk\u0101rtoti lietojami koci\u0146i ilgsto\u0161ai izmanto\u0161anai.<\/span><\/li>\n<li style=\"font-weight: 400;\" aria-level=\"1\"><span style=\"font-family: azosans;\"><span style=\"font-weight: 400;\">100 g <\/span><span style=\"font-weight: 400;\">melle\u0146u-dz\u0113rve\u0146u<\/span><span style=\"font-weight: 400;\"> sald\u0113juma pulveris ar dab\u012bgu gar\u0161u un kr\u0101su.<\/span><\/span><\/li>\n<li style=\"font-weight: 400;\" aria-level=\"1\"><span style=\"font-weight: 400; font-family: azosans;\">Soli pa solim sald\u0113juma pagatavo\u0161anas instrukcija (LV, EN, RU, EE, LT, DE).<\/span><\/li>\n<\/ul>\n<p><span style=\"font-family: azosans;\"><span class=\"expiry-date-display\" style=\"font-family: 'azosans', sans-serif; font-weight: 400;\">Vislab\u0101k pirms: 31.12.2026<\/span><\/span><\/p>\n<p><span style=\"font-family: azosans;\">\ud83d\udc49<strong> Pievieno grozam un uzd\u0101vini b\u0113rnam prieku no vienk\u0101r\u0161as un jautras sald\u0113juma pagatavo\u0161anas!<\/strong><\/span><\/p>\n","protected":false},"featured_media":7896,"comment_status":"open","ping_status":"closed","template":"","meta":[],"product_brand":[],"product_cat":[98],"product_tag":[],"class_list":{"0":"post-12848","1":"product","2":"type-product","3":"status-publish","4":"has-post-thumbnail","6":"product_cat-darbosanas-komplekti","8":"first","9":"instock","10":"taxable","11":"shipping-taxable","12":"purchasable","13":"product-type-variable"},"_links":{"self":[{"href":"https:\/\/lastella.ee\/lv\/wp-json\/wp\/v2\/product\/12848","targetHints":{"allow":["GET"]}}],"collection":[{"href":"https:\/\/lastella.ee\/lv\/wp-json\/wp\/v2\/product"}],"about":[{"href":"https:\/\/lastella.ee\/lv\/wp-json\/wp\/v2\/types\/product"}],"replies":[{"embeddable":true,"href":"https:\/\/lastella.ee\/lv\/wp-json\/wp\/v2\/comments?post=12848"}],"wp:featuredmedia":[{"embeddable":true,"href":"https:\/\/lastella.ee\/lv\/wp-json\/wp\/v2\/media\/7896"}],"wp:attachment":[{"href":"https:\/\/lastella.ee\/lv\/wp-json\/wp\/v2\/media?parent=12848"}],"wp:term":[{"taxonomy":"product_brand","embeddable":true,"href":"https:\/\/lastella.ee\/lv\/wp-json\/wp\/v2\/product_brand?post=12848"},{"taxonomy":"product_cat","embeddable":true,"href":"https:\/\/lastella.ee\/lv\/wp-json\/wp\/v2\/product_cat?post=12848"},{"taxonomy":"product_tag","embeddable":true,"href":"https:\/\/lastella.ee\/lv\/wp-json\/wp\/v2\/product_tag?post=12848"}],"curies":[{"name":"wp","href":"https:\/\/api.w.org\/{rel}","templated":true}]}}