{"id":12831,"date":"2026-02-15T08:49:21","date_gmt":"2026-02-15T05:49:21","guid":{"rendered":"https:\/\/lastella.ee\/?post_type=product&#038;p=12831"},"modified":"2026-04-15T18:51:25","modified_gmt":"2026-04-15T15:51:25","slug":"izveido-pats-savus-zelejas-lacus-augli-un-ogas","status":"publish","type":"product","link":"https:\/\/lastella.ee\/lv\/pood\/darbosanas-komplekti\/izveido-pats-savus-zelejas-lacus-augli-un-ogas\/","title":{"rendered":"Silikona Formas Konfekt\u0113m un 3 Konfek\u0161u Mais\u012bjumi, L\u0101c\u012b\u0161i"},"content":{"rendered":"<h2><span style=\"font-size: 85%;\"><strong><span style=\"font-family: azosans;\">Produkta \u012apa\u0161\u012bbas<\/span><\/strong><\/span><\/h2>\n<ul>\n<li style=\"font-weight: 400;\" aria-level=\"1\"><span style=\"font-weight: 400; font-family: azosans;\">Augstas kvalit\u0101tes silikona forma zil\u0101 kr\u0101s\u0101. Paredz\u0113ta atk\u0101rtotai lieto\u0161anai, neuzs\u016bc smakas un ir viegli kopjama.<\/span><\/li>\n<li style=\"font-weight: 400;\" aria-level=\"1\"><span style=\"font-weight: 400; font-family: azosans;\">Elast\u012bgs materi\u0101ls, silikona formu var \u0113rti sarull\u0113t uzglab\u0101\u0161anai, un t\u0101 vienm\u0113r atg\u016bst s\u0101kotn\u0113jo formu.<\/span><\/li>\n<li style=\"font-weight: 400;\" aria-level=\"1\"><span style=\"font-weight: 400; font-family: azosans;\">Komplekt\u0101 iek\u013cauta pipete \u0113rtai un prec\u012bzai \u0161\u0137idruma iepild\u012b\u0161anai form\u0101s.<\/span><\/li>\n<li style=\"font-weight: 400;\" aria-level=\"1\"><span style=\"font-weight: 400; font-family: azosans;\">Piem\u0113rota \u017eelejas konfek\u0161u, \u0161okol\u0101des un citu desertu pagatavo\u0161anai m\u0101jas apst\u0101k\u013cos.<\/span><\/li>\n<li style=\"font-weight: 400;\" aria-level=\"1\"><span style=\"font-weight: 400; font-family: azosans;\">Komplekt\u0101 ietilpst aromatiz\u0113ti \u017eelejas konfek\u0161u mais\u012bjumi ar dab\u012bg\u0101m kr\u0101sviel\u0101m un arom\u0101tiem (ban\u0101nu, mango un zeme\u0146u gar\u0161a).<\/span><\/li>\n<li style=\"font-weight: 400;\" aria-level=\"1\"><span style=\"font-weight: 400; font-family: azosans;\">Ar vienu komplektu iesp\u0113jams pagatavot l\u012bdz 150 konfekt\u0113m (l\u012bdz 50 no katra mais\u012bjuma).<\/span><\/li>\n<li style=\"font-weight: 400;\" aria-level=\"1\"><span style=\"font-weight: 400; font-family: azosans;\">Viegli saprotamas soli pa solim instrukcijas vair\u0101k\u0101s valod\u0101s (LV, EN, RU, EE, LT, DE).<\/span><\/li>\n<li style=\"font-weight: 400;\" aria-level=\"1\"><span style=\"font-weight: 400; font-family: azosans;\">Piem\u0113rots b\u0113rniem no 5 gadu vecuma (lietot pieaugu\u0161o uzraudz\u012bb\u0101).<\/span><\/li>\n<li style=\"font-weight: 400;\" aria-level=\"1\"><span style=\"font-weight: 400; font-family: azosans;\">Ide\u0101li piem\u0113rots rado\u0161\u0101m aktivit\u0101t\u0113m, \u0123imenes kop\u0101 b\u016b\u0161anai un k\u0101 ori\u0123in\u0101la d\u0101vana b\u0113rniem.<\/span><\/li>\n<\/ul>\n<p><span style=\"font-weight: 400; font-family: azosans;\">Ieg\u0101d\u0101jies silikona formi\u0146as un konfek\u0161u mais\u012bjumus pie Lastella un sag\u0101d\u0101 prieku b\u0113rnam ar pa\u0161u gatavotiem \u017eelejas konfek\u0161u l\u0101c\u012b\u0161iem!<\/span><\/p>\n<h2><span style=\"font-size: 85%;\"><strong><span style=\"font-family: azosans;\">M\u0101j\u0101s Gatavotas \u017delejas Konfektes<\/span><\/strong><\/span><\/h2>\n<p><span style=\"font-weight: 400; font-family: azosans;\">M\u0101j\u0101s pagatavot \u017eelejas konfektes ar Lastella silikona formu un konfek\u0161u mais\u012bjumiem ir \u013coti vienk\u0101r\u0161i un aizraujo\u0161i. Ar \u0161o komplektu b\u0113rni var pa\u0161i piedal\u012bties vis\u0101 proces\u0101, no mais\u012b\u0161anas l\u012bdz formu pild\u012b\u0161anai. Beidzot pagatavot \u017eelejas konfek\u0161u l\u0101c\u012b\u0161us m\u0101jas apst\u0101k\u013cos ir pavisam vienk\u0101r\u0161i!<\/span><\/p>\n<h3><span style=\"font-weight: 400; font-family: azosans; font-size: 100%;\"><strong>K\u0101 Pagatavot \u017delejas Konfek\u0161u L\u0101c\u012b\u0161us?<\/strong><\/span><\/h3>\n<ol>\n<li style=\"font-weight: 400;\" aria-level=\"1\"><span style=\"font-weight: 400; font-family: azosans;\">Ielejiet 45- 50 ml \u016bdens katli\u0146\u0101.<\/span><\/li>\n<li style=\"font-weight: 400;\" aria-level=\"1\"><span style=\"font-weight: 400; font-family: azosans;\">Pievienojiet vienu paci\u0146u \u017eelejas konfek\u0161u pulvera un r\u016bp\u012bgi samaisiet.<\/span><\/li>\n<li style=\"font-weight: 400;\" aria-level=\"1\"><span style=\"font-weight: 400; font-family: azosans;\">Uzkars\u0113jiet mais\u012bjumu uz l\u0113nas uguns, r\u016bp\u012bgi maisot, l\u012bdz tas piln\u012bb\u0101 iz\u0161\u0137\u012bst (aptuveni 2-3 min\u016bt\u0113m).<\/span><\/li>\n<li style=\"font-weight: 400;\" aria-level=\"1\"><span style=\"font-weight: 400; font-family: azosans;\">Izmantojiet komplekt\u0101 iek\u013cauto pipeti un uzman\u012bgi iepildiet mais\u012bjumu formi\u0146\u0101s.<\/span><\/li>\n<li style=\"font-weight: 400;\" aria-level=\"1\"><span style=\"font-weight: 400; font-family: azosans;\">Ja mais\u012bjums s\u0101k sabiez\u0113t, to var viegli atk\u0101rtoti uzsild\u012bt.<\/span><\/li>\n<li style=\"font-weight: 400;\" aria-level=\"1\"><span style=\"font-weight: 400; font-family: azosans;\">Ievietojiet formi\u0146as ledusskap\u012b uz apm\u0113ram 15 min\u016bt\u0113m, l\u012bdz konfektes piln\u012bb\u0101 saciet\u0113.<\/span><\/li>\n<li style=\"font-weight: 400;\" aria-level=\"1\"><span style=\"font-weight: 400; font-family: azosans;\">Konfektes var uzglab\u0101t istabas temperat\u016br\u0101, bet j\u0101izvair\u0101s no tie\u0161iem saules stariem.<\/span><\/li>\n<li style=\"font-weight: 400;\" aria-level=\"1\"><span style=\"font-weight: 400; font-family: azosans;\">Konfektes ieteicams izlietot 3 dienu laik\u0101 p\u0113c to pagatavo\u0161anas.\u00a0<\/span><\/li>\n<\/ol>\n<p><a href=\"https:\/\/lastella.ee\/wp-content\/uploads\/2025\/04\/zelejas-konfeksu-pagatavosanai.pdf\"><img loading=\"lazy\" decoding=\"async\" class=\"size-medium wp-image-10273\" src=\"https:\/\/lastella.ee\/wp-content\/uploads\/2025\/04\/zelejas-konfeksu-pagatavosanai-213x300.png\" alt=\"\u017eelejas konfek\u0161u pagatavo\u0161anai\" width=\"213\" height=\"300\" srcset=\"https:\/\/lastella.ee\/wp-content\/uploads\/2025\/04\/zelejas-konfeksu-pagatavosanai-213x300.png 213w, https:\/\/lastella.ee\/wp-content\/uploads\/2025\/04\/zelejas-konfeksu-pagatavosanai-400x564.png 400w, https:\/\/lastella.ee\/wp-content\/uploads\/2025\/04\/zelejas-konfeksu-pagatavosanai.png 499w\" sizes=\"auto, (max-width: 213px) 100vw, 213px\" \/><\/a><\/p>\n<h2><span style=\"font-size: 85%;\"><strong><span style=\"font-family: azosans;\">K\u0101p\u0113c Izv\u0113l\u0113ties Formi\u0146as un \u017delejas Konfek\u0161u Mais\u012bjumu no Lastella?<\/span><\/strong><\/span><\/h2>\n<p><span style=\"font-weight: 400; font-family: azosans;\">Ja v\u0113lies viegli un aizraujo\u0161i pagatavot \u017eelejas konfektes m\u0101j\u0101s kop\u0101 ar b\u0113rniem, Lastella DIY komplekts pied\u0101v\u0101 visu nepiecie\u0161amo vien\u0101 risin\u0101jum\u0101. \u017delejas konfek\u0161u pagatavo\u0161anas komplekts ir piem\u0113rota dzim\u0161anas dienas d\u0101vana b\u0113rniem, kuriem pat\u012bk gatavot. T\u0101pat, t\u0101 ir lieliska aktivit\u0101te visai \u0123imenei, piem\u0113ram, lietain\u0101s dien\u0101s.<\/span><\/p>\n<p><span style=\"font-family: azosans;\"><span style=\"font-weight: 400;\">Ir pieejama silikona formi\u0146a ar <\/span><a style=\"color: #34bacf; text-decoration: underline;\" href=\"https:\/\/lastella.ee\/lv\/pood\/darbosanas-komplekti\/izveido-pats-savus-zelejas-dinozaurus-dabiskas-krasas\/\"><span style=\"font-weight: 400;\">dinozauriem<\/span><\/a><span style=\"font-weight: 400;\"> vai komplekts ar div\u0101m silikona form\u0101m &#8211;\u00a0 <\/span><a style=\"color: #34bacf; text-decoration: underline;\" href=\"https:\/\/lastella.ee\/lv\/pood\/darbosanas-komplekti\/izveido-pats-zelejkonfektes-dubultais-komplekts\/\"><span style=\"font-weight: 400;\">l\u0101c\u012b\u0161iem un dinozauriem<\/span><\/a><span style=\"font-weight: 400;\">.<\/span><\/span><\/p>\n<p><span style=\"font-family: azosans;\"><b>Galvenie ieguvumi:<\/b><\/span><\/p>\n<ul>\n<li style=\"font-weight: 400;\" aria-level=\"1\"><span style=\"font-family: azosans;\"><b>Viss vien\u0101 komplekt\u0101:<\/b><span style=\"font-weight: 400;\"> silikona konfek\u0161u forma ar l\u0101c\u012b\u0161u veidn\u0113m, pipete un 3 konfek\u0161u mais\u012bjumi.\u00a0<\/span><\/span><\/li>\n<li style=\"font-weight: 400;\" aria-level=\"1\"><span style=\"font-family: azosans;\"><span style=\"font-weight: 400;\">Interneta veikal\u0101 Lastella tu atrad\u012bsi 14 da\u017e\u0101du gar\u0161u <\/span><a style=\"color: #34bacf; text-decoration: underline;\" href=\"https:\/\/lastella.ee\/lv\/produkta-kategorija\/zelejas-konfeksu-pulveri\/\"><span style=\"font-weight: 400;\">\u017eelejas konfek\u0161u mais\u012bjumus<\/span><\/a><span style=\"font-weight: 400;\">.<\/span><\/span><\/li>\n<li style=\"font-weight: 400;\" aria-level=\"1\"><span style=\"font-family: azosans;\"><b>Vienk\u0101r\u0161a lieto\u0161ana:<\/b><span style=\"font-weight: 400;\"> piem\u0113rots b\u0113rniem, konfek\u0161u pagatavo\u0161ana aiz\u0146em aptuveni 20min.<\/span><\/span><\/li>\n<li style=\"font-weight: 400;\" aria-level=\"1\"><span style=\"font-family: azosans;\"><b>Maz\u0101k nek\u0101rt\u012bbas:<\/b><span style=\"font-weight: 400;\"> komplekt\u0101 ietilpst speci\u0101la pipete, kas nodro\u0161ina prec\u012bzu konfek\u0161u mais\u012bjuma iepild\u012b\u0161anu silikona formi\u0146\u0101.\u00a0<\/span><\/span><\/li>\n<li style=\"font-weight: 400;\" aria-level=\"1\"><span style=\"font-family: azosans;\"><b>Dab\u012bgas kr\u0101svielas un arom\u0101ti:<\/b><span style=\"font-weight: 400;\"> t\u0101 ir dro\u0161\u0101ka izv\u0113le b\u0113rniem.<\/span><\/span><\/li>\n<\/ul>\n<p><span style=\"font-family: azosans;\"><b>Rado\u0161a un izgl\u012btojo\u0161a aktivit\u0101te:<\/b><span style=\"font-weight: 400;\"> att\u012bsta prasmes un izt\u0113li, rada dal\u012b\u0161an\u0101s prieku v\u0113l\u0101k kop\u012bgi baudot pa\u0161u gatavot\u0101s \u017eelejas konfektes. <\/span><\/span><\/p>\n<p><strong><span style=\"font-family: azosans;\">Ieteicamais vecums: 5+<\/span><\/strong><\/p>\n<p><span style=\"font-family: azosans;\"><strong>Br\u012bdin\u0101jums:<\/strong><\/span><\/p>\n<p><span style=\"font-family: azosans;\">Nav piem\u0113rots b\u0113rniem l\u012bdz 3 gadu vecumam. Aizr\u012b\u0161an\u0101s risks \u2013 mazas deta\u013cas var nor\u012bt vai ieelpot. <\/span><\/p>\n<p><span class=\"Y2IQFc\" lang=\"en\" style=\"font-family: azosans;\">Lai pagatavotu konfektes, nepiecie\u0161ams izmantot pl\u012bti vai mikrovi\u013c\u0146u kr\u0101sni. Karsts konfek\u0161u mais\u012bjums un pl\u012bts var izrais\u012bt apdegumus. \u0160is komplekts ir paredz\u0113ts lieto\u0161anai vec\u0101ku uzraudz\u012bb\u0101.<\/span><\/p>\n<p><span style=\"font-family: azosans;\"><h3 class=\"accordion_title\">Bie\u017e\u0101k Uzdotie Jaut\u0101jumi<\/h3><div class=\"accordion\"><\/span><\/p>\n<p><span style=\"font-family: azosans;\">\t<div id=\"accordion-3315688224\" class=\"accordion-item\">\n\t\t<a id=\"accordion-3315688224-label\" class=\"accordion-title plain\" href=\"#accordion-item-cik-ilgi-aiz\u0146em-\u017delejas-konfek\u0161u-pagatavo\u0161ana?\" aria-expanded=\"false\" aria-controls=\"accordion-3315688224-content\">\n\t\t\t<button class=\"toggle\" aria-label=\"Toggle\"><i class=\"icon-angle-down\" aria-hidden=\"true\"><\/i><\/button>\n\t\t\t<span>Cik Ilgi Aiz\u0146em \u017delejas Konfek\u0161u Pagatavo\u0161ana?<\/span>\n\t\t<\/a>\n\t\t<div id=\"accordion-3315688224-content\" class=\"accordion-inner\" aria-labelledby=\"accordion-3315688224-label\">\n\t\t\t<\/span><\/p>\n<p><span style=\"font-weight: 400; font-family: azosans;\">P\u0113c m\u016bsu pieredzes Lastella \u017eelejas konfek\u0161u pagatavo\u0161ana aiz\u0146em vid\u0113ji 20-30min, atkar\u012bb\u0101 no j\u016bsu tempa un iema\u0146\u0101m. \u0160\u012bs, iesp\u0113jams, ir vis\u0101tr\u0101k pagatavojam\u0101s \u017eelejas konfektes:\u00a0<\/span><\/p>\n<ul>\n<li style=\"font-weight: 400;\" aria-level=\"1\"><span style=\"font-weight: 400; font-family: azosans;\">Konfek\u0161u mais\u012bjuma pagatavo\u0161ana aiz\u0146em aptuveni 2-3min<\/span><\/li>\n<li style=\"font-weight: 400;\" aria-level=\"1\"><span style=\"font-weight: 400; font-family: azosans;\">Konfek\u0161u mais\u012bjuma iepild\u012b\u0161ana silikona formi\u0146\u0101 5-10min<\/span><\/li>\n<li style=\"font-weight: 400;\" aria-level=\"1\"><span style=\"font-weight: 400; font-family: azosans;\">Konfek\u0161u saciet\u0113\u0161ana ledusskap\u012b l\u012bdz 15min<\/span><\/li>\n<\/ul>\n<p><span style=\"font-family: azosans;\">\t\t<\/div>\n\t<\/div>\n\t<\/span><br \/>\n<span style=\"font-family: azosans;\">\t<div id=\"accordion-3643102062\" class=\"accordion-item\">\n\t\t<a id=\"accordion-3643102062-label\" class=\"accordion-title plain\" href=\"#accordion-item-vai-komplekt\u0101-ir-iek\u013cauti-visi-nepiecie\u0161amie-materi\u0101li?\" aria-expanded=\"false\" aria-controls=\"accordion-3643102062-content\">\n\t\t\t<button class=\"toggle\" aria-label=\"Toggle\"><i class=\"icon-angle-down\" aria-hidden=\"true\"><\/i><\/button>\n\t\t\t<span>Vai Komplekt\u0101 ir Iek\u013cauti Visi Nepiecie\u0161amie Materi\u0101li?<\/span>\n\t\t<\/a>\n\t\t<div id=\"accordion-3643102062-content\" class=\"accordion-inner\" aria-labelledby=\"accordion-3643102062-label\">\n\t\t\t<\/span><\/p>\n<p><span style=\"font-weight: 400; font-family: azosans;\">Lastella \u017eelejas konfek\u0161u pagatavo\u0161anas komplekt\u0101 ir iek\u013cauta da\u013ca no nepiecie\u0161amajiem materi\u0101liem. Komplekt\u0101 ir iek\u013cauts:<\/span><\/p>\n<ul>\n<li style=\"font-weight: 400;\" aria-level=\"1\"><span style=\"font-weight: 400; font-family: azosans;\">gumijas l\u0101c\u012b\u0161u silikona forma,\u00a0<\/span><\/li>\n<li style=\"font-weight: 400;\" aria-level=\"1\"><span style=\"font-weight: 400; font-family: azosans;\">3 da\u017e\u0101du gar\u0161u konfek\u0161u mais\u012bjumi,<\/span><\/li>\n<li style=\"font-weight: 400;\" aria-level=\"1\"><span style=\"font-weight: 400; font-family: azosans;\">pipete konfek\u0161u mais\u012bjuma iepild\u012b\u0161anai form\u0101.<\/span><\/li>\n<\/ul>\n<p><span style=\"font-weight: 400; font-family: azosans;\">Lai pagatavotu \u017eelejas konfektes papildus ir nepiecie\u0161ams:<\/span><\/p>\n<ul>\n<li style=\"font-weight: 400;\" aria-level=\"1\"><span style=\"font-weight: 400; font-family: azosans;\">50 ml \u016bdens,\u00a0<\/span><\/li>\n<li style=\"font-weight: 400;\" aria-level=\"1\"><span style=\"font-weight: 400; font-family: azosans;\">katli\u0146\u0161,<\/span><\/li>\n<li style=\"font-weight: 400;\" aria-level=\"1\"><span style=\"font-weight: 400; font-family: azosans;\">karote,<\/span><\/li>\n<li style=\"font-weight: 400;\" aria-level=\"1\"><span style=\"font-weight: 400; font-family: azosans;\">pl\u012bts vai mikrovi\u013c\u0146u kr\u0101sns, lai uzkars\u0113tu konfek\u0161u mais\u012bjumu,<\/span><\/li>\n<li style=\"font-weight: 400;\" aria-level=\"1\"><span style=\"font-weight: 400; font-family: azosans;\">ledusskapis, kur atdzes\u0113t \u017eelejas konfek\u0161u mais\u012bjumu.<\/span><\/li>\n<\/ul>\n<p><span style=\"font-family: azosans;\">\t\t<\/div>\n\t<\/div>\n\t<\/span><br \/>\n<span style=\"font-family: azosans;\">\t<div id=\"accordion-4009561874\" class=\"accordion-item\">\n\t\t<a id=\"accordion-4009561874-label\" class=\"accordion-title plain\" href=\"#accordion-item-k\u0101da-vecuma-b\u0113rniem-ir-piem\u0113roti-lastella-\u017delejas-konfek\u0161u-pagatavo\u0161anas-komplekti?\" aria-expanded=\"false\" aria-controls=\"accordion-4009561874-content\">\n\t\t\t<button class=\"toggle\" aria-label=\"Toggle\"><i class=\"icon-angle-down\" aria-hidden=\"true\"><\/i><\/button>\n\t\t\t<span>K\u0101da Vecuma B\u0113rniem ir Piem\u0113roti Lastella \u017delejas Konfek\u0161u Pagatavo\u0161anas Komplekti?<\/span>\n\t\t<\/a>\n\t\t<div id=\"accordion-4009561874-content\" class=\"accordion-inner\" aria-labelledby=\"accordion-4009561874-label\">\n\t\t\t<\/span><\/p>\n<p><span style=\"font-family: azosans;\"><span style=\"font-weight: 400;\">Lastella DIY \u017eelejas konfek\u0161u pagatavo\u0161anas komplekti ir piem\u0113roti <\/span><b>b\u0113rniem no 5 gadu vecuma<\/b><span style=\"font-weight: 400;\">, lietojot pieaugu\u0161o uzraudz\u012bb\u0101.<\/span><\/span><\/p>\n<p><span style=\"font-family: azosans;\"><b>Br\u012bdin\u0101jums:<\/b><span style=\"font-weight: 400;\"> nav piem\u0113rots b\u0113rniem l\u012bdz 3 gadu vecumam, jo past\u0101v aizr\u012b\u0161an\u0101s risks ar s\u012bk\u0101m deta\u013c\u0101m.<\/span><\/span><\/p>\n<p><span style=\"font-family: azosans;\">\t\t<\/div>\n\t<\/div>\n\t<\/span><\/p>\n<p><span style=\"font-family: azosans;\"><\/div><\/span><\/p>\n","protected":false},"excerpt":{"rendered":"<p><span style=\"font-weight: 400; font-family: azosans;\">Silikona formas \u017eelejas konfek\u0161u pagatavo\u0161anai un 3 dab\u012bgi konfek\u0161u mais\u012bjumi, lai tu m\u0101jas apst\u0101k\u013cos vari izveidot dab\u012bgus \u017eelejas konfek\u0161u l\u0101c\u012b\u0161us 20 min\u016b\u0161u laik\u0101.<\/span><\/p>\n<p><span style=\"font-weight: 400; font-family: azosans;\">DIY komplekt\u0101 ietilpst 3 da\u017e\u0101du gar\u0161u konfek\u0161u pulveri (ban\u0101nu, mango un zeme\u0146u) no kuriem pagatavot 150 \u017eelejas l\u0101c\u012b\u0161u konfektes. Ieteicams b\u0113rniem no 5 gadu vecuma.<\/span><\/p>\n<h2><span style=\"font-weight: 400; font-family: azosans; font-size: 75%;\">Kas Iek\u013cauts Komplekt\u0101<\/span><\/h2>\n<ul>\n<li style=\"font-weight: 400;\" aria-level=\"1\"><span style=\"font-weight: 400; font-family: azosans;\">Augstas kvalit\u0101tes silikona forma zil\u0101 kr\u0101s\u0101 ar l\u0101c\u012b\u0161u veidn\u0113m.<\/span><\/li>\n<li style=\"font-weight: 400;\" aria-level=\"1\"><span style=\"font-weight: 400; font-family: azosans;\">Pipete prec\u012bzai konfek\u0161u mais\u012bjuma iepild\u012b\u0161anai form\u0101s.<\/span><\/li>\n<li style=\"font-weight: 400;\" aria-level=\"1\"><span style=\"font-weight: 400; font-family: azosans;\">3 \u017eelejas konfek\u0161u mais\u012bjumi ar dab\u012bg\u0101m kr\u0101sviel\u0101m un arom\u0101tiem (ban\u0101nu, mango un zeme\u0146u gar\u0161a).<\/span><\/li>\n<li style=\"font-weight: 400;\" aria-level=\"1\"><span style=\"font-weight: 400; font-family: azosans;\">Soli pa solim instrukcija \u017eelejas konfek\u0161u pagatavo\u0161anai (LV, EN, RU, EE, LT, DE).<\/span><\/li>\n<\/ul>\n<span class=\"expiry-date-display\" style=\"font-family: 'azosans', sans-serif; font-weight: 400;\">Vislab\u0101k pirms: 31.12.2028<\/span>\n<p>&nbsp;<\/p>\n<p>\ud83d\udc49 <strong>Pievieno grozam un izbaudi saldus mirk\u013cus kop\u0101 \u2013 ar savu b\u0113rnu vai savu iek\u0161\u0113jo b\u0113rnu!<\/strong><\/p>\n","protected":false},"featured_media":7844,"comment_status":"open","ping_status":"closed","template":"","meta":[],"product_brand":[],"product_cat":[98],"product_tag":[],"class_list":{"0":"post-12831","1":"product","2":"type-product","3":"status-publish","4":"has-post-thumbnail","6":"product_cat-darbosanas-komplekti","8":"first","9":"instock","10":"taxable","11":"shipping-taxable","12":"purchasable","13":"product-type-variable"},"_links":{"self":[{"href":"https:\/\/lastella.ee\/lv\/wp-json\/wp\/v2\/product\/12831","targetHints":{"allow":["GET"]}}],"collection":[{"href":"https:\/\/lastella.ee\/lv\/wp-json\/wp\/v2\/product"}],"about":[{"href":"https:\/\/lastella.ee\/lv\/wp-json\/wp\/v2\/types\/product"}],"replies":[{"embeddable":true,"href":"https:\/\/lastella.ee\/lv\/wp-json\/wp\/v2\/comments?post=12831"}],"wp:featuredmedia":[{"embeddable":true,"href":"https:\/\/lastella.ee\/lv\/wp-json\/wp\/v2\/media\/7844"}],"wp:attachment":[{"href":"https:\/\/lastella.ee\/lv\/wp-json\/wp\/v2\/media?parent=12831"}],"wp:term":[{"taxonomy":"product_brand","embeddable":true,"href":"https:\/\/lastella.ee\/lv\/wp-json\/wp\/v2\/product_brand?post=12831"},{"taxonomy":"product_cat","embeddable":true,"href":"https:\/\/lastella.ee\/lv\/wp-json\/wp\/v2\/product_cat?post=12831"},{"taxonomy":"product_tag","embeddable":true,"href":"https:\/\/lastella.ee\/lv\/wp-json\/wp\/v2\/product_tag?post=12831"}],"curies":[{"name":"wp","href":"https:\/\/api.w.org\/{rel}","templated":true}]}}