{"id":12800,"date":"2026-02-14T15:21:42","date_gmt":"2026-02-14T12:21:42","guid":{"rendered":"https:\/\/lastella.ee\/?post_type=product&#038;p=12800"},"modified":"2026-04-30T18:15:08","modified_gmt":"2026-04-30T15:15:08","slug":"izveido-pats-savu-krasu-mainoso-limonadi","status":"publish","type":"product","link":"https:\/\/lastella.ee\/lv\/pood\/darbosanas-komplekti\/izveido-pats-savu-krasu-mainoso-limonadi\/","title":{"rendered":"Dab\u012bgs Limon\u0101des Pulveris, Komplekts ar 3 Mais\u012bjumiem"},"content":{"rendered":"<h2><span style=\"font-weight: 400;\">Dab\u012bga M\u0101j\u0101s Gatavota Limon\u0101de Da\u017e\u0101d\u0101s Kr\u0101s\u0101s<\/span><\/h2>\n<p><span style=\"font-weight: 400;\">M\u0101j\u0101s gatavota kr\u0101saina limon\u0101de no dab\u012bg\u0101m sast\u0101vda\u013c\u0101m ir lieliska izv\u0113le karst\u0101m vasaras dien\u0101m. Ja v\u0113lies, lai b\u0113rni ar prieku dzer vair\u0101k \u0161\u0137idruma, nevis izv\u0113las veikal\u0101 pirktas sulas vai g\u0101z\u0113tos dz\u0113rienus, \u013cauj b\u0113rnam pa\u0161am pagatavot limon\u0101di.<\/span><\/p>\n<p><span style=\"font-weight: 400;\">\ud83d\udca1 <em>\u0160\u012b aktivit\u0101te pal\u012bdz b\u0113rniem rota\u013c\u012bg\u0101 veid\u0101 iepaz\u012bt zin\u0101tni un att\u012bsta rado\u0161umu.<\/em><\/span><\/p>\n<h3><span style=\"font-weight: 400;\">K\u0101 M\u0101j\u0101s Pagatavot Dab\u012bgu Limon\u0101di?<\/span><\/h3>\n<p><span style=\"font-weight: 400;\">Lai m\u0101j\u0101s pagatavotu dab\u012bgu limon\u0101di ar Lastella limon\u0101des komplekta pulvera mais\u012bjumiem, tev b\u016bs nepiecie\u0161ams 1 litrs auksta \u016bdens.\u00a0<\/span><\/p>\n<p><b>Pagatavo\u0161ana soli pa solim:<\/b><\/p>\n<ol>\n<li style=\"font-weight: 400;\" aria-level=\"1\"><span style=\"font-weight: 400;\">Ieber Blue mais\u012bjumu aukst\u0101 \u016bden\u012b un k\u0101rt\u012bgi samaisi, l\u012bdz tas iz\u0161\u0137\u012bst. Dz\u0113riens k\u013c\u016bs zils.<\/span><\/li>\n<li style=\"font-weight: 400;\" aria-level=\"1\"><span style=\"font-weight: 400;\">Pievieno Green Punch mais\u012bjumu un samaisi. Kr\u0101sa main\u012bsies uz za\u013cganu.<\/span><\/li>\n<li style=\"font-weight: 400;\" aria-level=\"1\"><span style=\"font-weight: 400;\">Pievieno Purple Infusion mais\u012bjumu (s\u0101c ar pusi no paci\u0146as), samaisi un nogar\u0161o. Ja v\u0113lies intens\u012bv\u0101ku gar\u0161u, pievieno vair\u0101k. Dz\u0113riens k\u013c\u016bs violets.<\/span><\/li>\n<\/ol>\n<h3><span style=\"font-weight: 400;\">K\u0101p\u0113c Limon\u0101de Maina Kr\u0101su?<\/span><\/h3>\n<p><span style=\"font-weight: 400;\">Limon\u0101de maina kr\u0101su, jo taj\u0101 eso\u0161ais <\/span><b>tauri\u0146zieda pulveris<\/b><span style=\"font-weight: 400;\"> satur dab\u012bgus pigmentus, antoci\u0101nus. \u0160ie pigmenti rea\u0123\u0113 uz \u0161\u0137idruma <\/span><b>pH l\u012bmeni<\/b><span style=\"font-weight: 400;\"> (sk\u0101bumu vai s\u0101rmain\u012bbu).<\/span><\/p>\n<ul>\n<li style=\"font-weight: 400;\" aria-level=\"1\"><span style=\"font-weight: 400;\">Neitr\u0101l\u0101 vid\u0113 dz\u0113riens ir <\/span><b>zils<\/b><\/li>\n<li style=\"font-weight: 400;\" aria-level=\"1\"><span style=\"font-weight: 400;\">Nedaudz s\u0101rmain\u0101 vid\u0113 tas k\u013c\u016bst <\/span><b>za\u013cgans<\/b><\/li>\n<li style=\"font-weight: 400;\" aria-level=\"1\"><span style=\"font-weight: 400;\">Sk\u0101b\u0101 vid\u0113 (piem\u0113ram, pievienojot citronsk\u0101bi) tas k\u013c\u016bst <\/span><b>violets<\/b><\/li>\n<\/ul>\n<p><span style=\"font-weight: 400;\">Tas noz\u012bm\u0113, ka katrs pievienotais limon\u0101des pulvera mais\u012bjums maina dz\u0113riena \u0137\u012bmisko vidi, un l\u012bdz ar to, ar\u012b kr\u0101su.<\/span><\/p>\n<p><span style=\"font-weight: 400;\">T\u0101p\u0113c \u0161\u012b nav tikai limon\u0101de, bet ar\u012b <\/span><b>mazs zin\u0101tnes eksperiments gl\u0101z\u0113<\/b><span style=\"font-weight: 400;\">!<\/span><\/p>\n<p><span style=\"font-weight: 400;\">Noskaties video, k\u0101 m\u0101j\u0101s pagatavot kr\u0101sainu limon\u0101di:<\/span><\/p>\n<p><a href=\"https:\/\/www.youtube.com\/watch?v=AJbWtbRELUg&amp;source_ve_path=OTY3MTQ&amp;embeds_referring_euri=https%3A%2F%2Flastella.ee%2F&amp;embeds_referring_origin=https%3A%2F%2Flastella.ee\"><span style=\"font-weight: 400;\">Making Color Changing Lemonade &#8211; YouTube<\/span><\/a><span style=\"font-weight: 400;\">\u00a0<\/span><\/p>\n<h3><span style=\"font-weight: 400;\">Limon\u0101des Pasnieg\u0161ana<\/span><\/h3>\n<p><span style=\"font-weight: 400;\">Limon\u0101di vislab\u0101k pasniedz ar ledus gabali\u0146iem, miner\u0101l\u016bdeni un salmi\u0146u. Sajaukts ar g\u0101z\u0113tu \u016bdeni gar\u0161a ir vislab\u0101k\u0101.<\/span><span style=\"font-weight: 400;\"><br \/>\n<\/span><\/p>\n<ol>\n<li style=\"font-weight: 400;\" aria-level=\"1\"><span style=\"font-weight: 400;\">Ieliec gl\u0101z\u0113 ledus gabali\u0146us<\/span><\/li>\n<li style=\"font-weight: 400;\" aria-level=\"1\"><span style=\"font-weight: 400;\">Pielej miner\u0101l\u016bdeni l\u012bdz pusei gl\u0101zes<\/span><\/li>\n<li style=\"font-weight: 400;\" aria-level=\"1\"><span style=\"font-weight: 400;\">Pielej pagatavoto limon\u0101di<\/span><\/li>\n<li style=\"font-weight: 400;\" aria-level=\"1\"><span style=\"font-weight: 400;\">Ievieto salmi\u0146u<\/span><\/li>\n<\/ol>\n<p><span style=\"font-weight: 400;\">\ud83d\udca1 <em>Limon\u0101di ieteicams izdzert taj\u0101 pa\u0161\u0101 dien\u0101. Laika gait\u0101 kr\u0101sa var main\u012bties un veidoties dab\u012bgas nogulsnes.<\/em><\/span><\/p>\n\t<div class=\"img has-hover x md-x lg-x y md-y lg-y\" id=\"image_1888036907\">\n\t\t\t\t\t\t\t\t<div class=\"img-inner image-cover dark\" style=\"padding-top:56.25%;\">\n\t\t\t<img loading=\"lazy\" decoding=\"async\" width=\"300\" height=\"300\" src=\"https:\/\/lastella.ee\/wp-content\/uploads\/2026\/04\/Varvimuutva-limonaadi-valmistamine-300x300.jpg\" class=\"attachment-medium size-medium\" alt=\"Kuidas teha kodus limonaadi? Lastella\" srcset=\"https:\/\/lastella.ee\/wp-content\/uploads\/2026\/04\/Varvimuutva-limonaadi-valmistamine-300x300.jpg 300w, https:\/\/lastella.ee\/wp-content\/uploads\/2026\/04\/Varvimuutva-limonaadi-valmistamine-1024x1024.jpg 1024w, https:\/\/lastella.ee\/wp-content\/uploads\/2026\/04\/Varvimuutva-limonaadi-valmistamine-150x150.jpg 150w, https:\/\/lastella.ee\/wp-content\/uploads\/2026\/04\/Varvimuutva-limonaadi-valmistamine-768x768.jpg 768w, https:\/\/lastella.ee\/wp-content\/uploads\/2026\/04\/Varvimuutva-limonaadi-valmistamine-400x400.jpg 400w, https:\/\/lastella.ee\/wp-content\/uploads\/2026\/04\/Varvimuutva-limonaadi-valmistamine-500x500.jpg 500w, https:\/\/lastella.ee\/wp-content\/uploads\/2026\/04\/Varvimuutva-limonaadi-valmistamine-100x100.jpg 100w, https:\/\/lastella.ee\/wp-content\/uploads\/2026\/04\/Varvimuutva-limonaadi-valmistamine.jpg 1080w\" sizes=\"auto, (max-width: 300px) 100vw, 300px\" \/>\t\t\t\t\t\t\n\t\t\t\t\t<\/div>\n\t\t\t\t\t\t\t\t\n<style>\n#image_1888036907 {\n  width: 100%;\n}\n<\/style>\n\t<\/div>\n\t\n<h2><\/h2>\n<h2><span style=\"font-weight: 400; font-family: azosans;\">K\u0101p\u0113c Izv\u0113l\u0113ties \u0160o Limon\u0101des Komplektu?<\/span><\/h2>\n<ul>\n<li style=\"font-weight: 400;\" aria-level=\"1\"><span style=\"font-weight: 400; font-family: azosans;\">100% dab\u012bgas sast\u0101vda\u013cas<\/span><\/li>\n<li style=\"font-weight: 400;\" aria-level=\"1\"><span style=\"font-weight: 400; font-family: azosans;\">Kr\u0101su mai\u0146as efekts (zin\u0101tnes eksperiments)<\/span><\/li>\n<li style=\"font-weight: 400;\" aria-level=\"1\"><span style=\"font-weight: 400; font-family: azosans;\">Att\u012bsta b\u0113rnu rado\u0161umu<\/span><\/li>\n<li style=\"font-weight: 400;\" aria-level=\"1\"><span style=\"font-weight: 400; font-family: azosans;\">Pagatavo l\u012bdz 2 litriem dz\u0113riena no viena komplekta<\/span><\/li>\n<li style=\"font-weight: 400;\" aria-level=\"1\"><span style=\"font-weight: 400; font-family: azosans;\">Ide\u0101li piem\u0113rots d\u0101vanai<\/span><\/li>\n<li style=\"font-weight: 400;\" aria-level=\"1\"><span style=\"font-weight: 400; font-family: azosans;\">Lieliska aktivit\u0101te b\u0113rniem karst\u0101 vasaras dien\u0101<\/span><\/li>\n<\/ul>\n<p><span style=\"font-family: azosans;\"><strong>Ieteicamais vecums: 4+.<\/strong> Pirmsskolas vecuma b\u0113rniem nepiecie\u0161ama pieaugu\u0161o uzraudz\u012bba. Skolas vecuma b\u0113rni var pagatavot limon\u0101di patst\u0101v\u012bgi.<\/span><\/p>\n<p><span style=\"font-family: azosans;\"><strong>Br\u012bdin\u0101jumi!<\/strong> \u26a0\ufe0f Produkts satur s\u012bkas deta\u013cas (aizr\u012b\u0161an\u0101s risks) un nav piem\u0113rots b\u0113rniem, kas jaun\u0101ki par 3 gadiem. Komplekts paredz\u0113ts lieto\u0161anai pieaugu\u0161o uzraudz\u012bb\u0101.<\/span><\/p>\n<h3 class=\"accordion_title\">Bie\u017e\u0101k Uzdotie Jaut\u0101jumi<\/h3><div class=\"accordion\">\n\t<div id=\"accordion-4188572009\" class=\"accordion-item\">\n\t\t<a id=\"accordion-4188572009-label\" class=\"accordion-title plain\" href=\"#accordion-item-no-cik-gadiem-piem\u0113rots-limon\u0101des-komplekts?\" aria-expanded=\"false\" aria-controls=\"accordion-4188572009-content\">\n\t\t\t<button class=\"toggle\" aria-label=\"Toggle\"><i class=\"icon-angle-down\" aria-hidden=\"true\"><\/i><\/button>\n\t\t\t<span>No Cik Gadiem Piem\u0113rots Limon\u0101des Komplekts?<\/span>\n\t\t<\/a>\n\t\t<div id=\"accordion-4188572009-content\" class=\"accordion-inner\" aria-labelledby=\"accordion-4188572009-label\">\n\t\t\t\n<p><span style=\"font-weight: 400; font-family: azosans;\">Komplekts piem\u0113rots b\u0113rniem no 4 gadu vecuma. Jaun\u0101kiem b\u0113rniem nepiecie\u0161ama pieaugu\u0161o pal\u012bdz\u012bba. Skolas vecuma b\u0113rni var pagatavot dz\u0113rienu patst\u0101v\u012bgi.<\/span><\/p>\n\t\t<\/div>\n\t<\/div>\n\t\n\t<div id=\"accordion-1613017287\" class=\"accordion-item\">\n\t\t<a id=\"accordion-1613017287-label\" class=\"accordion-title plain\" href=\"#accordion-item-cik-daudz-limon\u0101des-var-pagatavot-no-viena-komplekta?\" aria-expanded=\"false\" aria-controls=\"accordion-1613017287-content\">\n\t\t\t<button class=\"toggle\" aria-label=\"Toggle\"><i class=\"icon-angle-down\" aria-hidden=\"true\"><\/i><\/button>\n\t\t\t<span>Cik Daudz Limon\u0101des Var Pagatavot No Viena Komplekta?<\/span>\n\t\t<\/a>\n\t\t<div id=\"accordion-1613017287-content\" class=\"accordion-inner\" aria-labelledby=\"accordion-1613017287-label\">\n\t\t\t\n<p><span style=\"font-weight: 400; font-family: azosans;\">No viena komplekta iesp\u0113jams pagatavot 1 litru limon\u0101des. Sajaucot ar g\u0101z\u0113tu \u016bdeni attiec\u012bb\u0101 1:1, iesp\u0113jams ieg\u016bt l\u012bdz 2 litriem dz\u0113riena.<\/span><\/p>\n\t\t<\/div>\n\t<\/div>\n\t\n\t<div id=\"accordion-506532167\" class=\"accordion-item\">\n\t\t<a id=\"accordion-506532167-label\" class=\"accordion-title plain\" href=\"#accordion-item-vai-tas-ir-dab\u012bgs-limon\u0101des-pulveris?\" aria-expanded=\"false\" aria-controls=\"accordion-506532167-content\">\n\t\t\t<button class=\"toggle\" aria-label=\"Toggle\"><i class=\"icon-angle-down\" aria-hidden=\"true\"><\/i><\/button>\n\t\t\t<span>Vai Tas Ir Dab\u012bgs Limon\u0101des Pulveris?<\/span>\n\t\t<\/a>\n\t\t<div id=\"accordion-506532167-content\" class=\"accordion-inner\" aria-labelledby=\"accordion-506532167-label\">\n\t\t\t\n<p><span style=\"font-weight: 400; font-family: azosans;\">J\u0101, limon\u0101des pulvera mais\u012bjumi satur dab\u012bgas sast\u0101vda\u013cas un kr\u0101svielas, piem\u0113ram, tauri\u0146zieda pulveri.\u00a0<\/span><\/p>\n<ul>\n<li style=\"font-weight: 400;\" aria-level=\"1\"><span style=\"font-family: azosans;\"><b>Limon\u0101des mais\u012bjums 1<\/b><b><br \/>\n<\/b><span style=\"font-weight: 400;\">Sast\u0101vda\u013cas: cukurs, dab\u012bgais aromatiz\u0113t\u0101js, dab\u012bg\u0101 kr\u0101sviela: tauri\u0146zir\u0146a zieds<\/span><\/span><\/li>\n<li style=\"font-weight: 400;\" aria-level=\"1\"><span style=\"font-family: azosans;\"><b>Limon\u0101des mais\u012bjums 2<\/b><span style=\"font-weight: 400;\"><br \/>\n<\/span><span style=\"font-weight: 400;\">Sast\u0101vda\u013cas: cukurs, spin\u0101tu pulveris, dab\u012bgais aromatiz\u0113t\u0101js<\/span><\/span><\/li>\n<li style=\"font-weight: 400;\" aria-level=\"1\"><span style=\"font-family: azosans;\"><b>Limon\u0101des mais\u012bjums 3 <\/b><b><br \/>\n<\/b><span style=\"font-weight: 400;\">Sast\u0101vda\u013cas: citronsk\u0101be<\/span><\/span><\/li>\n<\/ul>\n<p><span style=\"font-weight: 400; font-family: azosans;\">Pla\u0161\u0101ku inform\u0101ciju skaties sada\u013c\u0101 \u201cSast\u0101vda\u013cas\u201d.\u00a0<\/span><\/p>\n\t\t<\/div>\n\t<\/div>\n\t\n\t<div id=\"accordion-3881082931\" class=\"accordion-item\">\n\t\t<a id=\"accordion-3881082931-label\" class=\"accordion-title plain\" href=\"#accordion-item-vai-limon\u0101des-komplekts-ir-piem\u0113rots-d\u0101vanai?\" aria-expanded=\"false\" aria-controls=\"accordion-3881082931-content\">\n\t\t\t<button class=\"toggle\" aria-label=\"Toggle\"><i class=\"icon-angle-down\" aria-hidden=\"true\"><\/i><\/button>\n\t\t\t<span>Vai Limon\u0101des Komplekts ir piem\u0113rots D\u0101vanai?<\/span>\n\t\t<\/a>\n\t\t<div id=\"accordion-3881082931-content\" class=\"accordion-inner\" aria-labelledby=\"accordion-3881082931-label\">\n\t\t\t\n<p><span style=\"font-weight: 400;\">J\u0101, limon\u0101des komplekts ir lieliska d\u0101vana b\u0113rniem dzim\u0161anas dien\u0101 vai v\u0101rda dien\u0101. Ide\u0101li piem\u0113rots b\u0113rniem, kuriem pat\u012bk gatavot, eksperiment\u0113t un uz\u0146emt ciemi\u0146us.<\/span><\/p>\n\t\t<\/div>\n\t<\/div>\n\t\n<\/div>\n","protected":false},"excerpt":{"rendered":"<p><span style=\"font-weight: 400; font-family: azosans;\">Komplekts ar 3 dab\u012bgiem limon\u0101des pulveriem un 10 atk\u0101roti lietojamiem niedru salmi\u0146iem, lai pagatavotu kr\u0101sainu un atspirdzino\u0161u dz\u0113rienu karst\u0101kaj\u0101s vasaras dien\u0101s.<\/span><\/p>\n<p><span style=\"font-weight: 400; font-family: azosans;\">Rado\u0161a un izgl\u012btojo\u0161a aktivit\u0101te, kas apvieno gar\u0161u, kr\u0101su un zin\u0101tnes eksperimentu vien\u0101 piedz\u012bvojum\u0101. No viena komplekta iesp\u0113jams pagatavot l\u012bdz 1-2 litriem kr\u0101sainas limon\u0101des.<\/span><\/p>\n<p><span style=\"font-weight: 400; font-family: azosans;\">Komplekt\u0101 iek\u013cautie limon\u0101des pulveri, pievienoti noteikt\u0101 sec\u012bb\u0101, maina dz\u0113riena kr\u0101su no zila uz za\u013cganu un visbeidzot violetu.<\/span><\/p>\n<h2><span style=\"font-weight: 400; font-family: azosans;\">Kas Iek\u013cauts Komplekt\u0101:<\/span><\/h2>\n<ul>\n<li style=\"font-weight: 400;\" aria-level=\"1\"><span style=\"font-weight: 400; font-family: azosans;\">3 limon\u0101des pulveru mais\u012bjumi (lietot noteikt\u0101 sec\u012bb\u0101)<\/span><\/li>\n<li style=\"font-weight: 400;\" aria-level=\"1\"><span style=\"font-weight: 400; font-family: azosans;\">10 atk\u0101rtoti lietojami niedru salmi\u0146i (garums 20 cm, diametrs 8-10 mm)<\/span><\/li>\n<li style=\"font-weight: 400;\" aria-level=\"1\"><span style=\"font-weight: 400; font-family: azosans;\">Pagatavo\u0161anas instrukcija (LV, EN, EE, RU, LT)<\/span><\/li>\n<\/ul>\n<p><span style=\"font-family: azosans;\"><span class=\"expiry-date-display\" style=\"font-family: 'azosans', sans-serif; font-weight: 400;\">Vislab\u0101k pirms: 31.12.2027<\/span><\/span><\/p>\n<p><span style=\"font-family: azosans;\">\ud83d\udc49<b>Vair\u0101k nek\u0101 1000 \u0123ime\u0146u Baltij\u0101 jau izm\u0113\u0123in\u0101ju\u0161as Lastella rado\u0161os komplektus.<\/b><\/span><\/p>\n<p><span style=\"font-weight: 400; font-family: azosans;\">Pievieno dab\u012bgo limon\u0101des pagatavo\u0161anas komplektu grozam!<\/span><\/p>\n","protected":false},"featured_media":10665,"comment_status":"open","ping_status":"closed","template":"","meta":[],"product_brand":[],"product_cat":[98],"product_tag":[],"class_list":{"0":"post-12800","1":"product","2":"type-product","3":"status-publish","4":"has-post-thumbnail","6":"product_cat-darbosanas-komplekti","8":"first","9":"instock","10":"taxable","11":"shipping-taxable","12":"purchasable","13":"product-type-variable"},"_links":{"self":[{"href":"https:\/\/lastella.ee\/lv\/wp-json\/wp\/v2\/product\/12800","targetHints":{"allow":["GET"]}}],"collection":[{"href":"https:\/\/lastella.ee\/lv\/wp-json\/wp\/v2\/product"}],"about":[{"href":"https:\/\/lastella.ee\/lv\/wp-json\/wp\/v2\/types\/product"}],"replies":[{"embeddable":true,"href":"https:\/\/lastella.ee\/lv\/wp-json\/wp\/v2\/comments?post=12800"}],"wp:featuredmedia":[{"embeddable":true,"href":"https:\/\/lastella.ee\/lv\/wp-json\/wp\/v2\/media\/10665"}],"wp:attachment":[{"href":"https:\/\/lastella.ee\/lv\/wp-json\/wp\/v2\/media?parent=12800"}],"wp:term":[{"taxonomy":"product_brand","embeddable":true,"href":"https:\/\/lastella.ee\/lv\/wp-json\/wp\/v2\/product_brand?post=12800"},{"taxonomy":"product_cat","embeddable":true,"href":"https:\/\/lastella.ee\/lv\/wp-json\/wp\/v2\/product_cat?post=12800"},{"taxonomy":"product_tag","embeddable":true,"href":"https:\/\/lastella.ee\/lv\/wp-json\/wp\/v2\/product_tag?post=12800"}],"curies":[{"name":"wp","href":"https:\/\/api.w.org\/{rel}","templated":true}]}}