{"id":7932,"date":"2022-07-02T08:34:33","date_gmt":"2022-07-02T05:34:33","guid":{"rendered":"https:\/\/lastella.ee\/?page_id=7932"},"modified":"2025-03-13T15:00:26","modified_gmt":"2025-03-13T12:00:26","slug":"video","status":"publish","type":"page","link":"https:\/\/lastella.ee\/lv\/video\/","title":{"rendered":"Video"},"content":{"rendered":"\n<div class=\"container section-title-container\" ><h3 class=\"section-title section-title-normal\"><b aria-hidden=\"true\"><\/b><span class=\"section-title-main\" >Sagatavo\u0161anas instrukcijas<\/span><b aria-hidden=\"true\"><\/b><\/h3><\/div>\n\n<div class=\"row align-center\"  id=\"row-1289762339\">\n\n\n\t<div id=\"col-1717860929\" class=\"col medium-5 small-12 large-5\"  >\n\t\t\t\t<div class=\"col-inner text-center\"  >\n\t\t\t\n\t\t\t\n\n\t<div id=\"text-2817194813\" class=\"text\">\n\t\t\n\n<p><span style=\"font-weight: 400;\">Gumiju l\u0101c\u012b\u0161u sagatavo\u0161anas instrukcijas<\/span><\/p>\n\t\t\n<style>\n#text-2817194813 {\n  text-align: left;\n}\n<\/style>\n\t<\/div>\n\t\n<div class=\"video video-fit mb\" style=\"padding-top:56.25%;\"><iframe loading=\"lazy\" title=\"Kummikommide valmistamine &quot;Tee ise kummikommid! komplekti abil\" width=\"1020\" height=\"574\" src=\"https:\/\/www.youtube.com\/embed\/DVYQupxumI0?feature=oembed\" frameborder=\"0\" allow=\"accelerometer; autoplay; clipboard-write; encrypted-media; gyroscope; picture-in-picture; web-share\" referrerpolicy=\"strict-origin-when-cross-origin\" allowfullscreen><\/iframe><\/div>\n\n\n\t\t<\/div>\n\t\t\t\t\t<\/div>\n\n\t\n\n\t<div id=\"col-1276479885\" class=\"col medium-5 small-12 large-5\"  >\n\t\t\t\t<div class=\"col-inner text-center\"  >\n\t\t\t\n\t\t\t\n\n\t<div id=\"text-2696269094\" class=\"text\">\n\t\t\n\n<p>\u0160okol\u0101des konfek\u0161u sagatavo\u0161anas instrukcijas<\/p>\n\t\t\n<style>\n#text-2696269094 {\n  text-align: left;\n}\n<\/style>\n\t<\/div>\n\t\n<div class=\"video video-fit mb\" style=\"padding-top:56.25%;\"><p><iframe loading=\"lazy\" title=\"\u0160okolaadist pulgakommide valmistamine &quot;Tee ise pulgakommid!&quot; komplekti abil\" width=\"1020\" height=\"574\" src=\"https:\/\/www.youtube.com\/embed\/Hj9xNwVqqK0?feature=oembed\" frameborder=\"0\" allow=\"accelerometer; autoplay; clipboard-write; encrypted-media; gyroscope; picture-in-picture; web-share\" referrerpolicy=\"strict-origin-when-cross-origin\" allowfullscreen><\/iframe><\/p>\n<\/div>\n\n\n\t\t<\/div>\n\t\t\t\t\t<\/div>\n\n\t\n\n<\/div>\n<div class=\"row align-center\"  id=\"row-1163894374\">\n\n\n\t<div id=\"col-2002178197\" class=\"col medium-5 small-12 large-5\"  >\n\t\t\t\t<div class=\"col-inner\"  >\n\t\t\t\n\t\t\t\n\n\t<div id=\"text-3402966451\" class=\"text\">\n\t\t\n\n<p>Svaig\u0101s pastas sagatavo\u0161anas instrukcijas<\/p>\n\t\t\n<style>\n#text-3402966451 {\n  text-align: left;\n}\n<\/style>\n\t<\/div>\n\t\n<div class=\"video video-fit mb\" style=\"padding-top:56.25%;\"><p><iframe loading=\"lazy\" title=\"Pasta valmistamine &quot;Tee ise pastat!&quot; komplekti abil\" width=\"1020\" height=\"574\" src=\"https:\/\/www.youtube.com\/embed\/__1dHD2LJkc?feature=oembed\" frameborder=\"0\" allow=\"accelerometer; autoplay; clipboard-write; encrypted-media; gyroscope; picture-in-picture; web-share\" referrerpolicy=\"strict-origin-when-cross-origin\" allowfullscreen><\/iframe><\/p>\n<\/div>\n\n\n\t\t<\/div>\n\t\t\t\t\t<\/div>\n\n\t\n\n<\/div>\n<div class=\"row row-collapse align-center\"  id=\"row-1545174879\">\n\n\n\t<div id=\"col-1592455751\" class=\"col medium-5 small-12 large-5\"  >\n\t\t\t\t<div class=\"col-inner\"  >\n\t\t\t\n\t\t\t\n\n<p>Daudzveidu kr\u0101sainu \u0161okol\u0101des konfek\u0161u sagatavo\u0161ana<\/p>\n<div class=\"video video-fit mb\" style=\"padding-top:56.25%;\"><p><iframe loading=\"lazy\" title=\"Mitmev\u00e4rvilise \u0161okolaadist pulgakommi valmistamine\" width=\"1020\" height=\"574\" src=\"https:\/\/www.youtube.com\/embed\/jp2g72rLB_8?feature=oembed\" frameborder=\"0\" allow=\"accelerometer; autoplay; clipboard-write; encrypted-media; gyroscope; picture-in-picture; web-share\" referrerpolicy=\"strict-origin-when-cross-origin\" allowfullscreen><\/iframe><\/p>\n<\/div>\n\n\n\t\t<\/div>\n\t\t\t\t\t<\/div>\n\n\t\n\n\t<div id=\"col-460639036\" class=\"col medium-5 small-12 large-5\"  >\n\t\t\t\t<div class=\"col-inner\"  >\n\t\t\t\n\t\t\t\n\n<p>Gumiju konfek\u0161u sagatavo\u0161anas instrukcijas<\/p>\n<div class=\"video video-fit mb\" style=\"padding-top:56.25%;\"><p><iframe loading=\"lazy\" title=\"Tee ise kummikommi pulgakomme\" width=\"1020\" height=\"574\" src=\"https:\/\/www.youtube.com\/embed\/uK2koY05SWY?feature=oembed\" frameborder=\"0\" allow=\"accelerometer; autoplay; clipboard-write; encrypted-media; gyroscope; picture-in-picture; web-share\" referrerpolicy=\"strict-origin-when-cross-origin\" allowfullscreen><\/iframe><\/p>\n<\/div>\n\n\n\t\t<\/div>\n\t\t\t\t\t<\/div>\n\n\t\n\n<\/div>\n<div class=\"row row-collapse align-center\"  id=\"row-1445467660\">\n\n\n\t<div id=\"col-1239142358\" class=\"col medium-5 small-12 large-5\"  >\n\t\t\t\t<div class=\"col-inner\"  >\n\t\t\t\n\t\t\t\n\n<p>Dinozauru cepumu sagatavo\u0161anas instrukcijas<\/p>\n<div class=\"video video-fit mb\" style=\"padding-top:56.25%;\"><p><iframe loading=\"lazy\" title=\"Tempelk\u00fcpsiste valmistamine &quot;Tee ise dinok\u00fcpsised!&quot; komplekti abil\" width=\"1020\" height=\"574\" src=\"https:\/\/www.youtube.com\/embed\/ORftKJ7d_-4?feature=oembed\" frameborder=\"0\" allow=\"accelerometer; autoplay; clipboard-write; encrypted-media; gyroscope; picture-in-picture; web-share\" referrerpolicy=\"strict-origin-when-cross-origin\" allowfullscreen><\/iframe><\/p>\n<\/div>\n\n\n\t\t<\/div>\n\t\t\t\t\t<\/div>\n\n\t\n\n\t<div id=\"col-1213931805\" class=\"col medium-5 small-12 large-5\"  >\n\t\t\t\t<div class=\"col-inner\"  >\n\t\t\t\n\t\t\t\n\n<p>Vienraga cepumu sagatavo\u0161anas instrukcijas<\/p>\n<div class=\"video video-fit mb\" style=\"padding-top:56.25%;\"><p><iframe loading=\"lazy\" title=\"Tempelk\u00fcpsiste valmistamine &quot;Tee ise k\u00fcpsised!&quot; \u00fckssarvikud komplekti abil\" width=\"1020\" height=\"574\" src=\"https:\/\/www.youtube.com\/embed\/Qx4CnhFTr4A?feature=oembed\" frameborder=\"0\" allow=\"accelerometer; autoplay; clipboard-write; encrypted-media; gyroscope; picture-in-picture; web-share\" referrerpolicy=\"strict-origin-when-cross-origin\" allowfullscreen><\/iframe><\/p>\n<\/div>\n\n\n\t\t<\/div>\n\t\t\t\t\t<\/div>\n\n\t\n\n<\/div>\n<div class=\"container section-title-container\" ><h3 class=\"section-title section-title-normal\"><b aria-hidden=\"true\"><\/b><span class=\"section-title-main\" >Pamudino\u0161ie video:<\/span><b aria-hidden=\"true\"><\/b><\/h3><\/div>\n\n<div class=\"row align-center\"  id=\"row-185795535\">\n\n\n\t<div id=\"col-1812062845\" class=\"col medium-5 small-12 large-5\"  >\n\t\t\t\t<div class=\"col-inner text-center\" style=\"background-color:rgb(255,255,255);\" >\n\t\t\t\n\t\t\t\n\n\t<div id=\"text-4186247607\" class=\"text\">\n\t\t\n\n<p>K\u0101 gar\u0161o kukaini gumiju saldumiem?<\/p>\n\t\t\n<style>\n#text-4186247607 {\n  text-align: left;\n}\n<\/style>\n\t<\/div>\n\t\n<div class=\"video video-fit mb\" style=\"padding-top:56.25%;\"><p><iframe loading=\"lazy\" title=\"Putukad kummikommides\" width=\"1020\" height=\"574\" src=\"https:\/\/www.youtube.com\/embed\/TEC43HZX0Iw?feature=oembed\" frameborder=\"0\" allow=\"accelerometer; autoplay; clipboard-write; encrypted-media; gyroscope; picture-in-picture; web-share\" referrerpolicy=\"strict-origin-when-cross-origin\" allowfullscreen><\/iframe><\/p>\n<\/div>\n\n\n\t\t<\/div>\n\t\t\t\t\t<\/div>\n\n\t\n\n\t<div id=\"col-1881726424\" class=\"col medium-5 small-12 large-5\"  >\n\t\t\t\t<div class=\"col-inner text-center\"  >\n\t\t\t\n\t\t\t\n\n\t<div id=\"text-1959379319\" class=\"text\">\n\t\t\n\n<p>Gumiju saldumu veido\u0161ana<\/p>\n\t\t\n<style>\n#text-1959379319 {\n  text-align: left;\n}\n<\/style>\n\t<\/div>\n\t\n<div class=\"video video-fit mb\" style=\"padding-top:56.25%;\"><p><iframe loading=\"lazy\" title=\"Kummikommide valmistamise katsetus\" width=\"1020\" height=\"574\" src=\"https:\/\/www.youtube.com\/embed\/A1ASSEW2kIM?feature=oembed\" frameborder=\"0\" allow=\"accelerometer; autoplay; clipboard-write; encrypted-media; gyroscope; picture-in-picture; web-share\" referrerpolicy=\"strict-origin-when-cross-origin\" allowfullscreen><\/iframe><\/p>\n<\/div>\n\n\n\t\t<\/div>\n\t\t\t\t\t<\/div>\n\n\t\n\n<\/div>\n<div class=\"row align-center\"  id=\"row-183155964\">\n\n\n\t<div id=\"col-386331367\" class=\"col medium-5 small-12 large-5\"  >\n\t\t\t\t<div class=\"col-inner text-center\"  >\n\t\t\t\n\t\t\t\n\n\t<div id=\"text-3079667595\" class=\"text\">\n\t\t\n\n<p><span style=\"font-weight: 400;\">DIY konfektes no pipark\u016bku m\u012bklas<\/span><\/p>\n\t\t\n<style>\n#text-3079667595 {\n  text-align: left;\n}\n<\/style>\n\t<\/div>\n\t\n<div class=\"video video-fit mb\" style=\"padding-top:56.25%;\"><p><iframe loading=\"lazy\" title=\"Piparkoogi taignast pulgakommid\" width=\"1020\" height=\"574\" src=\"https:\/\/www.youtube.com\/embed\/QuoSkJt4XLo?feature=oembed\" frameborder=\"0\" allow=\"accelerometer; autoplay; clipboard-write; encrypted-media; gyroscope; picture-in-picture; web-share\" referrerpolicy=\"strict-origin-when-cross-origin\" allowfullscreen><\/iframe><\/p>\n<\/div>\n\n\n\t\t<\/div>\n\t\t\t\t\t<\/div>\n\n\t\n\n\t<div id=\"col-305608474\" class=\"col medium-5 small-12 large-5\"  >\n\t\t\t\t<div class=\"col-inner text-center\"  >\n\t\t\t\n\t\t\t\n\n\t<div id=\"text-1618668930\" class=\"text\">\n\t\t\n\n<p><span style=\"font-weight: 400;\">Pipark\u016bku egl\u012btes dekor\u0113\u0161ana ar dinozauru saldumiem<\/span><\/p>\n\t\t\n<style>\n#text-1618668930 {\n  text-align: left;\n}\n<\/style>\n\t<\/div>\n\t\n<div class=\"video video-fit mb\" style=\"padding-top:56.25%;\"><p><iframe loading=\"lazy\" title=\"Piparkoogist j\u00f5ulukuuse kaunistamine dinosaurustega\" width=\"1020\" height=\"574\" src=\"https:\/\/www.youtube.com\/embed\/u6SJKOaibmU?feature=oembed\" frameborder=\"0\" allow=\"accelerometer; autoplay; clipboard-write; encrypted-media; gyroscope; picture-in-picture; web-share\" referrerpolicy=\"strict-origin-when-cross-origin\" allowfullscreen><\/iframe><\/p>\n<\/div>\n\n\n\t\t<\/div>\n\t\t\t\t\t<\/div>\n\n\t\n\n<\/div>\n<div class=\"row align-center\"  id=\"row-395294675\">\n\n\n\t<div id=\"col-977977595\" class=\"col medium-5 small-12 large-5\"  >\n\t\t\t\t<div class=\"col-inner text-center\"  >\n\t\t\t\n\t\t\t\n\n\t<div id=\"text-1155131804\" class=\"text\">\n\t\t\n\n<p>Gumiju konfek\u0161u gar\u0161o\u0161ana<\/p>\n\t\t\n<style>\n#text-1155131804 {\n  text-align: left;\n}\n<\/style>\n\t<\/div>\n\t\n<div class=\"video video-fit mb\" style=\"padding-top:56.25%;\"><p><iframe loading=\"lazy\" title=\"Kummikommi-pulgakommide maitsmine\" width=\"1020\" height=\"574\" src=\"https:\/\/www.youtube.com\/embed\/-wWCXTGFab4?feature=oembed\" frameborder=\"0\" allow=\"accelerometer; autoplay; clipboard-write; encrypted-media; gyroscope; picture-in-picture; web-share\" referrerpolicy=\"strict-origin-when-cross-origin\" allowfullscreen><\/iframe><\/p>\n<\/div>\n\n\n\t\t<\/div>\n\t\t\t\t\t<\/div>\n\n\t\n\n\t<div id=\"col-1069397216\" class=\"col medium-5 small-12 large-5\"  >\n\t\t\t\t<div class=\"col-inner text-center\"  >\n\t\t\t\n\t\t\t\n\n<p style=\"text-align: left;\">Kad ir lab\u0101kais laiks gatavot sald\u0113jumu?<\/p>\n<div class=\"video video-fit mb\" style=\"padding-top:56.25%;\"><p><iframe loading=\"lazy\" title=\"J\u00e4\u00e4tiseaeg\" width=\"1020\" height=\"574\" src=\"https:\/\/www.youtube.com\/embed\/yyQUir9kt3A?feature=oembed\" frameborder=\"0\" allow=\"accelerometer; autoplay; clipboard-write; encrypted-media; gyroscope; picture-in-picture; web-share\" referrerpolicy=\"strict-origin-when-cross-origin\" allowfullscreen><\/iframe><\/p>\n<\/div>\n\n\n\t\t<\/div>\n\t\t\t\t\t<\/div>\n\n\t\n\n<\/div>\n\n","protected":false},"excerpt":{"rendered":"","protected":false},"author":1,"featured_media":0,"parent":0,"menu_order":0,"comment_status":"closed","ping_status":"closed","template":"","meta":{"footnotes":""},"class_list":["post-7932","page","type-page","status-publish","hentry"],"_links":{"self":[{"href":"https:\/\/lastella.ee\/lv\/wp-json\/wp\/v2\/pages\/7932","targetHints":{"allow":["GET"]}}],"collection":[{"href":"https:\/\/lastella.ee\/lv\/wp-json\/wp\/v2\/pages"}],"about":[{"href":"https:\/\/lastella.ee\/lv\/wp-json\/wp\/v2\/types\/page"}],"author":[{"embeddable":true,"href":"https:\/\/lastella.ee\/lv\/wp-json\/wp\/v2\/users\/1"}],"replies":[{"embeddable":true,"href":"https:\/\/lastella.ee\/lv\/wp-json\/wp\/v2\/comments?post=7932"}],"version-history":[{"count":3,"href":"https:\/\/lastella.ee\/lv\/wp-json\/wp\/v2\/pages\/7932\/revisions"}],"predecessor-version":[{"id":9097,"href":"https:\/\/lastella.ee\/lv\/wp-json\/wp\/v2\/pages\/7932\/revisions\/9097"}],"wp:attachment":[{"href":"https:\/\/lastella.ee\/lv\/wp-json\/wp\/v2\/media?parent=7932"}],"curies":[{"name":"wp","href":"https:\/\/api.w.org\/{rel}","templated":true}]}}