{"id":7926,"date":"2022-05-14T21:00:18","date_gmt":"2022-05-14T18:00:18","guid":{"rendered":"https:\/\/lastella.ee\/?page_id=7926"},"modified":"2025-02-08T12:14:18","modified_gmt":"2025-02-08T09:14:18","slug":"par-mums","status":"publish","type":"page","link":"https:\/\/lastella.ee\/lv\/par-mums\/","title":{"rendered":"Par mums"},"content":{"rendered":"\n<div class=\"container section-title-container\" ><h3 class=\"section-title section-title-normal\"><b aria-hidden=\"true\"><\/b><span class=\"section-title-main\" >Par mums<\/span><b aria-hidden=\"true\"><\/b><\/h3><\/div>\n\n\n\t<section class=\"section\" id=\"section_1259198587\">\n\t\t<div class=\"section-bg fill\" >\n\t\t\t\t\t\t\t\t\t\n\t\t\t\n\n\t\t<\/div>\n\n\t\t\n\n\t\t<div class=\"section-content relative\">\n\t\t\t\n\n<p><span style=\"font-weight: 400; font-family: azosans;\">\u00c4nn un Aire ir divas draudzenes, kur\u0101m kop\u012bgs tas, ka abas ir m\u0101tes. \u00a0<\/span><\/p>\n<p><span style=\"font-weight: 400; font-family: azosans;\">\u00c4nn rada sevi\u0161\u0137i acis piesaisto\u0161us na\u0161\u0137us sava d\u0113la dzim\u0161anas dienas galdam. Tom\u0113r \u0161o na\u0161\u0137u gatavo\u0161ana prasa liel\u0101ku da\u017e\u0101du ingredientu ieg\u0101di, no kur\u0101m da\u013ca paliek neizmantota un nok\u013c\u016bst atkritumos. \u00c4nnei visvair\u0101k n\u0101cies izliet p\u0101rpaliku\u0161\u0101s p\u0101rtikas kr\u0101sas.<\/span><\/p>\n<p><span style=\"font-weight: 400; font-family: azosans;\">Aires meita apmekl\u0113 skolu, ir patst\u0101v\u012bga un \u013coti interes\u0113jas par lieto\u0161anu un rad\u012b\u0161anu. Tom\u0113r pand\u0113mijas laik\u0101 m\u0101jas m\u0101c\u012bbas prasa da\u017e\u0101d\u012bbu. B\u0113rns cen\u0161as atrast interesantas nodarb\u012bbas, ta\u010du ne vienm\u0113r izdodas.<\/span><\/p>\n<div class=\"row align-equal align-center\"  id=\"row-424199824\">\n\n\n\t<div id=\"col-1169297086\" class=\"col small-12 large-12\"  >\n\t\t\t\t<div class=\"col-inner text-center\"  >\n\t\t\t\n\t\t\t\n\n\t<div id=\"gap-295055855\" class=\"gap-element clearfix\" style=\"display:block; height:auto;\">\n\t\t\n<style>\n#gap-295055855 {\n  padding-top: 38px;\n}\n<\/style>\n\t<\/div>\n\t\n\n\t<div class=\"img has-hover x md-x lg-x y md-y lg-y\" id=\"image_1674961238\">\n\t\t\t\t\t\t\t\t<div class=\"img-inner dark\" >\n\t\t\t<img loading=\"lazy\" decoding=\"async\" width=\"1000\" height=\"667\" src=\"https:\/\/lastella.ee\/wp-content\/uploads\/2024\/09\/Aire_ja_ann.jpg\" class=\"attachment-original size-original\" alt=\"\" srcset=\"https:\/\/lastella.ee\/wp-content\/uploads\/2024\/09\/Aire_ja_ann.jpg 1000w, https:\/\/lastella.ee\/wp-content\/uploads\/2024\/09\/Aire_ja_ann-300x200.jpg 300w, https:\/\/lastella.ee\/wp-content\/uploads\/2024\/09\/Aire_ja_ann-768x512.jpg 768w, https:\/\/lastella.ee\/wp-content\/uploads\/2024\/09\/Aire_ja_ann-400x267.jpg 400w, https:\/\/lastella.ee\/wp-content\/uploads\/2024\/09\/Aire_ja_ann-500x334.jpg 500w\" sizes=\"auto, (max-width: 1000px) 100vw, 1000px\" \/>\t\t\t\t\t\t\n\t\t\t\t\t<\/div>\n\t\t\t\t\t\t\t\t\n<style>\n#image_1674961238 {\n  width: 60%;\n}\n<\/style>\n\t<\/div>\n\t\n\n\n\t\t<\/div>\n\t\t\t\t\t<\/div>\n\n\t\n\n<\/div>\n<div>\n<p><span style=\"font-weight: 400; font-family: azosans;\">T\u0101 rad\u0101s ideja izveidot &#8220;Izveido pats saldumus!&#8221; komplektus, kas \u013cauj b\u0113rniem vienam vai kop\u0101 ar vec\u0101kiem un draugiem rad\u012bt kaut ko pievilc\u012bgu.<\/span><\/p>\n<p><span style=\"font-weight: 400; font-family: azosans;\">\u0160ie komplekti satur visu nepiecie\u0161amo \u012bstajos daudzumos, lai b\u0113rns un pieaugu\u0161ais var\u0113tu uzreiz s\u0101kt darbo\u0161anos. Komplekti ir piem\u0113roti skolas vecuma b\u0113rniem patst\u0101v\u012bgai darb\u012bbai un pirmsskolas vecuma b\u0113rniem, lai darbotos kop\u0101 ar vec\u0101kiem.<\/span><\/p>\n<p><span style=\"font-weight: 400; font-family: azosans;\">\u0160ie komplekti dod \u0123imen\u0113m iesp\u0113ju iesaist\u012bt b\u0113rnu dzim\u0161anas dienas galda sagatavo\u0161an\u0101. Vai doties uz cep\u0161anas prieku jebkur\u0101 cit\u0101 pas\u0101kum\u0101 &#8211; vai tas b\u016btu lielas komp\u0101nijas \u0123imenes diena vai m\u0101j\u012bga pi\u017eamu ball\u012bte pirms filmu skat\u012b\u0161an\u0101s un gul\u0113tie\u0161anas.<\/span><\/p>\n<p><strong><span style=\"font-family: azosans;\">Komplekti piem\u0113roti ar\u012b k\u0101 dzim\u0161anas dienas vai Ziemassv\u0113tku d\u0101vanas. Bie\u017ei b\u0113rniem ir daudz rota\u013clietu un gr\u016bti atrast d\u0101vanu, kas neb\u016bs pamesta kakt\u0101. Piem\u0113ram, gumijas l\u0101c\u012b\u0161u gatavo\u0161ana ir saisto\u0161s process, un formas var izmantot ar\u012b cit\u0101m liet\u0101m (ledus kubi\u0146iem, \u0161okol\u0101des konfekt\u0113m). T\u0101d\u0113j\u0101di rado\u0161\u0101 aktivit\u0101te ilgst ilg\u0101k.<\/span><\/strong><\/p>\n<p><span style=\"font-weight: 400; font-family: azosans;\">M\u016bsu m\u0113r\u0137is ir padar\u012bt komplektus p\u0113c iesp\u0113jas t\u012br\u0101kus un dab\u012bg\u0101kus. Tie\u0161i t\u0101du produktu, ko esam gatavas dot saviem b\u0113rniem.<\/span><\/p>\n<\/div>\n<div class=\"row\"  id=\"row-1997456909\">\n\n\n\t<div id=\"col-1815128348\" class=\"col small-12 large-12\"  >\n\t\t\t\t<div class=\"col-inner text-center\"  >\n\t\t\t\n\t\t\t\n\n\t<div class=\"img has-hover x md-x lg-x y md-y lg-y\" id=\"image_247645028\">\n\t\t\t\t\t\t\t\t<div class=\"img-inner dark\" >\n\t\t\t<img loading=\"lazy\" decoding=\"async\" width=\"1000\" height=\"667\" src=\"https:\/\/lastella.ee\/wp-content\/uploads\/2024\/09\/Lastella_kompletid_lastele.jpg\" class=\"attachment-large size-large\" alt=\"Laste tegevuskomplektid kingituseks\" srcset=\"https:\/\/lastella.ee\/wp-content\/uploads\/2024\/09\/Lastella_kompletid_lastele.jpg 1000w, https:\/\/lastella.ee\/wp-content\/uploads\/2024\/09\/Lastella_kompletid_lastele-300x200.jpg 300w, https:\/\/lastella.ee\/wp-content\/uploads\/2024\/09\/Lastella_kompletid_lastele-768x512.jpg 768w, https:\/\/lastella.ee\/wp-content\/uploads\/2024\/09\/Lastella_kompletid_lastele-400x267.jpg 400w, https:\/\/lastella.ee\/wp-content\/uploads\/2024\/09\/Lastella_kompletid_lastele-500x334.jpg 500w\" sizes=\"auto, (max-width: 1000px) 100vw, 1000px\" \/>\t\t\t\t\t\t\n\t\t\t\t\t<\/div>\n\t\t\t\t\t\t\t\t\n<style>\n#image_247645028 {\n  width: 60%;\n}\n<\/style>\n\t<\/div>\n\t\n\n\n\t\t<\/div>\n\t\t\t\t\t<\/div>\n\n\t\n\n<\/div>\n<div class=\"text-center\"><div class=\"is-divider divider clearfix\" ><\/div><\/div>\n\n<h2><span style=\"font-weight: 400;\">DIY komplekti b\u0113rniem<\/span><\/h2>\n<div class=\"woocommerce columns-4 \"><\/div>\n\n\n\t\t<\/div>\n\n\t\t\n<style>\n#section_1259198587 {\n  padding-top: 30px;\n  padding-bottom: 30px;\n}\n<\/style>\n\t<\/section>\n\t\n\n","protected":false},"excerpt":{"rendered":"","protected":false},"author":1,"featured_media":0,"parent":0,"menu_order":0,"comment_status":"closed","ping_status":"closed","template":"","meta":{"footnotes":""},"class_list":["post-7926","page","type-page","status-publish","hentry"],"_links":{"self":[{"href":"https:\/\/lastella.ee\/lv\/wp-json\/wp\/v2\/pages\/7926","targetHints":{"allow":["GET"]}}],"collection":[{"href":"https:\/\/lastella.ee\/lv\/wp-json\/wp\/v2\/pages"}],"about":[{"href":"https:\/\/lastella.ee\/lv\/wp-json\/wp\/v2\/types\/page"}],"author":[{"embeddable":true,"href":"https:\/\/lastella.ee\/lv\/wp-json\/wp\/v2\/users\/1"}],"replies":[{"embeddable":true,"href":"https:\/\/lastella.ee\/lv\/wp-json\/wp\/v2\/comments?post=7926"}],"version-history":[{"count":3,"href":"https:\/\/lastella.ee\/lv\/wp-json\/wp\/v2\/pages\/7926\/revisions"}],"predecessor-version":[{"id":8101,"href":"https:\/\/lastella.ee\/lv\/wp-json\/wp\/v2\/pages\/7926\/revisions\/8101"}],"wp:attachment":[{"href":"https:\/\/lastella.ee\/lv\/wp-json\/wp\/v2\/media?parent=7926"}],"curies":[{"name":"wp","href":"https:\/\/api.w.org\/{rel}","templated":true}]}}