{"id":7883,"date":"2022-03-28T15:34:02","date_gmt":"2022-03-28T12:34:02","guid":{"rendered":"https:\/\/lastella.ee\/?page_id=7883"},"modified":"2025-02-08T12:13:37","modified_gmt":"2025-02-08T09:13:37","slug":"noteikumi-un-nosacijumi","status":"publish","type":"page","link":"https:\/\/lastella.ee\/lv\/noteikumi-un-nosacijumi\/","title":{"rendered":"Noteikumi un nosac\u012bjumi"},"content":{"rendered":"\n<div class=\"container section-title-container\" ><h3 class=\"section-title section-title-center\"><b aria-hidden=\"true\"><\/b><span class=\"section-title-main\" >Noteikumi un nosac\u012bjumi<\/span><b aria-hidden=\"true\"><\/b><\/h3><\/div>\n\n<h4><span style=\"font-weight: 400;\">Noteikumi un nosac\u012bjumi<\/span><\/h4>\n<p><span style=\"font-weight: 400;\">Atbild\u012bgais datu apstr\u0101d\u0101t\u0101js interneta veikalam lastella.ee ir <span style=\"font-family: azosans;\">Aares &amp; Helina O\u00dc (registration code 16406336)<\/span>, kas atrodas <span style=\"font-family: azosans;\">Arhitekti 2-1, Tartu, Estonia<\/span>, e-pasts <span style=\"font-family: azosans;\">info@lastella.ee<\/span>.<\/span><\/p>\n<h3><strong>P\u0101rdo\u0161anas l\u012bguma, produkta un cenu inform\u0101cijas der\u012bgums<\/strong><\/h3>\n<p><span style=\"font-weight: 400;\">Noteikumi un nosac\u012bjumi attiecas uz pre\u010du ieg\u0101di interneta veikal\u0101. Produktu att\u0113li interneta veikal\u0101 ir ilustrat\u012bvi, un faktisk\u0101s produktu kr\u0101sas var nedaudz at\u0161\u0137irties. Sast\u0101vda\u013cas un uzturv\u0113rt\u012bbas uz iepakojuma var at\u0161\u0137irties no t\u012bmek\u013ca vietn\u0113 att\u0113lot\u0101s inform\u0101cijas. Inform\u0101cija uz iepakojuma ir pareiza. Interneta veikal\u0101 p\u0101rdodamo produktu cenas ir nor\u0101d\u012btas blakus produktiem. Par pre\u010du pieg\u0101di tiek piem\u0113rota papildu maksa. Pre\u010du pieg\u0101des maksa ir atkar\u012bga no pirc\u0113ja atra\u0161an\u0101s vietas un pieg\u0101des veida. Pieg\u0101des maksa pirc\u0113jam tiek par\u0101d\u012bta pas\u016bt\u012bjuma noform\u0113\u0161anas laik\u0101. Inform\u0101cija par produktu ir sniegta tie\u0161i blakus produktam interneta veikal\u0101.<\/span><\/p>\n<h3><strong>Maks\u0101\u0161anas metodes<\/strong><\/h3>\n<p><span style=\"font-weight: 400;\">Interneta veikal\u0101 ir iesp\u0113jams veikt maks\u0101jumus, izmantojot bankas p\u0101rskait\u012bjumu, maks\u0101jumu karti un izmantot viet\u0113jo Igaunijas, Latvijas, Lietuvas un Somijas banku interneta banku saites. Nor\u0113\u0137ini tiek veikti eiro (EUR \u20ac).<\/span><\/p>\n<h3><strong>Pas\u016bt\u012bjuma noform\u0113\u0161ana<\/strong><\/h3>\n<p><span style=\"font-weight: 400;\">Lai pas\u016bt\u012btu produktu, jums nepiecie\u0161ams pievienot v\u0113lam\u0101s preces iepirkumu grozam. Lai pabeigtu pas\u016bt\u012bjumu, jums j\u0101aizpilda nepiecie\u0161amie lauki un j\u0101izv\u0113las piem\u0113rots produktu pieg\u0101des veids. P\u0113c tam ekr\u0101n\u0101 tiek par\u0101d\u012bta maks\u0101jam\u0101 summa, kuru var apmaks\u0101t, izmantojot bankas saiti vai citu maks\u0101jumu risin\u0101jumu. L\u012bgums st\u0101jas sp\u0113k\u0101 p\u0113c maks\u0101jam\u0101s summas sa\u0146em\u0161anas interneta veikala bankas kont\u0101. Ja pas\u016bt\u012bt\u0101s preces nevar pieg\u0101d\u0101t produkta noliktavas tr\u016bkuma d\u0113\u013c vai jebkura cita iemesla d\u0113\u013c, pirc\u0113js tiks inform\u0113ts p\u0113c iesp\u0113jas \u0101tr\u0101k, un samaks\u0101t\u0101 summa (ieskaitot produkta pieg\u0101des izmaksas) tiks atmaks\u0101ta nekav\u0113joties, bet ne v\u0113l\u0101k k\u0101 14 dienu laik\u0101 no pazi\u0146o\u0161anas datuma.<\/span><\/p>\n<h3><strong>Pieg\u0101de<\/strong><\/h3>\n<p><span style=\"font-weight: 400;\">Preces tiek pieg\u0101d\u0101tas uz \u0161\u0101d\u0101m valst\u012bm: Igaunija, Latvija, Lietuva, Somija, V\u0101cija. Pieg\u0101des izmaksas sedz pirc\u0113js, un attiec\u012bg\u0101 cenu inform\u0101cija ir att\u0113lota blakus pieg\u0101des metodei. Iek\u0161zemes s\u016bt\u012bjumi Igaunij\u0101 parasti sasniedz pirc\u0113ja nor\u0101d\u012bto galam\u0113r\u0137i 3-7 darba dienu laik\u0101 no p\u0101rdo\u0161anas l\u012bguma sp\u0113k\u0101 st\u0101\u0161an\u0101s datuma. S\u016bt\u012bjumi uz Latviju, Lietuvu un Somiju var sasniegt galam\u0113r\u0137i 3-7 dienu laik\u0101. S\u016bt\u012bjumi uz V\u0101ciju var pien\u0101kt 7-15 dienu laik\u0101.<\/span><\/p>\n<h3><strong>Atteikuma ties\u012bbas<\/strong><\/h3>\n<p><span style=\"font-weight: 400;\">P\u0113c pas\u016bt\u012bjuma sa\u0146em\u0161anas pirc\u0113jam ir ties\u012bbas atteikties no interneta veikal\u0101 nosl\u0113gt\u0101 l\u012bguma 14 dienu laik\u0101.<\/span><\/p>\n<p><span style=\"font-weight: 400;\">Atteikuma ties\u012bbas neattiecas, ja pirc\u0113js ir juridiska persona.<\/span><\/p>\n<p><span style=\"font-weight: 400;\">Lai izmantotu 14 dienu atteikuma ties\u012bbas, pas\u016bt\u012btais produkts nedr\u012bkst b\u016bt lietots cit\u0101 veid\u0101, k\u0101 vien nepiecie\u0161ams, lai p\u0101rliecin\u0101tos par produkta raksturu, \u012bpa\u0161\u012bb\u0101m un darb\u012bbu, k\u0101 tas b\u016btu at\u013cauts, p\u0101rbaudot produktu fizisk\u0101 veikal\u0101. Ja produkts ir izmantots citiem m\u0113r\u0137iem, nek\u0101 nepiecie\u0161ams, lai p\u0101rliecin\u0101tos par produkta raksturu, \u012bpa\u0161\u012bb\u0101m un darb\u012bbu, vai tam ir lieto\u0161anas vai nodiluma paz\u012bmes, interneta veikalam ir ties\u012bbas samazin\u0101t atmaks\u0101jamo summu atbilsto\u0161i produkta v\u0113rt\u012bbas samazin\u0101jumam. Lai atgrieztu produktu, pazi\u0146ojums par atteik\u0161anos no produkta pirkuma j\u0101iesniedz ne v\u0113l\u0101k k\u0101 14 dienu laik\u0101 no produkta sa\u0146em\u0161anas uz e-pasta adresi <a href=\"mailto:info@lastella.ee\">info@lastella.ee<\/a>.<\/span><\/p>\n<p><span style=\"font-weight: 400;\">Produkta atgrie\u0161anas izmaksas sedz pirc\u0113js, iz\u0146emot gad\u012bjumus, kad atgrie\u0161anas iemesls ir tas, ka atgrie\u017eam\u0101 prece neatbilst pas\u016bt\u012btajai (piem\u0113ram, nepareiza vai boj\u0101ta prece). Pirc\u0113jam j\u0101atgrie\u017e produkts 14 dienu laik\u0101 p\u0113c atteikuma pazi\u0146ojuma iesnieg\u0161anas vai j\u0101sniedz pier\u0101d\u012bjums, ka vi\u0146\u0161 ir nodevis produktu p\u0101rvad\u0101t\u0101jam iepriek\u0161 min\u0113taj\u0101 period\u0101. Interneta veikals atmaks\u0101 pirc\u0113jam visas saska\u0146\u0101 ar l\u012bgumu sa\u0146emt\u0101s maksas bez nepamatotas kav\u0113\u0161an\u0101s, bet ne v\u0113l\u0101k k\u0101 14 dienu laik\u0101 no atteikuma pazi\u0146ojuma sa\u0146em\u0161anas. Interneta veikals var atteikties veikt atmaksu, l\u012bdz tas ir sa\u0146\u0113mis l\u012bguma priek\u0161metu vai l\u012bdz pirc\u0113js ir sniedzis pier\u0101d\u012bjumus, ka ir atgriezis preci, atkar\u012bb\u0101 no t\u0101, kur\u0161 nosac\u012bjums iest\u0101jas agr\u0101k. Ja pirc\u0113js ir skaidri izv\u0113l\u0113jies preces pieg\u0101des veidu, kas at\u0161\u0137iras no interneta veikala pied\u0101v\u0101t\u0101 l\u0113t\u0101k\u0101 regul\u0101r\u0101 pieg\u0101des veida, interneta veikalam nav pien\u0101kuma atmaks\u0101t pat\u0113r\u0113t\u0101jam izmaksas, kas p\u0101rsniedz ar regul\u0101ro pieg\u0101des veidu saist\u012bt\u0101s izmaksas. Interneta veikalam ir ties\u012bbas atk\u0101pties no p\u0101rdo\u0161anas dar\u012bjuma un piepras\u012bt produkta atgrie\u0161anu no pirc\u0113ja, ja produkta cena interneta veikal\u0101 ir b\u016btiski nepareizi nor\u0101d\u012bta k\u013c\u016bdas d\u0113\u013c zem produkta tirgus cenas.<\/span><\/p>\n<h3><strong>Ties\u012bbas iesniegt s\u016bdz\u012bbu<\/strong><\/h3>\n<p><span style=\"font-weight: 400;\">Interneta veikals ir atbild\u012bgs par neatbilst\u012bbu l\u012bguma noteikumiem vai defektiem pirc\u0113jam p\u0101rdotaj\u0101 produkt\u0101, kas past\u0101v\u0113ja pieg\u0101des br\u012bd\u012b un kuri k\u013c\u016bst ac\u012bmredzami divu gadu laik\u0101 no pieg\u0101des datuma pirc\u0113jam. Pirmo se\u0161u m\u0113ne\u0161u laik\u0101 no pieg\u0101des datuma pirc\u0113jam tiek pie\u0146emts, ka defekts past\u0101v\u0113ja pieg\u0101des br\u012bd\u012b. Interneta veikala pien\u0101kums ir atsp\u0113kot \u0161o pie\u0146\u0113mumu. Pirc\u0113jam ir ties\u012bbas sazin\u0101ties ar interneta veikalu divu m\u0113ne\u0161u laik\u0101 no defekta atkl\u0101\u0161anas, nos\u016btot e-pastu uz adresi info@lastella.ee. Interneta veikals nav atbild\u012bgs par defektiem, kas radu\u0161ies p\u0113c produkta pieg\u0101des pirc\u0113jam. Ja interneta veikal\u0101 ieg\u0101d\u0101tajam produktam ir defekti, par kuriem ir atbild\u012bgs interneta veikals, interneta veikals salabos vai nomain\u012bs produktu pret jaunu. Ja produktu nevar salabot vai nomain\u012bt, interneta veikals atmaks\u0101s pirc\u0113jam visas ar p\u0101rdo\u0161anas l\u012bgumu saist\u012bt\u0101s maksas. Interneta veikals atbild\u0113s uz pat\u0113r\u0113t\u0101ja s\u016bdz\u012bbu rakstiski vai form\u0101, kas \u013cauj rakstisku atveido\u0161anu, 15 dienu laik\u0101.<\/span><\/p>\n<h3><strong>Tie\u0161ais m\u0101rketings un personas datu apstr\u0101de<\/strong><\/h3>\n<p><span style=\"font-weight: 400;\">Interneta veikals izmanto pirc\u0113ja ievad\u012btos personas datus (ieskaitot v\u0101rdu, t\u0101lru\u0146a numuru, adresi, e-pasta adresi, bankas rekviz\u012btus) tikai pas\u016bt\u012bjumu apstr\u0101dei un pre\u010du pieg\u0101dei pirc\u0113jam. Interneta veikals kop\u012bgo personas datus ar transporta pakalpojumu sniedz\u0113jiem, lai pieg\u0101d\u0101tu preces.<\/span><\/p>\n<p><span style=\"font-weight: 400;\">Interneta veikals nos\u016bta pirc\u0113jam vienu e-pastu 14 dienas p\u0113c produktu pas\u016bt\u012b\u0161anas, lai nodro\u0161in\u0101tu produktu atsauksmju iesp\u0113ju.<\/span><\/p>\n<p><span style=\"font-weight: 400;\">Interneta veikals nos\u016bta jaunumus un pied\u0101v\u0101jumus uz pirc\u0113ja e-pasta adresi tikai tad, ja pirc\u0113js ir izteicis v\u0113lmi to sa\u0146emt, ievadot savu e-pasta adresi vietn\u0113 un nor\u0101dot savu preferences sa\u0146emt tie\u0161\u0101 m\u0101rketinga zi\u0146ojumus. Pirc\u0113jam ir iesp\u0113ja jebkur\u0101 laik\u0101 atteikties no e-pasta pied\u0101v\u0101jumiem un jaunumiem, pazi\u0146ojot par to pa e-pastu vai sekojot nor\u0101d\u012bjumiem, kas sniegti pied\u0101v\u0101jumus saturo\u0161aj\u0101 e-past\u0101.<\/span><\/p>\n<h3><strong>Str\u012bdu risin\u0101\u0161ana<\/strong><\/h3>\n<p><span style=\"font-weight: 400;\">Ja pirc\u0113jam ir k\u0101das pretenzijas attiec\u012bb\u0101 uz interneta veikalu, t\u0101s j\u0101nos\u016bta uz e-pasta adresi info@lastella.ee. Ja pirc\u0113js un interneta veikals nevar atrisin\u0101t str\u012bdu vieno\u0161an\u0101s ce\u013c\u0101, pirc\u0113jam ir iesp\u0113ja v\u0113rsties Pat\u0113r\u0113t\u0101ju str\u012bdu komisij\u0101. Ar proced\u016bras nosac\u012bjumiem var iepaz\u012bties un iesniegt pieteikumu \u0161eit. Pat\u0113r\u0113t\u0101ju str\u012bdu komisija ir kompetenta risin\u0101t str\u012bdus, kas izriet no l\u012bgumiem starp pirc\u0113ju un interneta veikalu. Pirc\u0113ja s\u016bdz\u012bbas izskat\u012b\u0161ana komisij\u0101 ir bez maksas. Pirc\u0113js var ar\u012b sazin\u0101ties ar Eiropas Savien\u012bbas pat\u0113r\u0113t\u0101ju str\u012bdu risin\u0101\u0161anas platformu.<\/span><\/p>\n\n","protected":false},"excerpt":{"rendered":"","protected":false},"author":1,"featured_media":0,"parent":0,"menu_order":0,"comment_status":"closed","ping_status":"closed","template":"","meta":{"footnotes":""},"class_list":["post-7883","page","type-page","status-publish","hentry"],"_links":{"self":[{"href":"https:\/\/lastella.ee\/lv\/wp-json\/wp\/v2\/pages\/7883","targetHints":{"allow":["GET"]}}],"collection":[{"href":"https:\/\/lastella.ee\/lv\/wp-json\/wp\/v2\/pages"}],"about":[{"href":"https:\/\/lastella.ee\/lv\/wp-json\/wp\/v2\/types\/page"}],"author":[{"embeddable":true,"href":"https:\/\/lastella.ee\/lv\/wp-json\/wp\/v2\/users\/1"}],"replies":[{"embeddable":true,"href":"https:\/\/lastella.ee\/lv\/wp-json\/wp\/v2\/comments?post=7883"}],"version-history":[{"count":2,"href":"https:\/\/lastella.ee\/lv\/wp-json\/wp\/v2\/pages\/7883\/revisions"}],"predecessor-version":[{"id":7885,"href":"https:\/\/lastella.ee\/lv\/wp-json\/wp\/v2\/pages\/7883\/revisions\/7885"}],"wp:attachment":[{"href":"https:\/\/lastella.ee\/lv\/wp-json\/wp\/v2\/media?parent=7883"}],"curies":[{"name":"wp","href":"https:\/\/api.w.org\/{rel}","templated":true}]}}