{"id":7880,"date":"2022-03-28T15:19:14","date_gmt":"2022-03-28T12:19:14","guid":{"rendered":"https:\/\/lastella.ee\/?page_id=7880"},"modified":"2025-02-08T12:15:13","modified_gmt":"2025-02-08T09:15:13","slug":"privatuma-politika","status":"publish","type":"page","link":"https:\/\/lastella.ee\/lv\/privatuma-politika\/","title":{"rendered":"Priv\u0101tuma politika"},"content":{"rendered":"\n<div class=\"container section-title-container\" ><h3 class=\"section-title section-title-center\"><b aria-hidden=\"true\"><\/b><span class=\"section-title-main\" >Priv\u0101tuma politika<\/span><b aria-hidden=\"true\"><\/b><\/h3><\/div>\n\n<p><span style=\"font-weight: 400;\">Interneta veikala lastella.ee personas datu p\u0101rzinis ir <span style=\"font-family: azosans;\">Aares &amp; Helina O\u00dc (registration code 16406336)<\/span> ar atra\u0161an\u0101s vietu <span style=\"font-family: azosans;\">Arhitekti 2-1, Tartu, Estonia<\/span> un e-pasts <span style=\"font-family: azosans;\">info@lastella.ee.<\/span><\/span><\/p>\n<h3><strong>K\u0101di personas dati tiek apstr\u0101d\u0101ti<\/strong><\/h3>\n<ul>\n<li><span style=\"font-weight: 400;\">v\u0101rds, t\u0101lru\u0146a numurs un e-pasta adrese;<\/span><\/li>\n<li><span style=\"font-weight: 400;\">pre\u010du pieg\u0101des adrese;<\/span><\/li>\n<li><span style=\"font-weight: 400;\">bankas konta numurs;<\/span><\/li>\n<li><span style=\"font-weight: 400;\">pre\u010du un pakalpojumu izmaksas un ar maks\u0101jumiem saist\u012btie dati (pirkumu v\u0113sture);<\/span><\/li>\n<li><span style=\"font-weight: 400;\">klientu atbalsta dati;<\/span><\/li>\n<li><span style=\"font-weight: 400;\">IP adrese.<\/span><\/li>\n<\/ul>\n<h3><span style=\"font-weight: 400;\">Juridiskais pamats<\/span><\/h3>\n<p><span style=\"font-weight: 400;\">Personas datu apstr\u0101de notiek ar m\u0113r\u0137i izpild\u012bt l\u012bgumu, kas nosl\u0113gts ar klientu. Personas datu apstr\u0101de notiek <\/span><span style=\"font-weight: 400;\">juridisko saist\u012bbu izpildei (piem\u0113ram, gr\u0101matved\u012bba un pat\u0113r\u0113t\u0101ju str\u012bdu risin\u0101\u0161ana).<\/span><\/p>\n<h3><span style=\"font-weight: 400;\">Sa\u0146\u0113m\u0113ji, kuriem tiek nodoti personas dati<\/span><\/h3>\n<p><span style=\"font-weight: 400;\">V\u0101rds, t\u0101lru\u0146a numurs un e-pasta adrese tiek nodota klienta izv\u0113l\u0113tajam transporta pakalpojumu sniedz\u0113jam. Ja prece tiek pieg\u0101d\u0101ta ar kurjeru, tad papildus kontaktinform\u0101cijai tiek nodota ar\u012b klienta adrese.<\/span><\/p>\n<p><span style=\"font-weight: 400;\">Ja interneta veikala gr\u0101matved\u012bbu veic pakalpojumu sniedz\u0113js, tad personas dati tiek nodoti pakalpojumu sniedz\u0113jam gr\u0101matved\u012bbas oper\u0101ciju veik\u0161anai.<\/span><\/p>\n<p><span style=\"font-weight: 400;\">Personas dati var tikt nodoti inform\u0101cijas tehnolo\u0123iju pakalpojumu sniedz\u0113jiem, ja tas ir nepiecie\u0161ams interneta veikala funkcionalit\u0101tes vai datu uzglab\u0101\u0161anas nodro\u0161in\u0101\u0161anai.<\/span><\/p>\n<h3><span style=\"font-weight: 400;\">Dro\u0161\u012bba un piek\u013cuve datiem<\/span><\/h3>\n<p><span style=\"font-weight: 400;\">Personas dati tiek glab\u0101ti Zone Media O\u00dc serveros, kas atrodas Eiropas Savien\u012bbas dal\u012bbvalsts vai Eiropas Ekonomikas zonas valstu teritorij\u0101.<\/span><\/p>\n<p><span style=\"font-weight: 400;\">Piek\u013cuve personas datiem ir interneta veikala darbiniekiem, kuri var iepaz\u012bties ar personas datiem, lai risin\u0101tu tehniskos jaut\u0101jumus, kas saist\u012bti ar interneta veikala lieto\u0161anu, un sniegtu klientu atbalsta pakalpojumus.<\/span><\/p>\n<p><span style=\"font-weight: 400;\">Interneta veikals \u012bsteno atbilsto\u0161us fiziskos, organizatoriskos un inform\u0101cijas tehnolo\u0123iju dro\u0161\u012bbas pas\u0101kumus, lai aizsarg\u0101tu personas datus pret nejau\u0161u vai nelikum\u012bgu izn\u012bcin\u0101\u0161anu, nozaud\u0113\u0161anu, izmai\u0146\u0101m vai neat\u013cautu piek\u013cuvi un izpau\u0161anu. Personas datu nodo\u0161ana interneta veikala pilnvarotajiem apstr\u0101d\u0101t\u0101jiem (piem\u0113ram, transporta pakalpojumu sniedz\u0113jam un datu uzglab\u0101\u0161anas pakalpojumu sniedz\u0113jam) notiek, pamatojoties uz l\u012bgumiem, kas nosl\u0113gti starp interneta veikalu un pilnvarotajiem apstr\u0101d\u0101t\u0101jiem. Pilnvarotajiem apstr\u0101d\u0101t\u0101jiem ir pien\u0101kums nodro\u0161in\u0101t atbilsto\u0161us aizsardz\u012bbas pas\u0101kumus personas datu apstr\u0101d\u0113.<\/span><\/p>\n<h3><span style=\"font-weight: 400;\">Iepaz\u012b\u0161an\u0101s ar personas datiem un to labo\u0161ana<\/span><\/h3>\n<p><span style=\"font-weight: 400;\">Ar personas datiem var iepaz\u012bties un veikt labojumus interneta veikala lietot\u0101ja profil\u0101. Ja pirkums veikts bez lietot\u0101ja konta, tad ar personas datiem var iepaz\u012bties ar klientu atbalsta starpniec\u012bbu.<\/span><\/p>\n<h3><span style=\"font-weight: 400;\">Piekri\u0161anas atsauk\u0161ana<\/span><\/h3>\n<p><span style=\"font-weight: 400;\">Ja personas datu apstr\u0101de notiek, pamatojoties uz klienta piekri\u0161anu, tad klientam ir ties\u012bbas atsaukt piekri\u0161anu, par to inform\u0113jot klientu atbalstu pa e-pastu.<\/span><\/p>\n<h3><span style=\"font-weight: 400;\">Glab\u0101\u0161ana<\/span><\/h3>\n<p><span style=\"font-weight: 400;\">Sl\u0113dzot interneta veikala klienta kontu, personas dati tiek dz\u0113sti, iz\u0146emot personas datus (pirkumu v\u0113stures datus), kurus nepiecie\u0161ams saglab\u0101t gr\u0101matved\u012bbas vajadz\u012bb\u0101m vai pat\u0113r\u0113t\u0101ju str\u012bdu risin\u0101\u0161anai.<\/span><\/p>\n<p><span style=\"font-weight: 400;\">Maks\u0101jumu un pat\u0113r\u0113t\u0101ju str\u012bdu gad\u012bjum\u0101 personas dati tiek glab\u0101ti l\u012bdz pras\u012bbas izpildei vai noilguma termi\u0146a beig\u0101m.<\/span><\/p>\n<p><span style=\"font-weight: 400;\">Gr\u0101matved\u012bbas pirmdokumentos ietvertie personas dati tiek glab\u0101ti septi\u0146us gadus.<\/span><\/p>\n<h3><span style=\"font-weight: 400;\">Ierobe\u017eo\u0161ana<\/span><\/h3>\n<p><span style=\"font-weight: 400;\">Klientam ir ties\u012bbas piepras\u012bt savu personas datu apstr\u0101des ierobe\u017eo\u0161anu, ja dati ir nepareizi vai nepiln\u012bgi, vai ja vi\u0146a personas dati tiek apstr\u0101d\u0101ti nelikum\u012bgi.<\/span><\/p>\n<h3><span style=\"font-weight: 400;\">Iebildumi<\/span><\/h3>\n<p><span style=\"font-weight: 400;\">Klientam ir ties\u012bbas iesniegt iebildumus saist\u012bb\u0101 ar vi\u0146a personas datu apstr\u0101di, ja vi\u0146am ir pamats uzskat\u012bt, ka vi\u0146a personas datu apstr\u0101dei nav juridiska pamata.<\/span><\/p>\n<h3><span style=\"font-weight: 400;\">Dz\u0113\u0161ana<\/span><\/h3>\n<p><span style=\"font-weight: 400;\">Lai dz\u0113stu personas datus, j\u0101sazin\u0101s ar klientu atbalstu pa e-pastu. Atbilde uz dz\u0113\u0161anas piepras\u012bjumu tiek sniegta ne v\u0113l\u0101k k\u0101 m\u0113ne\u0161a laik\u0101, un tiek preciz\u0113ts datu dz\u0113\u0161anas periods.<\/span><\/p>\n<p><span style=\"font-weight: 400;\">Atbild\u0113 uz piepras\u012bjumu tiek nor\u0101d\u012bti ar\u012b tie personas dati, kuri netiek dz\u0113sti, un uz k\u0101da juridisk\u0101 pamata un iemesla.<\/span><\/p>\n<h3><span style=\"font-weight: 400;\">Datu p\u0101rnesam\u012bba<\/span><\/h3>\n<p><span style=\"font-weight: 400;\">Uz personas datu p\u0101rnesam\u012bbas piepras\u012bjumu, kas iesniegts pa e-pastu, atbilde tiek sniegta ne v\u0113l\u0101k k\u0101 m\u0113ne\u0161a laik\u0101. Klientu atbalsts p\u0101rbauda personas identit\u0101ti un inform\u0113 par personas datiem, kuri ir pak\u013cauti p\u0101rnesam\u012bbai.<\/span><\/p>\n<h3><span style=\"font-weight: 400;\">Str\u012bdu risin\u0101\u0161ana<\/span><\/h3>\n<p><span style=\"font-weight: 400;\">Ar personas datu apstr\u0101di saist\u012bto str\u012bdu risin\u0101\u0161ana notiek ar klientu atbalsta starpniec\u012bbu pa e-pastu<a href=\"mailto:info@lastella.ee\"> info@lastella.ee<\/a><\/span><\/p>\n<h3><span style=\"font-weight: 400;\">Tie\u0161\u0101 m\u0101rketinga pazi\u0146ojumi<\/span><\/h3>\n<p><span style=\"font-weight: 400;\">E-pasta adrese un t\u0101lru\u0146a numurs tiek izmantots tie\u0161\u0101 m\u0101rketinga pazi\u0146ojumu un produktu atsauksmju e-pastu nos\u016bt\u012b\u0161anai, ja klients ir piekritis datu aizsardz\u012bbas noteikumiem. Ja klients nev\u0113las sa\u0146emt tie\u0161\u0101 m\u0101rketinga pazi\u0146ojumus, j\u0101izv\u0113las atbilsto\u0161\u0101 saite e-pasta beig\u0101s vai j\u0101sazin\u0101s ar klientu atbalstu.<\/span><\/p>\n<h3><span style=\"font-weight: 400;\">Str\u012bdu risin\u0101\u0161ana<\/span><\/h3>\n<p><span style=\"font-weight: 400;\">Ar personas datu apstr\u0101di saist\u012bto str\u012bdu risin\u0101\u0161ana notiek ar klientu atbalsta starpniec\u012bbu <a href=\"mailto:info@lastella.ee\">info@lastella.ee<\/a>.<\/span><\/p>\n<p><span style=\"font-weight: 400;\">Uzraudz\u012bbas iest\u0101de ir Igaunijas Datu aizsardz\u012bbas inspekcija (info@aki.ee).<\/span><\/p>\n<p><br \/><br \/><\/p>\n\n","protected":false},"excerpt":{"rendered":"","protected":false},"author":1,"featured_media":0,"parent":0,"menu_order":0,"comment_status":"closed","ping_status":"closed","template":"","meta":{"footnotes":""},"class_list":["post-7880","page","type-page","status-publish","hentry"],"_links":{"self":[{"href":"https:\/\/lastella.ee\/lv\/wp-json\/wp\/v2\/pages\/7880","targetHints":{"allow":["GET"]}}],"collection":[{"href":"https:\/\/lastella.ee\/lv\/wp-json\/wp\/v2\/pages"}],"about":[{"href":"https:\/\/lastella.ee\/lv\/wp-json\/wp\/v2\/types\/page"}],"author":[{"embeddable":true,"href":"https:\/\/lastella.ee\/lv\/wp-json\/wp\/v2\/users\/1"}],"replies":[{"embeddable":true,"href":"https:\/\/lastella.ee\/lv\/wp-json\/wp\/v2\/comments?post=7880"}],"version-history":[{"count":2,"href":"https:\/\/lastella.ee\/lv\/wp-json\/wp\/v2\/pages\/7880\/revisions"}],"predecessor-version":[{"id":7882,"href":"https:\/\/lastella.ee\/lv\/wp-json\/wp\/v2\/pages\/7880\/revisions\/7882"}],"wp:attachment":[{"href":"https:\/\/lastella.ee\/lv\/wp-json\/wp\/v2\/media?parent=7880"}],"curies":[{"name":"wp","href":"https:\/\/api.w.org\/{rel}","templated":true}]}}