{"id":9583,"date":"2022-03-26T11:30:50","date_gmt":"2022-03-26T08:30:50","guid":{"rendered":"https:\/\/lastella.ee\/pood\/maaratlemata\/lasintuvas\/"},"modified":"2025-04-02T12:05:05","modified_gmt":"2025-04-02T09:05:05","slug":"lasintuvas","status":"publish","type":"product","link":"https:\/\/lastella.ee\/lt\/pood\/saldainiu-gamybos-misiniai\/lasintuvas\/","title":{"rendered":"La\u0161intuvas &#8211; pipet\u0117"},"content":{"rendered":"","protected":false},"excerpt":{"rendered":"<p class=\"\" data-start=\"109\" data-end=\"128\"><span style=\"font-family: azosans;\"><strong data-start=\"109\" data-end=\"128\">Plastikinis la\u0161intuvas<\/strong><\/span><\/p>\n<p class=\"\" data-start=\"130\" data-end=\"339\"><span style=\"font-family: azosans;\">Prid\u0117k papildom\u0105 pipet\u0119 prie savo guminuk\u0173 rinkinio \u2013 kad du vaikai gal\u0117t\u0173 vienu metu gaminti saldainius! Patogu tur\u0117ti ir atsargin\u0119. Pipet\u0117s ilgis \u2013 11 cm, skersmuo \u2013 1 cm. <\/span><\/p>\n<p class=\"\" data-start=\"341\" data-end=\"482\"><span style=\"font-family: azosans;\">Pipet\u0117 pagaminta i\u0161 plastiko ir j\u0105 reik\u0117t\u0173 plauti rankomis. Geriausia \u2013 i\u0161kart po naudojimo praskalauti po kar\u0161tu tekan\u010diu vandeniu. <\/span><\/p>\n<p class=\"\" data-start=\"484\" data-end=\"554\"><span style=\"font-family: azosans;\"><strong data-start=\"487\" data-end=\"554\" data-is-last-node=\"\">\ud83d\udc49 \u012ed\u0117k \u012f krep\u0161el\u012f \u2013 tegul k\u016bryba b\u016bna sklandi, smagi ir lengvai dalijama!<\/strong><\/span><\/p>\n","protected":false},"featured_media":9584,"comment_status":"open","ping_status":"closed","template":"","meta":[],"product_brand":[],"product_cat":[151],"product_tag":[],"class_list":{"0":"post-9583","1":"product","2":"type-product","3":"status-publish","4":"has-post-thumbnail","6":"product_cat-saldainiu-gamybos-misiniai","8":"first","9":"instock","10":"taxable","11":"shipping-taxable","12":"purchasable","13":"product-type-simple"},"_links":{"self":[{"href":"https:\/\/lastella.ee\/lt\/wp-json\/wp\/v2\/product\/9583","targetHints":{"allow":["GET"]}}],"collection":[{"href":"https:\/\/lastella.ee\/lt\/wp-json\/wp\/v2\/product"}],"about":[{"href":"https:\/\/lastella.ee\/lt\/wp-json\/wp\/v2\/types\/product"}],"replies":[{"embeddable":true,"href":"https:\/\/lastella.ee\/lt\/wp-json\/wp\/v2\/comments?post=9583"}],"wp:featuredmedia":[{"embeddable":true,"href":"https:\/\/lastella.ee\/lt\/wp-json\/wp\/v2\/media\/9584"}],"wp:attachment":[{"href":"https:\/\/lastella.ee\/lt\/wp-json\/wp\/v2\/media?parent=9583"}],"wp:term":[{"taxonomy":"product_brand","embeddable":true,"href":"https:\/\/lastella.ee\/lt\/wp-json\/wp\/v2\/product_brand?post=9583"},{"taxonomy":"product_cat","embeddable":true,"href":"https:\/\/lastella.ee\/lt\/wp-json\/wp\/v2\/product_cat?post=9583"},{"taxonomy":"product_tag","embeddable":true,"href":"https:\/\/lastella.ee\/lt\/wp-json\/wp\/v2\/product_tag?post=9583"}],"curies":[{"name":"wp","href":"https:\/\/api.w.org\/{rel}","templated":true}]}}