{"id":9579,"date":"2022-07-05T23:36:34","date_gmt":"2022-07-05T20:36:34","guid":{"rendered":"https:\/\/lastella.ee\/pood\/maaratlemata\/lastella-elektronine-dovanu-kortele\/"},"modified":"2025-04-02T10:41:04","modified_gmt":"2025-04-02T07:41:04","slug":"lastella-elektronine-dovanu-kortele","status":"publish","type":"product","link":"https:\/\/lastella.ee\/lt\/pood\/dovanu-korteles\/lastella-elektronine-dovanu-kortele\/","title":{"rendered":"Lastella elektronin\u0117 dovan\u0173 kortel\u0117"},"content":{"rendered":"","protected":false},"excerpt":{"rendered":"<p><span style=\"font-family: azosans;\">Padovanokite savaranki\u0161ko k\u016brimo d\u017eiaugsm\u0105!<\/span><\/p>\n<p><span style=\"font-family: azosans;\">Nesate tikri, kur\u012f rinkin\u012f pasirinkti? O gal nor\u0117tum\u0117te leisti gav\u0117jui nuspr\u0119sti, kas jam suteiks daugiausiai d\u017eiaugsmo? <br data-start=\"289\" data-end=\"292\"><strong data-start=\"292\" data-end=\"315\">Lastella dovan\u0173 kortel\u0117<\/strong> yra puikus pasirinkimas!<\/span><\/p>\n<p data-start=\"344\" data-end=\"551\"><span style=\"font-family: azosans;\">Dovan\u0173 kortel\u0117 yra <strong data-start=\"362\" data-end=\"376\">skaitmenin\u0117 <\/strong>\u2013 i\u0161si\u0173sime j\u0105 j\u016bs\u0173 el. pa\u0161tu su unikaliu kodu per 1 darbo dien\u0105 po pirkimo. Galite persi\u0173sti j\u0105 gav\u0117jui kaip tik norite \u2013 greitai ir patogiai!<br \/>\nJei u\u017esakote tik dovan\u0173 kortel\u0119, pra\u0161ome pasirinkti \u201eDovan\u0173 kortel\u0117 \u012f el. pa\u0161t\u0105\u201d kaip pristatymo b\u016bd\u0105 \u2013 fizin\u0117 kortel\u0117 nebus siun\u010diama.<\/span><\/p>\n<p data-start=\"664\" data-end=\"838\"><strong data-start=\"667\" data-end=\"692\"><span style=\"font-family: azosans;\">Galioja 1 metus:<\/span><\/strong><span style=\"font-family: azosans;\"> nuo pirkimo datos<br data-start=\"722\" data-end=\"725\"><strong data-start=\"728\" data-end=\"771\"><span style=\"font-family: azosans;\">Taikoma visiems Lastella internetin\u0117s parduotuv\u0117s produktams<\/span><\/strong> <span style=\"font-family: azosans;\">(i\u0161skyrus kitas dovan\u0173 korteles)<br data-start=\"798\" data-end=\"801\"><strong data-start=\"804\" data-end=\"838\"><span style=\"font-family: azosans;\">Dovan\u0173 kortel\u0117s negr\u0105\u017einamos ir negali b\u016bti kei\u010diamos \u012f grynuosius pinigus.<\/span><\/strong><\/span><\/span><\/p>\n<p data-start=\"664\" data-end=\"838\">\ud83d\udc49 <strong data-start=\"195\" data-end=\"247\"><span style=\"font-family: azosans;\">Paskutin\u0117s minut\u0117s dovana? Dovan\u0173 kortel\u0117 i\u0161gelb\u0117s dien\u0105! \u012ed\u0117kite \u012f krep\u0161el\u012f ir si\u0173skite d\u017eiaugsm\u0105 vos keliais paspaudimais!  <\/span><\/strong><\/p>\n","protected":false},"featured_media":9657,"comment_status":"closed","ping_status":"closed","template":"","meta":[],"product_brand":[],"product_cat":[183],"product_tag":[],"class_list":{"0":"post-9579","1":"product","2":"type-product","3":"status-publish","4":"has-post-thumbnail","6":"product_cat-dovanu-korteles","8":"first","9":"instock","10":"taxable","11":"shipping-taxable","12":"purchasable","13":"product-type-simple"},"_links":{"self":[{"href":"https:\/\/lastella.ee\/lt\/wp-json\/wp\/v2\/product\/9579","targetHints":{"allow":["GET"]}}],"collection":[{"href":"https:\/\/lastella.ee\/lt\/wp-json\/wp\/v2\/product"}],"about":[{"href":"https:\/\/lastella.ee\/lt\/wp-json\/wp\/v2\/types\/product"}],"replies":[{"embeddable":true,"href":"https:\/\/lastella.ee\/lt\/wp-json\/wp\/v2\/comments?post=9579"}],"wp:featuredmedia":[{"embeddable":true,"href":"https:\/\/lastella.ee\/lt\/wp-json\/wp\/v2\/media\/9657"}],"wp:attachment":[{"href":"https:\/\/lastella.ee\/lt\/wp-json\/wp\/v2\/media?parent=9579"}],"wp:term":[{"taxonomy":"product_brand","embeddable":true,"href":"https:\/\/lastella.ee\/lt\/wp-json\/wp\/v2\/product_brand?post=9579"},{"taxonomy":"product_cat","embeddable":true,"href":"https:\/\/lastella.ee\/lt\/wp-json\/wp\/v2\/product_cat?post=9579"},{"taxonomy":"product_tag","embeddable":true,"href":"https:\/\/lastella.ee\/lt\/wp-json\/wp\/v2\/product_tag?post=9579"}],"curies":[{"name":"wp","href":"https:\/\/api.w.org\/{rel}","templated":true}]}}