{"id":9523,"date":"2022-04-22T22:46:12","date_gmt":"2022-04-22T19:46:12","guid":{"rendered":"https:\/\/lastella.ee\/pood\/be-kategorijos\/bananu-skonio-guminuku-misinys-50g\/"},"modified":"2025-08-18T12:24:20","modified_gmt":"2025-08-18T09:24:20","slug":"bananu-skonio-guminuku-misinys-50g","status":"publish","type":"product","link":"https:\/\/lastella.ee\/lt\/pood\/saldainiu-gamybos-misiniai\/bananu-skonio-guminuku-misinys-50g\/","title":{"rendered":"Banan\u0173 skonio guminuk\u0173 mi\u0161inys 50g"},"content":{"rendered":"","protected":false},"excerpt":{"rendered":"<p><span style=\"font-family: azosans;\"><b>Banan\u0173 skonio guminuk\u0173 mi\u0161inys su nat\u016braliais da\u017eikliais ir aromatizatoriais<\/b><\/span><\/p>\n<p><span style=\"font-family: azosans;\">Puikiai tinka naudoti su m\u016bs\u0173 <strong data-start=\"377\" data-end=\"389\">Lastella <\/strong>guminuk\u0173 formomis, bet taip pat tinka kitoms ma\u017eoms silikonin\u0117ms saldaini\u0173 formoms.<br \/>\n<\/span><span style=\"font-family: azosans;\">I\u0161 vieno mi\u0161inio pagaminama ma\u017edaug 50 guminuk\u0173 naudojant m\u016bs\u0173 standartin\u0119 form\u0105. <\/span><span style=\"font-family: azosans;\">Skonis saldus ir atrodo kaip saul\u0117s \u0161viesa \u2013 ry\u0161k\u016bs ir d\u017eiaugsmingi!<\/span><\/p>\n<p><span style=\"font-family: azosans;\">Geriausias iki: <span style=\"font-weight: 400; font-family: azosans;\"><span class=\"a_GcMg font-feature-liga-off font-feature-clig-off font-feature-calt-off text-decoration-none text-strikethrough-none\">31.12.2028<\/span><\/span><\/p>\n<p>\ud83d\udc49 <strong data-start=\"311\" data-end=\"387\">Naudokite papildyti savo rinkin\u012f, praturtinti dovan\u0173 d\u0117\u017eut\u0119 arba tiesiog m\u0117gaukit\u0117s dar vienu guminuk\u0173 gaminimo ratu!<\/strong><\/span><\/p>\n","protected":false},"featured_media":9509,"comment_status":"closed","ping_status":"closed","template":"","meta":[],"product_brand":[],"product_cat":[151],"product_tag":[],"class_list":{"0":"post-9523","1":"product","2":"type-product","3":"status-publish","4":"has-post-thumbnail","6":"product_cat-saldainiu-gamybos-misiniai","8":"first","9":"instock","10":"taxable","11":"shipping-taxable","12":"purchasable","13":"product-type-simple"},"_links":{"self":[{"href":"https:\/\/lastella.ee\/lt\/wp-json\/wp\/v2\/product\/9523","targetHints":{"allow":["GET"]}}],"collection":[{"href":"https:\/\/lastella.ee\/lt\/wp-json\/wp\/v2\/product"}],"about":[{"href":"https:\/\/lastella.ee\/lt\/wp-json\/wp\/v2\/types\/product"}],"replies":[{"embeddable":true,"href":"https:\/\/lastella.ee\/lt\/wp-json\/wp\/v2\/comments?post=9523"}],"wp:featuredmedia":[{"embeddable":true,"href":"https:\/\/lastella.ee\/lt\/wp-json\/wp\/v2\/media\/9509"}],"wp:attachment":[{"href":"https:\/\/lastella.ee\/lt\/wp-json\/wp\/v2\/media?parent=9523"}],"wp:term":[{"taxonomy":"product_brand","embeddable":true,"href":"https:\/\/lastella.ee\/lt\/wp-json\/wp\/v2\/product_brand?post=9523"},{"taxonomy":"product_cat","embeddable":true,"href":"https:\/\/lastella.ee\/lt\/wp-json\/wp\/v2\/product_cat?post=9523"},{"taxonomy":"product_tag","embeddable":true,"href":"https:\/\/lastella.ee\/lt\/wp-json\/wp\/v2\/product_tag?post=9523"}],"curies":[{"name":"wp","href":"https:\/\/api.w.org\/{rel}","templated":true}]}}