{"id":9494,"date":"2025-02-08T14:13:55","date_gmt":"2025-02-08T11:13:55","guid":{"rendered":"https:\/\/lastella.ee\/pood\/maaratlemata\/pistaciju-skonio-saldainiu-misinys-50g\/"},"modified":"2026-01-28T17:44:46","modified_gmt":"2026-01-28T14:44:46","slug":"pistaciju-skonio-saldainiu-misinys-50g","status":"publish","type":"product","link":"https:\/\/lastella.ee\/lt\/pood\/saldainiu-gamybos-misiniai\/pistaciju-skonio-saldainiu-misinys-50g\/","title":{"rendered":"Pistacij\u0173 skonio saldaini\u0173 mi\u0161inys 50g"},"content":{"rendered":"","protected":false},"excerpt":{"rendered":"<p><span style=\"font-family: azosans;\"><b>Pistacij\u0173 skonio guminuk\u0173 mi\u0161inys su nat\u016braliais kvapiosiomis med\u017eiagomis ir da\u017eikliais <\/b><\/span><\/p>\n<p><span style=\"font-family: azosans;\">M\u0117gaukit\u0117s i\u0161skirtiniu pistacij\u0173 skoniu, sukurtu be citrinos r\u016bg\u0161ties ir subalansuotu su \u017eiupsneliu druskos, i\u0161ry\u0161kinan\u010diu nat\u016bral\u0173 rie\u0161uto charakter\u012f.<\/span><\/p>\n<p data-start=\"352\" data-end=\"456\"><span style=\"font-family: azosans;\">Puikiai tinka naudoti su m\u016bs\u0173 <strong data-start=\"377\" data-end=\"389\">Lastella <\/strong>guminuk\u0173 formomis ir taip pat tinka kitoms ma\u017eoms silikonin\u0117ms saldaini\u0173 formoms.<\/span><\/p>\n<p data-start=\"458\" data-end=\"500\"><span style=\"font-family: azosans;\">I\u0161 vieno mi\u0161inio pagaminama ma\u017edaug <strong data-start=\"476\" data-end=\"499\">50 guminuk\u0173<\/strong> naudojant m\u016bs\u0173 standartin\u0119 form\u0105.<\/span><\/p>\n<p><span style=\"font-family: azosans;\">Geriausias iki: 30.09.2026<\/span><\/p>\n<p>\ud83d\udc49 <span style=\"font-family: azosans;\"><strong>Prid\u0117kite \u0161\u012f skon\u012f savo kitam guminuk\u0173 gaminimo momentui!<\/strong><\/span><\/p>\n<p>&nbsp;<\/p>\n","protected":false},"featured_media":9495,"comment_status":"closed","ping_status":"closed","template":"","meta":[],"product_brand":[],"product_cat":[151],"product_tag":[],"class_list":{"0":"post-9494","1":"product","2":"type-product","3":"status-publish","4":"has-post-thumbnail","6":"product_cat-saldainiu-gamybos-misiniai","8":"first","9":"instock","10":"taxable","11":"shipping-taxable","12":"purchasable","13":"product-type-simple"},"_links":{"self":[{"href":"https:\/\/lastella.ee\/lt\/wp-json\/wp\/v2\/product\/9494","targetHints":{"allow":["GET"]}}],"collection":[{"href":"https:\/\/lastella.ee\/lt\/wp-json\/wp\/v2\/product"}],"about":[{"href":"https:\/\/lastella.ee\/lt\/wp-json\/wp\/v2\/types\/product"}],"replies":[{"embeddable":true,"href":"https:\/\/lastella.ee\/lt\/wp-json\/wp\/v2\/comments?post=9494"}],"wp:featuredmedia":[{"embeddable":true,"href":"https:\/\/lastella.ee\/lt\/wp-json\/wp\/v2\/media\/9495"}],"wp:attachment":[{"href":"https:\/\/lastella.ee\/lt\/wp-json\/wp\/v2\/media?parent=9494"}],"wp:term":[{"taxonomy":"product_brand","embeddable":true,"href":"https:\/\/lastella.ee\/lt\/wp-json\/wp\/v2\/product_brand?post=9494"},{"taxonomy":"product_cat","embeddable":true,"href":"https:\/\/lastella.ee\/lt\/wp-json\/wp\/v2\/product_cat?post=9494"},{"taxonomy":"product_tag","embeddable":true,"href":"https:\/\/lastella.ee\/lt\/wp-json\/wp\/v2\/product_tag?post=9494"}],"curies":[{"name":"wp","href":"https:\/\/api.w.org\/{rel}","templated":true}]}}