{"id":13000,"date":"2025-09-21T11:08:47","date_gmt":"2025-09-21T08:08:47","guid":{"rendered":"https:\/\/lastella.ee\/?post_type=product&#038;p=13000"},"modified":"2026-03-24T15:31:52","modified_gmt":"2026-03-24T12:31:52","slug":"diy-mini-auksiniu-disko-rutuliu-kurybos-rinkinys","status":"publish","type":"product","link":"https:\/\/lastella.ee\/lt\/pood\/pasidaryk-pats-rinkiniai\/diy-mini-auksiniu-disko-rutuliu-kurybos-rinkinys\/","title":{"rendered":"DIY Mini auksini\u0173 disko rutuli\u0173 k\u016brybos rinkinys"},"content":{"rendered":"<p><span style=\"font-family: azosans;\">Pagaminkite 4 tviskan\u010dius disko rutulius su \u0161iuo smagiu ir k\u016brybi\u0161ku DIY rankdarbi\u0173 rinkiniu! Jie tampa d\u0117mes\u012f pritraukian\u010diomis dekoracijomis, nesvarbu, ar juos pakabinsite ant kal\u0117din\u0117s eglut\u0117s, kambaryje, ar kaip vakar\u0117lio dekoracijos dal\u012f. Prid\u0117kite spindesio kasdieniam gyvenimui \u2013 arba sukurkite savo unikalius \u0161ventinius papuo\u0161alus!<\/span><\/p>\n<p><span style=\"font-family: azosans;\">Disko rutuli\u0173 gaminimas lavina <strong>smulki\u0105j\u0105 motorik\u0105<\/strong> ir suteikia atpalaiduojan\u010di\u0105 k\u016brybin\u0119 veikl\u0105. Rekomenduojama <strong>nuo 8 met\u0173<\/strong> am\u017eiaus, ta\u010diau jaunesni vaikai taip pat gali m\u0117gautis procesu su suaugusi\u0173j\u0173 pagalba. Tokiu atveju rezultatas gali neb\u016bti klasikinis disko rutulys \u2013 bet unikalus ir d\u017eiaugsmingas k\u016brinys, ir tai j\u012f daro ypating\u0105!<\/span><\/p>\n<p><span style=\"font-family: azosans;\">Instrukcij\u0173 lape yra <strong>QR kodas<\/strong>, vedantis \u012f trump\u0105 vaizdo \u012fra\u0161\u0105 \u2013 kiekvien\u0105 \u017eingsn\u012f lengva sekti.<\/span><\/p>\n<p><span style=\"font-family: azosans;\">Rinkinyje yra:<\/span><\/p>\n<ul>\n<li style=\"font-weight: 400;\" aria-level=\"1\"><span style=\"font-family: azosans;\">4 putplas\u010dio rutuliukai (\u2300 4,6 cm)<\/span><\/li>\n<li style=\"font-weight: 400;\" aria-level=\"1\"><span style=\"font-family: azosans;\">Atspindintys auksiniai stiklo gabal\u0117liai<\/span><\/li>\n<li style=\"font-weight: 400;\" aria-level=\"1\"><span style=\"font-family: azosans;\">2 auksiniai blizgantys klij\u0173 pie\u0161tukai<\/span><\/li>\n<li aria-level=\"1\"><span style=\"font-family: azosans;\">4 pakabinimo kilpel\u0117s<\/span><\/li>\n<li aria-level=\"1\"><span style=\"font-family: azosans;\">4 pakabinimo si\u016blai<\/span><\/li>\n<li aria-level=\"1\"><span style=\"font-family: azosans;\">K\u016brybos instrukcijos (<strong>angl\u0173 kalba<\/strong>)<\/span><\/li>\n<\/ul>\n<p><span style=\"font-family: azosans;\"><strong data-start=\"1193\" data-end=\"1232\">Prasminga dovana <b>bet kokiai progai!<\/b><\/strong><br data-start=\"1232\" data-end=\"1235\" \/><span style=\"font-weight: 400;\">Puikiai tinka gimtadieniams, \u0161eimos laikui, mokyklos ar dar\u017eelio rankdarbiams ir net \u012fmoni\u0173 \u0161ventini\u0173 dovan\u0173 d\u0117\u017eut\u0117ms. <\/span><b>Lastella tiki<\/b><span style=\"font-weight: 400;\">, kad kuriant kartu stipr\u0117ja svarbiausi ry\u0161iai.<\/span><br \/>\n<\/span><\/p>\n<p><span style=\"font-family: azosans;\"><strong data-start=\"1782\" data-end=\"1795\">\u012esp\u0117jimai:<\/strong> \u26a0\ufe0f Netinka vaikams iki 3 met\u0173 (smulkios dalys \u2013 u\u017edusimo pavojus). \u26a0\ufe0f Naudoti pri\u017ei\u016brint suaugusiajam.<br \/>\n<\/span><\/p>\n<p>Puiki veikla vaikams ir <span style=\"font-family: azosans;\">suaugusiesiems<\/span>, kurie m\u0117gsta kurti rankdarbius. Net ikimokyklinio am\u017eiaus vaikai gali prisijungti ir sukurti savo disko \u0161edevr\u0105.<\/p>\n<p>\ud83d\udc49 <strong data-start=\"1536\" data-end=\"1628\">\u012ed\u0117kite \u012f krep\u0161el\u012f ir padovanokite ka\u017ekam (ar sau!) d\u017eiaugsm\u0105 kurti tai, kas spindi!<\/strong><\/p>\n","protected":false},"excerpt":{"rendered":"<p><span style=\"font-family: azosans;\">Rinkinyje yra:<\/span><\/p>\n<ul>\n<li style=\"font-weight: 400;\" aria-level=\"1\"><span style=\"font-family: azosans;\">4 putplas\u010dio rutuliukai (\u2300\u00a0 4,6 cm)<\/span><\/li>\n<li style=\"font-weight: 400;\" aria-level=\"1\"><span style=\"font-family: azosans;\">Atspindintys auksiniai stiklo gabal\u0117liai<\/span><\/li>\n<li style=\"font-weight: 400;\" aria-level=\"1\"><span style=\"font-family: azosans;\">2 auksiniai blizgantys klij\u0173 pie\u0161tukai<\/span><\/li>\n<li aria-level=\"1\"><span style=\"font-family: azosans;\">4 pakabinimo kilpel\u0117s<\/span><\/li>\n<li aria-level=\"1\"><span style=\"font-family: azosans;\">4 pakabinimo si\u016blai<\/span><\/li>\n<li aria-level=\"1\"><span style=\"font-family: azosans;\">K\u016brybos instrukcijos (<strong>angl\u0173 kalba<\/strong>)<\/span><\/li>\n<\/ul>\n<p><span style=\"font-family: azosans;\">Rinkinys leid\u017eia pagaminti 4 spindin\u010dius disko rutulius, puikiai tinkan\u010dius kaip kambario dekoracijos ar unikal\u016bs kal\u0117diniai papuo\u0161alai. Smagi ir k\u016brybi\u0161ka veikla mokyklinio am\u017eiaus vaikams ir suaugusiesiems. Net jaunesni vaikai gali prisijungti su suaugusi\u0173j\u0173 pagalba ir sukurti savo disko \u0161edevr\u0105.<\/span><\/p>\n<p data-start=\"603\" data-end=\"686\">\ud83d\udc49 <strong data-start=\"606\" data-end=\"686\">\u012ed\u0117kite \u012f krep\u0161el\u012f ir padovanokite ka\u017ekam (ar sau!) k\u016brybos ir spindesio d\u017eiaugsm\u0105!<\/strong><\/p>\n","protected":false},"featured_media":9297,"comment_status":"open","ping_status":"closed","template":"","meta":[],"product_brand":[],"product_cat":[149],"product_tag":[],"class_list":{"0":"post-13000","1":"product","2":"type-product","3":"status-publish","4":"has-post-thumbnail","6":"product_cat-pasidaryk-pats-rinkiniai","8":"first","9":"instock","10":"taxable","11":"shipping-taxable","12":"purchasable","13":"product-type-simple"},"_links":{"self":[{"href":"https:\/\/lastella.ee\/lt\/wp-json\/wp\/v2\/product\/13000","targetHints":{"allow":["GET"]}}],"collection":[{"href":"https:\/\/lastella.ee\/lt\/wp-json\/wp\/v2\/product"}],"about":[{"href":"https:\/\/lastella.ee\/lt\/wp-json\/wp\/v2\/types\/product"}],"replies":[{"embeddable":true,"href":"https:\/\/lastella.ee\/lt\/wp-json\/wp\/v2\/comments?post=13000"}],"wp:featuredmedia":[{"embeddable":true,"href":"https:\/\/lastella.ee\/lt\/wp-json\/wp\/v2\/media\/9297"}],"wp:attachment":[{"href":"https:\/\/lastella.ee\/lt\/wp-json\/wp\/v2\/media?parent=13000"}],"wp:term":[{"taxonomy":"product_brand","embeddable":true,"href":"https:\/\/lastella.ee\/lt\/wp-json\/wp\/v2\/product_brand?post=13000"},{"taxonomy":"product_cat","embeddable":true,"href":"https:\/\/lastella.ee\/lt\/wp-json\/wp\/v2\/product_cat?post=13000"},{"taxonomy":"product_tag","embeddable":true,"href":"https:\/\/lastella.ee\/lt\/wp-json\/wp\/v2\/product_tag?post=13000"}],"curies":[{"name":"wp","href":"https:\/\/api.w.org\/{rel}","templated":true}]}}