{"id":12991,"date":"2026-01-21T09:54:41","date_gmt":"2026-01-21T06:54:41","guid":{"rendered":"https:\/\/lastella.ee\/?post_type=product&#038;p=12991"},"modified":"2026-04-06T22:25:07","modified_gmt":"2026-04-06T19:25:07","slug":"susikurk-savo-loterijos-bilietus","status":"publish","type":"product","link":"https:\/\/lastella.ee\/lt\/pood\/pasidaryk-pats-rinkiniai\/susikurk-savo-loterijos-bilietus\/","title":{"rendered":"Susikurk savo loterijos bilietus!"},"content":{"rendered":"<ul>\n<li data-start=\"161\" data-end=\"347\"><strong>Suteik d\u017eiaugsmo ir \u012fsp\u016bd\u017ei\u0173 visai \u0161eimai!<\/strong> Sukurkite savo \u012fdomi\u0105 nutrynimo loterij\u0105 \u2013 puikiai tinka gimtadieniams, vakar\u0117liams, \u0161eimos vakarams ar tiesiog smagiai staigmenai.<\/li>\n<li data-start=\"349\" data-end=\"508\"><strong data-start=\"349\" data-end=\"372\">Sukurkite savo unikali\u0105 nutrynimo loterij\u0105! <\/strong>Sukurkite loterijos bilietus patys, naudodami paveiksl\u0117lius, skai\u010dius ar \u017eod\u017eius \u2013 b\u016btent taip, kaip jums patinka. Nutrynimo lipdukai sukuria jaudul\u012f: tik nutrynus paai\u0161k\u0117s, ar laim\u0117jote!<\/li>\n<li data-start=\"510\" data-end=\"683\"><strong data-start=\"510\" data-end=\"551\">Ugdo k\u016brybi\u0161kum\u0105 ir planavimo \u012fg\u016bd\u017eius! <\/strong>Loterijos k\u016brimas reikalauja planavimo, simboli\u0173 pie\u0161imo ir priz\u0173 apgalvojimo \u2013 puikus b\u016bdas ugdyti k\u016brybi\u0161kum\u0105 bet kokiame am\u017eiuje.<\/li>\n<li data-start=\"685\" data-end=\"778\"><strong data-start=\"685\" data-end=\"708\">\u012evairios \u017eaidimo galimyb\u0117s! <\/strong>Rinkinio instrukcijoje yra \u012fvair\u016bs \u017eaidimo variantai: gimtadieniui, \u0161eimos \u0161ventei, klas\u0117s vakar\u0117liui ar tiesiog jaukiam vakarui namuose.<\/li>\n<li data-start=\"685\" data-end=\"778\"><strong data-start=\"1272\" data-end=\"1303\">Universali dovana! <\/strong>Universali ir d\u017eiaugsm\u0105 teikianti dovanos id\u0117ja vaikams, \u0161eimoms, draugams ir kolegoms. Puikiai tinka ir mokyklai, dar\u017eeliui ar \u012fmon\u0117s dovan\u0173 rinkiniui.<\/li>\n<\/ul>\n<p data-start=\"685\" data-end=\"778\">Rinkinyje yra:<\/p>\n<ul>\n<li data-start=\"1533\" data-end=\"1589\">Loterijos biliet\u0173 pagrindai (pasirinkite kiek\u012f: 10, 20, 30 ar 40 vnt.)<\/li>\n<li data-start=\"1533\" data-end=\"1589\">Nutrynimo lipdukai (kiekvienam bilietui po 9 lipdukus)<\/li>\n<li data-start=\"1632\" data-end=\"1678\">I\u0161sami instrukcija su devyniais \u017eaidimo variantais (angl\u0173 kalba)<\/li>\n<\/ul>\n<p class=\"\" data-start=\"1680\" data-end=\"1825\">\ud83d\udca1 <strong data-start=\"1683\" data-end=\"1717\">Jei nenorite patys pie\u0161ti priz\u0173 lapo ant tu\u0161\u010dio popieriaus<\/strong>, galite atsisi\u0173sti <a href=\"https:\/\/lastella.ee\/lt\/parduotuve\/skaitmeniniai-produktai-ir-instrukcijos\/\">paruo\u0161t\u0105 versij\u0105<\/a> i\u0161 \u0161io puslapio ir j\u0105 atsispausdinti.<\/p>\n<p data-start=\"1680\" data-end=\"1825\"><strong data-start=\"1827\" data-end=\"1847\">Rekomenduojamas am\u017eius:<\/strong> 6+. Jaunesniems vaikams reikia t\u0117v\u0173 pagalbos, mokyklinio am\u017eiaus vaikai gali savaranki\u0161kai paruo\u0161ti biliet\u0105. Trynimui tinka smulki moneta, pavyzd\u017eiui, centas. <br data-start=\"1990\" data-end=\"1993\" \/>\u012esp\u0117jimai\u26a0\ufe0f Netinka vaikams iki 3 met\u0173. U\u017edusimo pavojus \u2013 smulkios dalys gali b\u016bti prarytos ar \u012fkv\u0117ptos. Skirta naudoti pri\u017ei\u016brint suaugusiajam.<\/p>\n<p data-start=\"1680\" data-end=\"1825\"><strong>Skirtingi \u017eaidimo b\u016bdai:<\/strong><\/p>\n<ul>\n<li data-start=\"781\" data-end=\"830\">Priz\u0173 d\u0117\u017e\u0117 \u2013 3 vienodi simboliai = prizas i\u0161 d\u0117\u017e\u0117s<\/li>\n<li data-start=\"833\" data-end=\"890\">Skai\u010di\u0173 loterija \u2013 kiekvienas skai\u010dius turi savo priz\u0105<\/li>\n<li data-start=\"893\" data-end=\"934\">Spalv\u0173 loterija \u2013 tos pa\u010dios spalvos simboliai = konkretus prizas<\/li>\n<li data-start=\"937\" data-end=\"981\">Saldaini\u0173 loterija \u2013 visi bilietai laimi kok\u012f nors skan\u0117st\u0105<\/li>\n<li data-start=\"984\" data-end=\"1041\">Gimtadienio loterija \u2013 kiekvienam sve\u010diui personalizuotas nutrynimo bilietas<\/li>\n<li data-start=\"1044\" data-end=\"1088\">Veiklos loterija \u2013 laim\u0117jimas atne\u0161a smagi\u0105 u\u017eduot\u012f<\/li>\n<li data-start=\"1091\" data-end=\"1151\">Kauliuk\u0173 loterija \u2013 laim\u0117jimas suteikia teis\u0119 mesti kauliuk\u0105 ir gauti atitinkam\u0105 priz\u0105<\/li>\n<li data-start=\"1154\" data-end=\"1206\">Dovan\u0173 loterija \u2013 laim\u0117jimo bilietas suteikia teis\u0119 pasirinkti supakuot\u0105 staigmen\u0105-dovan\u0105<\/li>\n<li data-start=\"1209\" data-end=\"1270\">\u0160eimos loterija \u2013 prizai yra smagios bendros veiklos<\/li>\n<\/ul>\n<p class=\"\" data-start=\"1272\" data-end=\"1502\">\ud83c\udf1f <strong data-start=\"2106\" data-end=\"2163\">U\u017esisakykite dabar ir sukurkite \u012fsimintin\u0105 \u017eaidimo patirt\u012f, kuri teikia jaudul\u012f tiek dideliems, tiek ma\u017eiems!<\/strong><\/p>\n","protected":false},"excerpt":{"rendered":"<p class=\"\" data-start=\"104\" data-end=\"186\"><strong data-start=\"104\" data-end=\"186\">Sukurkite patys savo nutrynimo loterij\u0105 \u2013 jaudulys ir \u017eaidimo malonumas kiekviename biliete!<\/strong><\/p>\n<p class=\"\" data-start=\"188\" data-end=\"211\"><strong data-start=\"188\" data-end=\"209\">Rinkinyje yra:<\/strong><\/p>\n<ul>\n<li data-start=\"214\" data-end=\"276\">Loterijos biliet\u0173 pagrindai (pasirinkite kiek\u012f: 10, 20, 30 ar 40 vnt.)<\/li>\n<li data-start=\"279\" data-end=\"316\">Nutrynimo lipdukai (kiekvienam bilietui po 9 lipdukus)<\/li>\n<li data-start=\"319\" data-end=\"367\">I\u0161sami instrukcija su devyniais \u017eaidimo variantais (angl\u0173 kalba)<\/li>\n<\/ul>\n<p class=\"\" data-start=\"369\" data-end=\"489\">Jei nenorite patys pie\u0161ti priz\u0173 lapo ant tu\u0161\u010dio popieriaus, galite atsisi\u0173sti <a href=\"https:\/\/lastella.ee\/lt\/parduotuve\/skaitmeniniai-produktai-ir-instrukcijos\/\">paruo\u0161t\u0105 versij\u0105<\/a> i\u0161 \u0161io puslapio ir j\u0105 atsispausdinti.<br \/>\nSukurkite savo unikali\u0105 nutrynimo loterij\u0105! Sukurkite bilietus patys ir pasirinkite \u017eaidimo b\u016bd\u0105 \u2013 gimtadieniui, \u0161eimos vakarui ar kaip dovan\u0105. Loterijos k\u016brimas reikalauja planavimo, simboli\u0173 pie\u0161imo ir priz\u0173 apgalvojimo \u2013 puikus b\u016bdas ugdyti k\u016brybi\u0161kum\u0105 bet kokiame am\u017eiuje.<\/p>\n<p class=\"\" data-start=\"714\" data-end=\"822\">\ud83d\udc49 <strong>\u012ed\u0117kite \u012f krep\u0161el\u012f ir padovanokite k\u016brybos d\u017eiaugsm\u0105! <\/strong>Pasirinkite tinkam\u0105 biliet\u0173 kiek\u012f (10, 20, 30 ar 40 vnt.).<\/p>\n","protected":false},"featured_media":10754,"comment_status":"open","ping_status":"closed","template":"","meta":[],"product_brand":[],"product_cat":[149],"product_tag":[],"class_list":{"0":"post-12991","1":"product","2":"type-product","3":"status-publish","4":"has-post-thumbnail","6":"product_cat-pasidaryk-pats-rinkiniai","8":"first","9":"instock","10":"taxable","11":"shipping-taxable","12":"purchasable","13":"product-type-variable"},"_links":{"self":[{"href":"https:\/\/lastella.ee\/lt\/wp-json\/wp\/v2\/product\/12991","targetHints":{"allow":["GET"]}}],"collection":[{"href":"https:\/\/lastella.ee\/lt\/wp-json\/wp\/v2\/product"}],"about":[{"href":"https:\/\/lastella.ee\/lt\/wp-json\/wp\/v2\/types\/product"}],"replies":[{"embeddable":true,"href":"https:\/\/lastella.ee\/lt\/wp-json\/wp\/v2\/comments?post=12991"}],"wp:featuredmedia":[{"embeddable":true,"href":"https:\/\/lastella.ee\/lt\/wp-json\/wp\/v2\/media\/10754"}],"wp:attachment":[{"href":"https:\/\/lastella.ee\/lt\/wp-json\/wp\/v2\/media?parent=12991"}],"wp:term":[{"taxonomy":"product_brand","embeddable":true,"href":"https:\/\/lastella.ee\/lt\/wp-json\/wp\/v2\/product_brand?post=12991"},{"taxonomy":"product_cat","embeddable":true,"href":"https:\/\/lastella.ee\/lt\/wp-json\/wp\/v2\/product_cat?post=12991"},{"taxonomy":"product_tag","embeddable":true,"href":"https:\/\/lastella.ee\/lt\/wp-json\/wp\/v2\/product_tag?post=12991"}],"curies":[{"name":"wp","href":"https:\/\/api.w.org\/{rel}","templated":true}]}}