{"id":12984,"date":"2026-01-01T08:56:33","date_gmt":"2026-01-01T05:56:33","guid":{"rendered":"https:\/\/lastella.ee\/?post_type=product&#038;p=12984"},"modified":"2026-02-21T11:35:20","modified_gmt":"2026-02-21T08:35:20","slug":"pasigaminkite-savo-ledus-rozinius-2","status":"publish","type":"product","link":"https:\/\/lastella.ee\/lt\/pood\/pasidaryk-pats-rinkiniai\/pasigaminkite-savo-ledus-rozinius-2\/","title":{"rendered":"Pasigaminkite savo ledus \u2013 ro\u017einius"},"content":{"rendered":"<p>\u0160is smagus ir paprastas DIY rinkinys leid\u017eia namuose pasigaminti \u0161e\u0161is \u017eavius geometrin\u0117s formos ledus ant pagaliuko \u2013 led\u0173 gaminimo aparatas nereikalingas! \u017dema, negili led\u0173 formel\u0117 leid\u017eia vaikams m\u0117gautis ledais be varv\u0117jimo ar suirimo \u2013 b\u016btent taip, kaip ir tur\u0117t\u0173 b\u016bti! Vienos partijos u\u017e\u0161aldymas trunka 3\u20134 valandas. Kiekviename rinkinyje yra ingredientai bent <strong data-start=\"784\" data-end=\"800\">keturioms partijom<\/strong>s led\u0173.<\/p>\n<p><strong>Kaip naudoti:<\/strong> Sumai\u0161ykite 2 valgomuosius \u0161auk\u0161tus milteli\u0173 su 190 g nat\u016bralaus jogurto arba i\u0161plakite 1 valgom\u0105j\u012f \u0161auk\u0161t\u0105 milteli\u0173 su 120 g riebios grietin\u0117l\u0117s. \u0160auk\u0161tu sud\u0117kite \u012f formel\u0119 ir u\u017e\u0161aldykite. \u0160tai ir viskas \u2013 naminiai ledai paruo\u0161ti m\u0117gavimuisi!<\/p>\n<p><strong data-start=\"1036\" data-end=\"1068\">Apgalvota ir unikali dovana<\/strong> gimtadieniams, \u0161vent\u0117ms ar tiesiog kaip linksmas siurprizas. Populiaru dar\u017eeliuose, \u0161eimose ir net \u012fmoni\u0173 dovan\u0173 d\u0117\u017eut\u0117se \u2013 d\u0117l plataus am\u017eiaus patrauklumo ir paprastumo. Idealiai tinka atsipalaidavusiems \u0161eimos momentams \u2013 net po \u012ftemptos darbo dienos.<\/p>\n<p><strong>Rinkinyje yra:<\/strong><\/p>\n<ul>\n<li>Geltona silikonin\u0117 led\u0173 formel\u0117<\/li>\n<li>6 daugkartinio naudojimo pagaliukai<\/li>\n<li>100 g bra\u0161ki\u0173-avie\u010di\u0173 led\u0173 milteli\u0173 (Nat\u016bral\u016bs skoniai ir da\u017eikliai)<\/li>\n<li><span style=\"font-weight: 400; font-family: azosans;\">Nuoseklios instrukcijos (galimos EN, EE, RU, LV kalbomis)<\/span><\/li>\n<\/ul>\n<p><strong>Rekomenduojamas am\u017eius 4+<\/strong>. Ikimokyklinio am\u017eiaus vaikams reik\u0117s suaugusi\u0173j\u0173 pagalbos, mokyklinio am\u017eiaus vaikai gali gaminti savaranki\u0161kai. Leiskite vaikams eksperimentuoti su tekst\u016bromis ir skoniais \u2013 v\u0117liau \u0161ioje formoje galima u\u017e\u0161aldyti net ir kokteilius!<br \/>\n<strong>Saugos \u012fsp\u0117jimai: <\/strong>Sud\u0117tyje yra smulki\u0173 dali\u0173 (u\u017edusimo pavojus), netinka vaikams iki 3 met\u0173. Naudoti pri\u017ei\u016brint suaugusiajam.<\/p>\n<p>Daugiau patarim\u0173 ir recept\u0173 id\u0117j\u0173 rasite <a href=\"https:\/\/lastella.ee\/lt\/pasigaminkite-ledus-ledu-receptai\/\"><span style=\"color: #34bccf;\">m\u016bs\u0173 tinklara\u0161tyje<\/span><\/a>.<\/p>\n<p>\ud83d\udc49 <strong data-start=\"2055\" data-end=\"2156\">\u012ed\u0117kite \u012f krep\u0161el\u012f ir padovanokite savo vaikui (ar sau!) d\u017eiaugsm\u0105 gaminti paprastus, skanius ledus namuose!<\/strong><\/p>\n","protected":false},"excerpt":{"rendered":"<p><span style=\"font-family: azosans;\"><strong data-start=\"201\" data-end=\"264\">Ie\u0161kote paprasto ir smagaus b\u016bdo pasigaminti led\u0173 namuose?<\/strong><\/span><br data-start=\"264\" data-end=\"267\" \/><span style=\"font-family: azosans;\">M\u016bs\u0173 \u201ePasidaryk pats jogurto led\u0173 rinkinys&#8221; puikiai tinka tiek vaikams, tiek suaugusiems. Sukurkite \u0161e\u0161is geometrin\u0117s formos ledus naudodami nat\u016bralaus skonio miltelius \u2013 tiesiog prid\u0117kite jogurto ar grietin\u0117l\u0117s!<\/span><\/p>\n<p><span style=\"font-family: azosans;\"><strong>Rinkinyje yra:<\/strong><\/span><\/p>\n<ul>\n<li><span style=\"font-family: azosans;\">Geltona silikonin\u0117 led\u0173 formel\u0117<\/span><\/li>\n<li><span style=\"font-family: azosans;\">6 daugkartinio naudojimo pagaliukai<\/span><\/li>\n<li><span style=\"font-family: azosans;\">100 g bra\u0161ki\u0173-avie\u010di\u0173 led\u0173 milteli\u0173 (Nat\u016bral\u016bs skoniai ir da\u017eikliai)<\/span><\/li>\n<li><span style=\"font-weight: 400; font-family: azosans;\">Nuoseklios instrukcijos (galimos EN, EE, RU, LV kalbomis)<\/span><\/li>\n<\/ul>\n<p data-start=\"621\" data-end=\"691\"><span style=\"font-family: azosans;\"><span class=\"expiry-date-display\" style=\"font-family: 'azosans', sans-serif; font-weight: 400;\">Geriausias iki:  31.12.2026<\/span><\/span><\/p>\n<p data-start=\"621\" data-end=\"691\"><span style=\"font-family: azosans;\">U\u017etenka pagaminti bent<strong data-start=\"663\" data-end=\"679\"> 24 ledus<\/strong> (4 partijas).\u00a0<\/span><span style=\"font-family: azosans;\">Puiki dovana gimtadieniams, \u0161vent\u0117ms ar dar\u017eeliams. Puikus pasirinkimas bendriems momentams su \u0161eima ar draugais \u2013 net ir u\u017eimt\u0105 dien\u0105. <\/span><span style=\"font-family: azosans;\">Daugiau patarim\u0173 ir recept\u0173 skaitykite <a href=\"https:\/\/lastella.ee\/lt\/pasigaminkite-ledus-ledu-receptai\/\"><span style=\"color: #34bccf;\">m\u016bs\u0173 tinklara\u0161tyje.<\/span><\/a><\/span><\/p>\n<p><span style=\"font-family: azosans;\">\ud83d\udc49 <strong data-start=\"867\" data-end=\"924\">\u012ed\u0117kite \u012f krep\u0161el\u012f ir m\u0117gaukit\u0117s skani\u0173 led\u0173 gaminimu namuose!<\/strong><\/span><\/p>\n","protected":false},"featured_media":9269,"comment_status":"open","ping_status":"closed","template":"","meta":[],"product_brand":[],"product_cat":[149],"product_tag":[],"class_list":{"0":"post-12984","1":"product","2":"type-product","3":"status-publish","4":"has-post-thumbnail","6":"product_cat-pasidaryk-pats-rinkiniai","8":"first","9":"instock","10":"taxable","11":"shipping-taxable","12":"purchasable","13":"product-type-variable"},"_links":{"self":[{"href":"https:\/\/lastella.ee\/lt\/wp-json\/wp\/v2\/product\/12984","targetHints":{"allow":["GET"]}}],"collection":[{"href":"https:\/\/lastella.ee\/lt\/wp-json\/wp\/v2\/product"}],"about":[{"href":"https:\/\/lastella.ee\/lt\/wp-json\/wp\/v2\/types\/product"}],"replies":[{"embeddable":true,"href":"https:\/\/lastella.ee\/lt\/wp-json\/wp\/v2\/comments?post=12984"}],"wp:featuredmedia":[{"embeddable":true,"href":"https:\/\/lastella.ee\/lt\/wp-json\/wp\/v2\/media\/9269"}],"wp:attachment":[{"href":"https:\/\/lastella.ee\/lt\/wp-json\/wp\/v2\/media?parent=12984"}],"wp:term":[{"taxonomy":"product_brand","embeddable":true,"href":"https:\/\/lastella.ee\/lt\/wp-json\/wp\/v2\/product_brand?post=12984"},{"taxonomy":"product_cat","embeddable":true,"href":"https:\/\/lastella.ee\/lt\/wp-json\/wp\/v2\/product_cat?post=12984"},{"taxonomy":"product_tag","embeddable":true,"href":"https:\/\/lastella.ee\/lt\/wp-json\/wp\/v2\/product_tag?post=12984"}],"curies":[{"name":"wp","href":"https:\/\/api.w.org\/{rel}","templated":true}]}}