{"id":12893,"date":"2026-02-15T10:14:00","date_gmt":"2026-02-15T07:14:00","guid":{"rendered":"https:\/\/lastella.ee\/?post_type=product&#038;p=12893"},"modified":"2026-04-06T22:50:09","modified_gmt":"2026-04-06T19:50:09","slug":"pasigaminkite-savo-sokoladinius-ledinukus-ant-pagaliuko-2","status":"publish","type":"product","link":"https:\/\/lastella.ee\/lt\/pood\/pasidaryk-pats-rinkiniai\/pasigaminkite-savo-sokoladinius-ledinukus-ant-pagaliuko-2\/","title":{"rendered":"Pasigaminkite savo \u0161okoladinius ledinukus ant pagaliuko!"},"content":{"rendered":"<p data-start=\"226\" data-end=\"433\">Sukurkite linksm\u0173 vaisi\u0173 formos ledinukus ant pagaliuko, kurie prad\u017eiugins tiek vaikus, tiek suaugusius! \u0160is rinkinys puikiai tinka kaip <strong data-start=\"332\" data-end=\"356\">pirmoji DIY patirtis<\/strong>, gimtadienio dovana arba tiesiog miela veikla, kuria galima m\u0117gautis kartu su \u0161eima.<\/p>\n<p data-start=\"435\" data-end=\"571\"><strong data-start=\"435\" data-end=\"454\">Paprasta ir smagu!<\/strong> Baltas ir karamel\u0117s skonio baltas \u0161okoladas tirpsta skland\u017eiai, o pabarstai prideda tiek spalvos, tiek lengvo tra\u0161kumo.<br \/>\n<strong data-start=\"573\" data-end=\"599\">K\u016brybi\u0161ka ir lankstu!<\/strong> Formoje taip pat galite naudoti <strong data-start=\"617\" data-end=\"647\">Lastella guminuk\u0173 mi\u0161inius<\/strong>, kad pagamintum\u0117te guminius ledinukus ant pagaliuko \u2013 smag\u0173 variant\u0105, kur\u012f vaikai m\u0117gsta!<br \/>\n<strong>Apgalvota dovanos id\u0117ja<\/strong> gimtadieniams, Kal\u0117doms ar tiesiog sald\u017eiam siurprizui. Tinka \u012fvairaus am\u017eiaus vaikams \u2013<strong data-start=\"835\" data-end=\"863\"> jaunesnieji gali prisijungti<\/strong>, o vyresni vaikai ar suaugusieji gali i\u0161reik\u0161ti k\u016brybi\u0161kum\u0105 su ra\u0161tais ir spalvomis. Instrukcij\u0173 lape yra <strong data-start=\"969\" data-end=\"980\">QR kodas<\/strong>, kuris nukreipia \u012f vaizdo \u012fra\u0161\u0105 \u2013 taip kiekvien\u0105 \u017eingsn\u012f lengva sekti.<\/p>\n<p>Rinkinyje yra:<\/p>\n<ul>\n<li>Silikonin\u0117 ledinuk\u0173 formel\u0117 (ro\u017ein\u0117)<\/li>\n<li>8 daugkartinio naudojimo pagaliukai<\/li>\n<li>Baltas ir karamel\u0117s skonio baltas \u0161okoladas bei pasteli\u0173 spalv\u0173 pabarstai<\/li>\n<li>Nuoseklios instrukcijos (galimos EN, ET, RU, LV kalbomis)<\/li>\n<\/ul>\n<p>Viena partija pagamina 8 ledinukus. Rinkinyje yra med\u017eiag\u0173 dviem partijoms = <strong data-start=\"1352\" data-end=\"1374\">i\u0161 viso 16 ledinuk\u0173.<\/strong><\/p>\n<p>Rekomenduojamas <strong>am\u017eius 4+<\/strong>. Ikimokyklinio am\u017eiaus vaikams reikalinga suaugusi\u0173j\u0173 pagalba, mokyklinio am\u017eiaus vaikai gali gaminti savaranki\u0161kai.<\/p>\n<p><span style=\"font-family: azosans;\"><strong>\u012esp\u0117jimai\u26a0\ufe0f <\/strong><\/span><span style=\"font-family: azosans;\">Netinka vaikams iki 3 met\u0173. U\u017edusimo pavojus \u2013 smulkios dalys gali b\u016bti prarytos ar \u012fkv\u0117ptos. <strong>\u26a0\ufe0f <\/strong><\/span><span class=\"Y2IQFc\" lang=\"en\" style=\"font-family: azosans;\">Ledinukams gaminti reikalingas kar\u0161tas vanduo. Kar\u0161tas saldaini\u0173 mi\u0161inys ir virykl\u0117 gali nudeginti. <span style=\"font-family: azosans;\"><strong>\u26a0\ufe0f<\/strong><\/span> Skirta naudoti pri\u017ei\u016brint suaugusiajam. <\/span><\/p>\n<p>Norite daugiau patarim\u0173? Skaitykite apie ledinuk\u0173 gaminim\u0105 ir formel\u0117s <a href=\"https:\/\/lastella.ee\/lt\/ledinuku-gamyba-ir-formeles-naudojimas\/\">naudojim\u0105 m\u016bs\u0173 tinklara\u0161tyje.<\/a><\/p>\n<p>\ud83d\udc49 <strong data-start=\"1808\" data-end=\"1901\">\u012ed\u0117kite \u012f krep\u0161el\u012f ir padovanokite savo vaikui (ar sau!) sald\u0173 moment\u0105, kupin\u0105 linksmybi\u0173 ir k\u016brybi\u0161kumo!<\/strong><\/p>\n","protected":false},"excerpt":{"rendered":"<p><span style=\"font-family: azosans;\">Rinkinyje yra:<\/span><\/p>\n<ul>\n<li><span style=\"font-family: azosans;\">Silikonin\u0117 ledinuk\u0173 formel\u0117 (ro\u017ein\u0117)<\/span><\/li>\n<li><span style=\"font-family: azosans;\">8 daugkartinio naudojimo pagaliukai<\/span><\/li>\n<li><span style=\"font-family: azosans;\">Baltas ir karamel\u0117s skonio baltas \u0161okoladas bei pasteli\u0173 spalv\u0173 pabarstai<\/span><\/li>\n<li><span style=\"font-family: azosans;\">Nuoseklios instrukcijos (galimos EN, ET, RU, LV kalbomis)<\/span><\/li>\n<\/ul>\n<p data-start=\"352\" data-end=\"414\"><span style=\"font-family: azosans;\">Su \u0161iuo rinkiniu galite pagaminti <strong data-start=\"380\" data-end=\"413\">16 linksm\u0173 vaisi\u0173 formos ledinuk\u0173 ant pagaliuko.<\/strong><\/span><\/p>\n<p data-start=\"416\" data-end=\"511\"><span style=\"font-family: azosans;\"><span class=\"expiry-date-display\" style=\"font-family: 'azosans', sans-serif; font-weight: 400;\">Geriausias iki:  12.08.2026<\/span><\/span><\/p>\n<p data-start=\"416\" data-end=\"511\"><span style=\"font-family: azosans;\">Perskaitykite patarimus apie ledinuk\u0173 gaminim\u0105 ir formel\u0117s<a href=\"https:\/\/lastella.ee\/lt\/ledinuku-gamyba-ir-formeles-naudojimas\/\"> naudojim\u0105 m\u016bs\u0173 tinklara\u0161tyje.<\/a><\/span><\/p>\n<p data-start=\"513\" data-end=\"705\"><span style=\"font-family: azosans;\">Puiki pirmoji DIY patirtis ir miela dovana gimtadieniams ar bendram \u0161eimos laikui. Paprasta prisijungti jaunesniems vaikams \u2013 vyresni vaikai ir suaugusieji gali b\u016bti k\u016brybingi kurdami ledinukus su ra\u0161tais.<\/span><\/p>\n<p data-start=\"707\" data-end=\"800\"><span style=\"font-family: azosans;\">\ud83d\udc49 <strong data-start=\"710\" data-end=\"800\">\u012ed\u0117kite \u012f krep\u0161el\u012f ir palepinkite savo vaik\u0105 (ar save!) d\u017eiugiu ir sald\u017eiu k\u016brybos momentu!<\/strong><\/span><\/p>\n","protected":false},"featured_media":9288,"comment_status":"open","ping_status":"closed","template":"","meta":[],"product_brand":[],"product_cat":[149],"product_tag":[],"class_list":{"0":"post-12893","1":"product","2":"type-product","3":"status-publish","4":"has-post-thumbnail","6":"product_cat-pasidaryk-pats-rinkiniai","8":"first","9":"instock","10":"taxable","11":"shipping-taxable","12":"purchasable","13":"product-type-variable"},"_links":{"self":[{"href":"https:\/\/lastella.ee\/lt\/wp-json\/wp\/v2\/product\/12893","targetHints":{"allow":["GET"]}}],"collection":[{"href":"https:\/\/lastella.ee\/lt\/wp-json\/wp\/v2\/product"}],"about":[{"href":"https:\/\/lastella.ee\/lt\/wp-json\/wp\/v2\/types\/product"}],"replies":[{"embeddable":true,"href":"https:\/\/lastella.ee\/lt\/wp-json\/wp\/v2\/comments?post=12893"}],"wp:featuredmedia":[{"embeddable":true,"href":"https:\/\/lastella.ee\/lt\/wp-json\/wp\/v2\/media\/9288"}],"wp:attachment":[{"href":"https:\/\/lastella.ee\/lt\/wp-json\/wp\/v2\/media?parent=12893"}],"wp:term":[{"taxonomy":"product_brand","embeddable":true,"href":"https:\/\/lastella.ee\/lt\/wp-json\/wp\/v2\/product_brand?post=12893"},{"taxonomy":"product_cat","embeddable":true,"href":"https:\/\/lastella.ee\/lt\/wp-json\/wp\/v2\/product_cat?post=12893"},{"taxonomy":"product_tag","embeddable":true,"href":"https:\/\/lastella.ee\/lt\/wp-json\/wp\/v2\/product_tag?post=12893"}],"curies":[{"name":"wp","href":"https:\/\/api.w.org\/{rel}","templated":true}]}}