{"id":12889,"date":"2026-02-16T10:09:19","date_gmt":"2026-02-16T07:09:19","guid":{"rendered":"https:\/\/lastella.ee\/?post_type=product&#038;p=12889"},"modified":"2026-04-07T19:04:44","modified_gmt":"2026-04-07T16:04:44","slug":"pasigaminkite-savo-dinozauru-formos-guminukus-naturalus-dazikliai","status":"publish","type":"product","link":"https:\/\/lastella.ee\/lt\/pood\/pasidaryk-pats-rinkiniai\/pasigaminkite-savo-dinozauru-formos-guminukus-naturalus-dazikliai\/","title":{"rendered":"Pasigaminkite savo dinozaur\u0173 formos guminukus \u2013 su nat\u016braliais da\u017eikliais"},"content":{"rendered":"<p><span style=\"font-family: azosans;\"><span style=\"font-weight: 400;\">Ie\u0161kote i\u0161skirtin\u0117s dovanos? <\/span>\u0160is dinozaur\u0173 guminuk\u0173 gaminimo rinkinys leid\u017eia lengvai pasigaminti spalvingus naminius guminukus namuose. <\/span><span style=\"font-family: azosans;\"><span style=\"font-weight: 400;\">Rinkinyje rasite visk\u0105, ko reikia <\/span>guminukams pasigaminti<span style=\"font-weight: 400;\">. Tai smagi veikla vaikams ir k\u016brybi\u0161kai nusiteikusiems suaugusiesiems. <\/span><\/span><span style=\"font-family: azosans;\"><span style=\"font-weight: 400;\">Visi saldaini\u0173 mi\u0161iniai pagaminti su <\/span><b>nat\u016braliais skoniais ir nat\u016braliais da\u017eikliais<\/b><span style=\"font-weight: 400;\">, tod\u0117l galite m\u0117gautis <\/span>spalvingais vaisi\u0173 skonio guminukais<span style=\"font-weight: 400;\">. <\/span><\/span><span style=\"font-family: azosans;\"><span style=\"font-weight: 400;\">Jei norite labiau aplinkai draugi\u0161ko varianto, rinkinys taip pat si\u016blomas <\/span><b>minimalioje pakuot\u0117je (be dovan\u0173 d\u0117\u017eut\u0117s)<\/b><span style=\"font-weight: 400;\"> \u2013 tai geriau aplinkai ir j\u016bs\u0173 biud\u017eetui.<\/span><\/span><\/p>\n<p><span style=\"font-family: azosans;\">Kas \u012feina \u012f dinozaur\u0173 guminuk\u0173 gaminimo rinkin\u012f:<\/span><\/p>\n<ul>\n<li style=\"font-weight: 400;\" aria-level=\"1\"><span style=\"font-weight: 400; font-family: azosans;\"><strong>Dinozaur\u0173 formos guminuk\u0173 forma ir la\u0161intuvas<\/strong> (m\u0117lyna forma su 4 skirtingomis fig\u016bromis)<\/span><\/li>\n<li style=\"font-weight: 400;\" aria-level=\"1\"><span style=\"font-weight: 400; font-family: azosans;\"><strong>3 guminuk\u0173 gaminimo mi\u0161iniai<\/strong> (M\u0117lyni\u0173, Kriau\u0161i\u0173 ir Kolos)<\/span><\/li>\n<li style=\"font-weight: 400;\" aria-level=\"1\"><span style=\"font-weight: 400; font-family: azosans;\"><strong>Nuoseklios instrukcijos<\/strong> (galimos EN, EE, RU, DE, LT, LV kalbomis)<\/span><\/li>\n<\/ul>\n<p><span style=\"font-family: azosans;\"><span style=\"font-weight: 400;\">I\u0161 kiekvieno saldaini\u0173 mi\u0161inio pagaminama <\/span><b>apie 48 guminukus<\/b><span style=\"font-weight: 400;\">, tod\u0117l vienas rinkinys \u2013 <\/span><b>ma\u017edaug 144 guminukai<\/b><span style=\"font-weight: 400;\">.<\/span><\/span><\/p>\n<p><span style=\"font-family: azosans;\">Kod\u0117l \u017emon\u0117s m\u0117gsta \u0161\u012f guminuk\u0173 gaminimo rinkin\u012f:<\/span><\/p>\n<ul>\n<li><span style=\"font-family: azosans;\"><b>Paprasta ir smagu:<\/b><span style=\"font-weight: 400;\"> Tiesiog sumai\u0161ykite, pakaitinkite ir supilkite \u012f formeles \u2013 rezultatas vos per 30 minu\u010di\u0173.<\/span><\/span><\/li>\n<li><span style=\"font-family: azosans;\"><b>Lavina smulki\u0105j\u0105 motorik\u0105:<\/b><span style=\"font-weight: 400;\"> La\u0161intuvo naudojimas formel\u0117ms u\u017epildyti yra puiki praktin\u0117 veikla vaikams.<\/span><\/span><\/li>\n<li><span style=\"font-family: azosans;\"><b>Puikiai tinka dalintis:<\/b><span style=\"font-weight: 400;\"> M\u016bs\u0173 pa\u010di\u0173 vaikai taip m\u0117gsta \u0161\u012f <\/span>dinozaur\u0173 guminuk\u0173 DIY rinkin\u012f<span style=\"font-weight: 400;\">, kad sve\u010diai visada klausia: \u201eAr \u0161iandien gaminsime guminukus?\u201c<\/span><\/span><\/li>\n<li><span style=\"font-family: azosans;\"><b>\u0160eimos ry\u0161ys:<\/b><span style=\"font-weight: 400;\"> Kurkite nepamir\u0161tamus prisiminimus gamindami <\/span>namin\u012f guminuk\u0173 desert\u0105<span style=\"font-weight: 400;\"> kartu. Lastella tiki, kad bendri momentai kuria stipriausius ry\u0161ius.<\/span><\/span><\/li>\n<li style=\"list-style-type: none;\"><\/li>\n<\/ul>\n<p><span style=\"font-family: azosans;\"><span style=\"font-weight: 400;\">Lastella dovan\u0173 d\u0117\u017eut\u0117je telpa iki <\/span><b>6 saldaini\u0173 mi\u0161ini\u0173<\/b><span style=\"font-weight: 400;\">. \u0160iame rinkinyje yra 3, ta\u010diau rekomenduojame u\u017esisakyti daugiau \u2013 <\/span><b>guminuk\u0173 gaminimas namuose labai smagus<\/b><span style=\"font-weight: 400;\">, o m\u0117gstamiausi skoniai greitai dingsta.<\/span><\/span><\/p>\n<p><span style=\"font-family: azosans;\"><span style=\"font-weight: 400;\">2024 m. klient\u0173 <\/span><b>5 populiariausi guminuk\u0173 skoniai:<\/b><span style=\"font-weight: 400;\"> Bra\u0161ki\u0173, Obuoli\u0173, M\u0117lyni\u0173, Kolos ir Mango.<\/span><\/span><\/p>\n<p><span style=\"font-family: azosans;\"><span style=\"font-weight: 400;\">U\u017esisakykite papildomus saldaini\u0173 gamybos mi\u0161inius i\u0161 kategorijos <\/span><b>\u201e<a href=\"https:\/\/lastella.ee\/lt\/produktukategorija\/saldainiu-gamybos-misiniai\/\">Saldaini\u0173 gamybos mi\u0161iniai<\/a>\u201c<\/b><span style=\"font-weight: 400;\">.<\/span><\/span><\/p>\n<p><strong><span style=\"font-family: azosans;\">Am\u017eius: 5+<br \/>\n<\/span><\/strong><span style=\"font-weight: 400; font-family: azosans;\">Jaunesniems vaikams reikia suaugusiojo pagalbos. Mokyklinio am\u017eiaus vaikai gali susidoroti patys.<\/span><\/p>\n<p><span style=\"font-family: azosans;\"><span style=\"font-weight: 400;\">M\u016bs\u0173 klientai taip pat m\u0117gaujasi \u0161ia veikla su ma\u017eyliais (1,5+ m.) ir net kaip suaugusieji \u2013 <\/span>guminuk\u0173 gaminimas yra smagi veikla visoms am\u017eiaus grup\u0117ms<span style=\"font-weight: 400;\">. <\/span><\/span><span style=\"font-weight: 400; font-family: azosans;\"><span style=\"font-weight: 400;\">Pirm\u0105 kart\u0105 naudojate la\u0161intuv\u0105? <\/span>Rekomenduojame pirmiausia pasitreniruoti su vandeniu.<\/span><\/p>\n<p><span style=\"font-family: azosans;\"><strong>\u012esp\u0117jimai\u26a0\ufe0f <\/strong><\/span><span style=\"font-family: azosans;\">Netinka vaikams iki 3 met\u0173. U\u017edusimo pavojus \u2013 smulkios dalys gali b\u016bti prarytos ar \u012fkv\u0117ptos. <strong>\u26a0\ufe0f <\/strong><\/span><span class=\"Y2IQFc\" lang=\"en\" style=\"font-family: azosans;\">Saldainiams gaminti reikia naudoti virykl\u0119 ar mikrobang\u0173 krosnel\u0119. Kar\u0161tas saldaini\u0173 mi\u0161inys ir virykl\u0117 gali nudeginti. <span style=\"font-family: azosans;\"><strong>\u26a0\ufe0f<\/strong><\/span> Naudoti tik pri\u017ei\u016brint suaugusiajam.<\/span><\/p>\n<p>\ud83d\udc49 <strong><span style=\"font-family: azosans;\">\u00a0\u012ed\u0117kite \u012f krep\u0161el\u012f ir m\u0117gaukit\u0117s sald\u017eiomis dinozaur\u0173 formos guminuk\u0173 gaminimo akimirkomis kartu su \u0161eima!<\/span><\/strong><\/p>\n","protected":false},"excerpt":{"rendered":"<p><span style=\"font-weight: 400; font-family: azosans;\">Rinkinyje yra:<\/span><\/p>\n<ul>\n<li><span style=\"font-family: azosans;\"><b>Dinozaur\u0173 formos guminuk\u0173 formel\u0117<\/b><span style=\"font-weight: 400;\"> ir la\u0161intuvas (m\u0117lyna<\/span><b> formel\u0117<\/b><span style=\"font-weight: 400;\"> su 4 skirtingomis fig\u016bromis)<\/span><\/span><\/li>\n<li><span style=\"font-family: azosans;\"><span style=\"font-weight: 400;\"><strong> 3<\/strong> <\/span><b>guminuk\u0173 gaminimo mi\u0161iniai<\/b><span style=\"font-weight: 400;\"> (M\u0117lyni\u0173, Kriau\u0161i\u0173 ir Kolos)<\/span><\/span><\/li>\n<li><span style=\"font-weight: 400; font-family: azosans;\"><strong> Nuoseklios instrukcijos<\/strong> (galimos EN, EE, RU, DE, LT, LV kalbomis)<\/span><\/li>\n<\/ul>\n<p><span style=\"font-family: azosans;\"><span style=\"font-weight: 400;\">Pagaminama ma\u017edaug <\/span><b>144 dinozaur\u0173 formos guminukai<\/b><span style=\"font-weight: 400;\">.<\/span><\/span><\/p>\n<p><span style=\"font-family: azosans;\"><span style=\"font-weight: 400;\">D\u017eiaugsmingas dovanos pasirinkimas <\/span><b>vaikams ir k\u016brybi\u0161k\u0173 veikl\u0173 m\u0117g\u0117jams<\/b><span style=\"font-weight: 400;\">! Lastella DIY rinkiniai si\u016blo daugiau nei tik produkt\u0105 \u2013 jie sukuria patirtis, kuriomis galima m\u0117gautis kartu.<\/span><\/span><\/p>\n<p><span style=\"font-family: azosans;\">Remiantis klient\u0173 atsiliepimais, \u0161is dinozaur\u0173 guminuk\u0173 gaminimo rinkinys patinka tiek vaikams, tiek suaugusiesiems! Tai puikus b\u016bdas praleisti kokybi\u0161k\u0105 laik\u0105 su vaiku \u2013 net po \u012ftemptos darbo dienos, nes naminiai guminukai paruo\u0161iami vos per 30 minu\u010di\u0173.<\/span><\/p>\n<p data-start=\"758\" data-end=\"867\"><span style=\"font-family: azosans;\"><span class=\"expiry-date-display\" style=\"font-family: 'azosans', sans-serif; font-weight: 400;\">Geriausias iki:  31.12.2028<\/span><\/span><\/p>\n<p data-start=\"758\" data-end=\"867\"><span style=\"font-family: azosans;\"><strong data-start=\"791\" data-end=\"867\">\ud83d\udc49\u012ed\u0117kite \u012f krep\u0161el\u012f ir m\u0117gaukit\u0117s dinozaur\u0173 formos namini\u0173 guminuk\u0173 gaminimu su \u0161eima ar draugais!<\/strong><\/span><\/p>\n","protected":false},"featured_media":9232,"comment_status":"open","ping_status":"closed","template":"","meta":[],"product_brand":[],"product_cat":[149],"product_tag":[],"class_list":{"0":"post-12889","1":"product","2":"type-product","3":"status-publish","4":"has-post-thumbnail","6":"product_cat-pasidaryk-pats-rinkiniai","8":"first","9":"instock","10":"taxable","11":"shipping-taxable","12":"purchasable","13":"product-type-variable"},"_links":{"self":[{"href":"https:\/\/lastella.ee\/lt\/wp-json\/wp\/v2\/product\/12889","targetHints":{"allow":["GET"]}}],"collection":[{"href":"https:\/\/lastella.ee\/lt\/wp-json\/wp\/v2\/product"}],"about":[{"href":"https:\/\/lastella.ee\/lt\/wp-json\/wp\/v2\/types\/product"}],"replies":[{"embeddable":true,"href":"https:\/\/lastella.ee\/lt\/wp-json\/wp\/v2\/comments?post=12889"}],"wp:featuredmedia":[{"embeddable":true,"href":"https:\/\/lastella.ee\/lt\/wp-json\/wp\/v2\/media\/9232"}],"wp:attachment":[{"href":"https:\/\/lastella.ee\/lt\/wp-json\/wp\/v2\/media?parent=12889"}],"wp:term":[{"taxonomy":"product_brand","embeddable":true,"href":"https:\/\/lastella.ee\/lt\/wp-json\/wp\/v2\/product_brand?post=12889"},{"taxonomy":"product_cat","embeddable":true,"href":"https:\/\/lastella.ee\/lt\/wp-json\/wp\/v2\/product_cat?post=12889"},{"taxonomy":"product_tag","embeddable":true,"href":"https:\/\/lastella.ee\/lt\/wp-json\/wp\/v2\/product_tag?post=12889"}],"curies":[{"name":"wp","href":"https:\/\/api.w.org\/{rel}","templated":true}]}}