{"id":12884,"date":"2026-02-15T17:59:22","date_gmt":"2026-02-15T14:59:22","guid":{"rendered":"https:\/\/lastella.ee\/?post_type=product&#038;p=12884"},"modified":"2026-03-23T23:25:38","modified_gmt":"2026-03-23T20:25:38","slug":"pasigamink-savo-meskiuku-formos-guminukus-vaisiai-ir-uogos","status":"publish","type":"product","link":"https:\/\/lastella.ee\/lt\/pood\/pasidaryk-pats-rinkiniai\/pasigamink-savo-meskiuku-formos-guminukus-vaisiai-ir-uogos\/","title":{"rendered":"Pasigamink savo me\u0161kiuk\u0173 formos guminukus \u2013 vaisi\u0173 ir uog\u0173 skonio"},"content":{"rendered":"<p><span style=\"font-family: azosans;\">Ie\u0161kote i\u0161skirtin\u0117s dovanos? <\/span><span style=\"font-family: azosans;\">M\u016bs\u0173 DIY guminuk\u0173 gaminimo rinkinys leid\u017eia lengvai pasigaminti skanius naminius guminukus namuose<\/span><strong><span style=\"font-family: azosans;\">.<\/span><\/strong><\/p>\n<p><span style=\"font-family: azosans;\"><span style=\"font-weight: 400;\">Rinkinyje yra viskas, ko reikia <\/span><b>me\u0161kiuk\u0173 formos guminukams pasigaminti namuose<\/b><span style=\"font-weight: 400;\">. Tai d\u017eiaugsminga veikla vaikams ir linksmiems suaugusiesiems.<\/span><\/span><\/p>\n<p><span style=\"font-family: azosans;\"><span style=\"font-weight: 400;\">Visi saldaini\u0173 mi\u0161iniai pagaminti i\u0161 <\/span><b>nat\u016brali\u0173 skoni\u0173 ir da\u017eikli\u0173<\/b><span style=\"font-weight: 400;\">, tod\u0117l galite m\u0117gautis skaniais <\/span><b>vaisi\u0173 ir uog\u0173 skonio guminukais<\/b><span style=\"font-weight: 400;\">. Jei norite labiau aplinkai draugi\u0161ko pasirinkimo, rinkinys taip pat si\u016blomas su <\/span><b>minimalia pakuote (be dovan\u0173 d\u0117\u017eut\u0117s)<\/b><span style=\"font-weight: 400;\"> \u2013 tai geriau aplinkai ir j\u016bs\u0173 biud\u017eetui.<\/span><\/span><\/p>\n<p><span style=\"font-family: azosans;\"><b>K\u016brybi\u0161ka dovana vaikams ir \u0161eimai!<\/b><span style=\"font-weight: 400;\"> Puikiai tinka gimtadieniams, \u0161eimos laikui, mokyklos ar dar\u017eelio projektams bei \u012fmoni\u0173 \u0161ventin\u0117ms dovanoms.<\/span><\/span><\/p>\n<p><span style=\"font-family: azosans;\">Kas \u012feina \u012f guminuk\u0173 gaminimo rinkin\u012f:<\/span><\/p>\n<ul>\n<li style=\"font-weight: 400;\" aria-level=\"1\"><span style=\"font-weight: 400; font-family: azosans;\"><strong>Guminuk\u0173 formel\u0117 ir la\u0161intuvas<\/strong> (m\u0117lyni)<\/span><\/li>\n<li style=\"font-weight: 400;\" aria-level=\"1\"><span style=\"font-weight: 400; font-family: azosans;\"><strong>3 <b>guminuk\u0173 gaminimo mi\u0161iniai<\/b>\u00a0<\/strong>(Bananas, Mangas ir Bra\u0161k\u0117)<\/span><\/li>\n<li style=\"font-weight: 400;\" aria-level=\"1\"><span style=\"font-weight: 400; font-family: azosans;\"><span style=\"font-weight: 400; font-family: azosans;\"><strong>Nuoseklios instrukcijos<\/strong><\/span><\/span><span style=\"font-family: azosans;\">\u00a0(galimos EN, EE, RU, DE, LT ir LV kalbomis)<\/span><\/li>\n<\/ul>\n<p><span style=\"font-family: azosans;\"><span style=\"font-weight: 400;\">Kiekvienas saldaini\u0173 mi\u0161inys pagamina apie <\/span><b>50 guminuk\u0173<\/b><span style=\"font-weight: 400;\">, tod\u0117l vienas rinkinys \u2013 <\/span><b>apie 150 namini\u0173 guminuk\u0173<\/b><span style=\"font-weight: 400;\">.<\/span><\/span><\/p>\n<p><span style=\"font-family: azosans;\">Kod\u0117l \u017emon\u0117s m\u0117gsta \u0161\u012f guminuk\u0173 gaminimo rinkin\u012f:<\/span><\/p>\n<ul>\n<li data-start=\"884\" data-end=\"1163\"><span style=\"font-family: azosans;\"><strong>Paprasta ir smagu:<\/strong><span style=\"font-weight: 400;\"> Tiesiog sumai\u0161ykite, pakaitinkite ir supilkite \u012f formeles \u2013 rezultatas <\/span>grei\u010diau nei per 30 minu\u010di\u0173<span style=\"font-weight: 400;\">.<\/span><\/span><\/li>\n<li data-start=\"884\" data-end=\"1163\"><span style=\"font-family: azosans;\"><strong>Lavina smulki\u0105j\u0105 motorik\u0105:<\/strong><span style=\"color: #333333;\"> La\u0161intuvo naudojimas formel\u0117ms u\u017epildyti yra puiki praktin\u0117 veikla vaikams.<\/span><\/span><\/li>\n<li data-start=\"884\" data-end=\"1163\"><span style=\"font-family: azosans;\"><strong>Puikiai tinka dalintis:<\/strong><span style=\"color: #333333;\"> M\u016bs\u0173 pa\u010di\u0173 vaikai taip m\u0117gsta \u0161\u012f <\/span>DIY guminuk\u0173 gaminimo rinkin\u012f<span style=\"color: #333333;\">, kad sve\u010diai visada klausia: \u201eAr \u0161iandien gaminsime guminukus?\u201c<\/span><\/span><\/li>\n<li data-start=\"884\" data-end=\"1163\"><span style=\"font-family: azosans;\"><strong>\u0160eimos ry\u0161ys:<\/strong><span style=\"color: #333333;\"> Kurkite nepamir\u0161tamus prisiminimus, kai j\u016bs ir j\u016bs\u0173 vaikas gaminate <\/span>namin\u012f saldaini\u0173 desert\u0105<span style=\"color: #333333;\"> kartu. Lastella tiki, kad bendri momentai kuria stipriausius ry\u0161ius.<\/span><\/span><\/li>\n<\/ul>\n<p data-start=\"1165\" data-end=\"1412\"><span style=\"font-weight: 400; font-family: azosans;\"> Lastella dovan\u0173 d\u0117\u017eut\u0117je telpa <strong>iki 6 saldaini\u0173 mi\u0161ini\u0173<\/strong>. \u0160iame rinkinyje yra 3, bet rekomenduojame u\u017esisakyti daugiau \u2013 guminuk\u0173 gaminimas namuose labai smagus, o m\u0117gstamiausi greitai dingsta!<br data-start=\"1335\" data-end=\"1338\" \/>2024 m. klient\u0173 5 populiariausi guminuk\u0173 skoniai: Bra\u0161ki\u0173, Obuoli\u0173, M\u0117lyni\u0173, Kolos, Mango.<\/span><\/p>\n<p data-start=\"1165\" data-end=\"1412\"><span style=\"font-family: azosans;\">U\u017esisakykite papildomus saldaini\u0173 gamybos mi\u0161inius i\u0161 kategorijos <strong>&#8222;<a href=\"https:\/\/lastella.ee\/lt\/produktukategorija\/saldainiu-gamybos-misiniai\/\">Saldaini\u0173 gamybos mi\u0161iniai&#8221;<\/a>.<\/strong><\/span><\/p>\n<p><span style=\"font-family: azosans;\"><b>Am\u017eius: 5+<\/b><\/span><\/p>\n<p><span style=\"font-family: azosans;\">Jaunesniems vaikams reikalinga suaugusi\u0173j\u0173 prie\u017ei\u016bra. Mokyklinio am\u017eiaus vaikai gali susidoroti patys.<\/span><\/p>\n<p><span style=\"font-family: azosans;\">M\u016bs\u0173 klientai taip pat m\u0117gaujasi \u0161ia veikla su ma\u017eyliais (1,5+ m.) ir net kaip suaugusieji \u2013 guminuk\u0173 gaminimas yra smagus visoms am\u017eiaus grup\u0117ms.<\/span><\/p>\n<p><span style=\"font-family: azosans;\">Pirm\u0105 kart\u0105 naudojate la\u0161intuv\u0105? Rekomenduojame pirmiausia pasipraktikuoti su vandeniu.<\/span><\/p>\n<p><span style=\"font-family: azosans;\"><strong><b>\u012esp\u0117jimas <\/b>\u26a0\ufe0f <\/strong><\/span><span style=\"font-family: azosans;\">Netinka vaikams iki 3 met\u0173. U\u017edusimo pavojus \u2013 smulkios dalys gali b\u016bti prarytos ar \u012fkv\u0117ptos. <strong>\u26a0\ufe0f <\/strong><\/span><span class=\"Y2IQFc\" lang=\"en\" style=\"font-family: azosans;\">Saldainiams gaminti reikia naudoti virykl\u0119 ar mikrobang\u0173 krosnel\u0119. Kar\u0161tas saldaini\u0173 mi\u0161inys ir virykl\u0117 gali nudeginti. <span style=\"font-family: azosans;\"><strong>\u26a0\ufe0f<\/strong><\/span> Naudoti tik pri\u017ei\u016brint suaugusiajam.<\/span><\/p>\n<p>\ud83d\udc49<strong><span style=\"font-family: azosans;\">\u012ed\u0117kite \u012f krep\u0161el\u012f ir m\u0117gaukit\u0117s sald\u017eiomis namini\u0173 guminuk\u0173 gaminimo akimirkomis kartu su \u0161eima!<\/span><\/strong><\/p>\n","protected":false},"excerpt":{"rendered":"<p><span style=\"font-family: azosans;\">Rinkinyje yra:<\/span><\/p>\n<ul>\n<li style=\"font-weight: 400;\" aria-level=\"1\"><span style=\"font-weight: 400; font-family: azosans;\"><strong>Guminuk\u0173 formel\u0117 ir la\u0161intuvas <\/strong>(m\u0117lynas)<\/span><\/li>\n<li style=\"font-weight: 400;\" aria-level=\"1\"><span style=\"font-weight: 400; font-family: azosans;\"><strong>3 <b>guminuk\u0173 gaminimo mi\u0161iniai<\/b><\/strong>\u00a0(Bananas, Mangas ir Bra\u0161k\u0117)<\/span><\/li>\n<li style=\"font-weight: 400;\" aria-level=\"1\"><span style=\"font-weight: 400; font-family: azosans;\"><strong>Nuoseklios instrukcijos<\/strong><\/span><\/li>\n<\/ul>\n<p><span style=\"font-family: azosans;\">Pagamina ma\u017edaug <b>150 me\u0161kiuk\u0173 formos guminuk\u0173<\/b><span style=\"font-weight: 400;\">.<\/span><\/span><\/p>\n<p><span style=\"font-family: azosans;\">D\u017eiaugsmingas dovanos pasirinkimas bet kokiai progai \u2013 ypa\u010d vaikams, m\u0117gstantiems k\u016brybi\u0161kus DIY rinkinius! Lastella DIY rinkiniai si\u016blo daugiau nei tik produkt\u0105 \u2013 jie sukuria patirtis, kuriomis galima m\u0117gautis kartu.<\/span><\/p>\n<p data-start=\"395\" data-end=\"756\"><span style=\"font-family: azosans;\">Remiantis klient\u0173 atsiliepimais, \u0161is guminuk\u0173 gaminimo rinkinys patinka tiek vaikams, tiek suaugusiesiems! Tai taip pat puikus b\u016bdas praleisti kokybi\u0161k\u0105 laik\u0105 su vaiku \u2013 net po \u012ftemptos darbo dienos, nes naminiai guminukai paruo\u0161iami vos per 30 minu\u010di\u0173.<\/span><\/p>\n<p data-start=\"758\" data-end=\"867\"><span style=\"font-family: azosans;\"><span class=\"expiry-date-display\" style=\"font-family: 'azosans', sans-serif; font-weight: 400;\">Geriausias iki:  31.12.2028<\/span><\/span><\/p>\n<p data-start=\"758\" data-end=\"867\"><span style=\"font-family: azosans;\"><strong data-start=\"791\" data-end=\"867\">\ud83d\udc49 \u012ed\u0117kite \u012f krep\u0161el\u012f ir m\u0117gaukit\u0117s namini\u0173 guminuk\u0173 gaminimu su \u0161eima ar draugais!<\/strong><\/span><\/p>\n<p>&nbsp;<\/p>\n","protected":false},"featured_media":9214,"comment_status":"open","ping_status":"closed","template":"","meta":[],"product_brand":[],"product_cat":[149],"product_tag":[],"class_list":{"0":"post-12884","1":"product","2":"type-product","3":"status-publish","4":"has-post-thumbnail","6":"product_cat-pasidaryk-pats-rinkiniai","8":"first","9":"instock","10":"taxable","11":"shipping-taxable","12":"purchasable","13":"product-type-variable"},"_links":{"self":[{"href":"https:\/\/lastella.ee\/lt\/wp-json\/wp\/v2\/product\/12884","targetHints":{"allow":["GET"]}}],"collection":[{"href":"https:\/\/lastella.ee\/lt\/wp-json\/wp\/v2\/product"}],"about":[{"href":"https:\/\/lastella.ee\/lt\/wp-json\/wp\/v2\/types\/product"}],"replies":[{"embeddable":true,"href":"https:\/\/lastella.ee\/lt\/wp-json\/wp\/v2\/comments?post=12884"}],"wp:featuredmedia":[{"embeddable":true,"href":"https:\/\/lastella.ee\/lt\/wp-json\/wp\/v2\/media\/9214"}],"wp:attachment":[{"href":"https:\/\/lastella.ee\/lt\/wp-json\/wp\/v2\/media?parent=12884"}],"wp:term":[{"taxonomy":"product_brand","embeddable":true,"href":"https:\/\/lastella.ee\/lt\/wp-json\/wp\/v2\/product_brand?post=12884"},{"taxonomy":"product_cat","embeddable":true,"href":"https:\/\/lastella.ee\/lt\/wp-json\/wp\/v2\/product_cat?post=12884"},{"taxonomy":"product_tag","embeddable":true,"href":"https:\/\/lastella.ee\/lt\/wp-json\/wp\/v2\/product_tag?post=12884"}],"curies":[{"name":"wp","href":"https:\/\/api.w.org\/{rel}","templated":true}]}}