{"id":12879,"date":"2026-02-15T16:56:37","date_gmt":"2026-02-15T13:56:37","guid":{"rendered":"https:\/\/lastella.ee\/?post_type=product&#038;p=12879"},"modified":"2026-02-21T11:46:01","modified_gmt":"2026-02-21T08:46:01","slug":"pasigaminkite-savo-guminukus-dvigubas-komplektas","status":"publish","type":"product","link":"https:\/\/lastella.ee\/lt\/pood\/pasidaryk-pats-rinkiniai\/pasigaminkite-savo-guminukus-dvigubas-komplektas\/","title":{"rendered":"Pasigaminkite savo guminukus! Dvigubas komplektas"},"content":{"rendered":"<p><span style=\"font-family: azosans;\">Ie\u0161kai dovanos \u0161eimai, kurioje auga ne vienas vaikas? Su m\u016bs\u0173 <strong data-start=\"277\" data-end=\"297\">dvigubu guminuk\u0173 rinkiniu<\/strong><strong data-start=\"299\" data-end=\"345\"> du vaikai gali gaminti guminukus tuo pa\u010diu metu<\/strong> \u2013 kiekvienas su savo forma ir la\u0161intuvu. Ma\u017eiau laukimo, daugiau d\u017eiaugsmo ir puiki galimyb\u0117 i\u0161bandyti skirtingus skonius. Visi saldaini\u0173 mi\u0161iniai pagaminti su <strong data-start=\"508\" data-end=\"551\">nat\u016braliais aromatizatoriais ir da\u017eikliais<\/strong>! Jei pageidaujate ekologi\u0161kesnio varianto, rinkinys taip pat prieinamas <strong data-start=\"624\" data-end=\"659\">minimalioje pakuot\u0117je<\/strong> (be dovan\u0173 d\u0117\u017eut\u0117s) \u2013 geriau aplinkai ir j\u016bs\u0173 biud\u017eetui. <\/span><\/p>\n<p><strong data-start=\"710\" data-end=\"745\"><span style=\"font-family: azosans;\">Apgalvota ir k\u016brybi\u0161ka dovana!<\/span><\/strong><span style=\"font-family: azosans;\"> Puikiai tinka gimtadieniams, \u0161eimos laikui, mokyklos ar dar\u017eelio projektams ir \u012fmoni\u0173 \u0161ventini\u0173 dovan\u0173 paketams.<\/span><\/p>\n<p><span style=\"font-weight: 400; font-family: azosans;\">Kas \u012feina \u012f rinkin\u012f:<\/span><\/p>\n<ul>\n<li style=\"font-weight: 400;\" aria-level=\"1\"><span style=\"font-weight: 400; font-family: azosans;\"><strong>Guminuk\u0173 lokio formel\u0117 <\/strong><\/span><\/li>\n<li style=\"font-weight: 400;\" aria-level=\"1\"><span style=\"font-weight: 400; font-family: azosans;\"><strong>Guminuk\u0173 dino formel\u0117 <\/strong><\/span><\/li>\n<li style=\"font-weight: 400;\" aria-level=\"1\"><span style=\"font-weight: 400; font-family: azosans;\"><strong>2 pipet\u0117s<\/strong><\/span><\/li>\n<li style=\"font-weight: 400;\" aria-level=\"1\"><span style=\"font-weight: 400; font-family: azosans;\"><strong>4 saldaini\u0173 mi\u0161iniai <\/strong>(mango, bra\u0161ki\u0173, m\u0117lyni\u0173, obuoli\u0173)<\/span><\/li>\n<li style=\"font-weight: 400;\" aria-level=\"1\"><span style=\"font-weight: 400; font-family: azosans;\"><strong>Nuoseklios instrukcijos<\/strong> (galimos EN, EE, RU, DE, LT, LV kalbomis)<\/span><\/li>\n<\/ul>\n<p><span style=\"font-weight: 400; font-family: azosans;\">Kiekvienas saldaini\u0173 mi\u0161inys leid\u017eia pagaminti apie 50 guminuk\u0173. Vienas rinkinys = ma\u017edaug 200 guminuk\u0173! D\u0117l dosni\u0173 mi\u0161inio porcij\u0173 da\u017enai pavyksta pripildyti beveik abi formas vienu kartu, kai gamina du vaikai. <\/span><\/p>\n<p><span style=\"font-weight: 400; font-family: azosans;\">Kod\u0117l \u017emon\u0117s tai m\u0117gsta:<\/span><\/p>\n<ul>\n<li data-start=\"884\" data-end=\"1163\"><span style=\"font-weight: 400; font-family: azosans;\"><strong data-start=\"887\" data-end=\"902\"><span style=\"font-family: azosans;\">Paprasta ir smagu:<\/span><\/strong> Tiesiog sumai\u0161ykite, pakaitinkite ir supilkite \u2013 rezultatas grei\u010diau nei per 30 minu\u010di\u0173.<\/span><\/li>\n<li data-start=\"884\" data-end=\"1163\"><strong data-start=\"963\" data-end=\"994\"><span style=\"font-family: azosans;\">Lavina smulki\u0105j\u0105 motorik\u0105: <\/span><\/strong><span style=\"font-weight: 400; font-family: azosans;\">La\u0161intuvo naudojimas formel\u0117ms u\u017epildyti yra puiki praktin\u0117 \u012fg\u016bd\u017ei\u0173 lavinimo priemon\u0117.<\/span><\/li>\n<li data-start=\"884\" data-end=\"1163\"><strong data-start=\"610\" data-end=\"635\">Dvigubai daugiau k\u016brybi\u0161kumo!<\/strong> \u0160iame dvigubame rinkinyje yra tiek <strong data-start=\"667\" data-end=\"686\">me\u0161kiuk\u0173 formel\u0117<\/strong>, tiek <strong data-start=\"693\" data-end=\"706\">dinozauro formel\u0117 <\/strong>\u2013 su 4 unikaliomis dinozauro fig\u016br\u0117l\u0117mis, kurios kiekvienam guminuk\u0173 gaminimui suteikia dar daugiau \u017eavesio.<\/li>\n<li data-start=\"884\" data-end=\"1163\"><span style=\"font-weight: 400; font-family: azosans;\"><strong data-start=\"784\" data-end=\"817\">Bendras d\u017eiaugsmas \u2013 dvigubas d\u017eiaugsmas!<\/strong> Puikiai tinka \u0161eimoms su keliais vaikais, gimtadienio \u0161vent\u0117ms ar smagioms akimirkoms su draugais. Taip pat \u2013 d\u0117mesinga dovana \u012fmoni\u0173 kal\u0117diniams \u0161eimos rinkiniams. <\/span><\/li>\n<li><span style=\"font-weight: 400; font-family: azosans;\"><strong>\u0160eimos ry\u0161ys:<\/strong> Kurkite nepamir\u0161tamus prisiminimus, kai j\u016bs ir j\u016bs\u0173 vaikas m\u0117gaujat\u0117s gaminimu kartu. Lastella tikime, kad bendri momentai kuria stipriausius ry\u0161ius. <\/span><\/li>\n<\/ul>\n<p data-start=\"1165\" data-end=\"1412\"><span style=\"font-weight: 400; font-family: azosans;\"> \u012e Lastella dovan\u0173 d\u0117\u017eut\u0119 telpa iki <strong data-start=\"1195\" data-end=\"1218\">6 saldaini\u0173 mi\u0161ini\u0173<\/strong>. \u0160iame rinkinyje j\u0173 yra 4, ta\u010diau rekomenduojame \u012fsigyti papildomai \u2013 guminuk\u0173 gaminimas tikrai \u012ftraukia, o m\u0117gstamiausi skoniai greitai dingsta! <br data-start=\"1335\" data-end=\"1338\" \/>2024 m. klient\u0173 5 populiariausi skoniai: Bra\u0161ki\u0173, Obuoli\u0173, M\u0117lyni\u0173, Kolos, Mango.<\/span><\/p>\n<p data-start=\"1165\" data-end=\"1412\"><span style=\"font-family: azosans;\">U\u017esisakykite papildomus saldaini\u0173 gamybos mi\u0161inius i\u0161 kategorijos &#8222;<a href=\"https:\/\/lastella.ee\/lt\/produktukategorija\/saldainiu-gamybos-misiniai\/\">Saldaini\u0173 gamybos mi\u0161iniai&#8221;<\/a>. <\/span><\/p>\n<p><strong><span style=\"font-family: azosans;\">Am\u017eius: 5+<br \/>\n<\/span><\/strong><span style=\"font-weight: 400; font-family: azosans;\">Jaunesniems vaikams reikia suaugusiojo pagalbos. Mokyklinio am\u017eiaus vaikai gali susidoroti patys. M\u016bs\u0173 klientai taip pat m\u0117gaujasi \u0161ia veikla su ma\u017eyliais (1,5+ m.) ir net kaip suaugusieji \u2013 tai tikrai smagu visoms am\u017eiaus grup\u0117ms! <\/span><span style=\"font-weight: 400; font-family: azosans;\">Pirm\u0105 kart\u0105 naudojate la\u0161intuv\u0105? Rekomenduojame prie\u0161 tai pasitreniruoti su vandeniu. <\/span><\/p>\n<p><span style=\"font-family: azosans;\"><strong>\u012esp\u0117jimai\u26a0\ufe0f <\/strong><\/span><span style=\"font-family: azosans;\">Netinka vaikams iki 3 met\u0173. U\u017edusimo pavojus \u2013 smulkios dalys gali b\u016bti prarytos ar \u012fkv\u0117ptos. <strong>\u26a0\ufe0f <\/strong><\/span><span class=\"Y2IQFc\" lang=\"en\" style=\"font-family: azosans;\">Saldainiams gaminti reikia naudoti virykl\u0119 ar mikrobang\u0173 krosnel\u0119. Kar\u0161tas saldaini\u0173 mi\u0161inys ir virykl\u0117 gali nudeginti. <span style=\"font-family: azosans;\"><strong>\u26a0\ufe0f<\/strong><\/span> Skirta naudoti pri\u017ei\u016brint suaugusiajam. <\/span><\/p>\n<p>\ud83d\udc49 <strong data-start=\"2389\" data-end=\"2484\"><span style=\"font-family: azosans;\">\u012ed\u0117kite \u012f krep\u0161el\u012f ir m\u0117gaukit\u0117s sald\u017eiomis akimirkomis kartu \u2013 su savo vaiku ar savo vidiniu vaiku!<\/span><\/strong><\/p>\n","protected":false},"excerpt":{"rendered":"<p><span style=\"font-weight: 400; font-family: azosans;\">Ie\u0161kai dovanos \u0161eimai, kurioje auga ne vienas vaikas?<br \/>\nKas \u012feina \u012f rinkin\u012f:<\/span><\/p>\n<ul>\n<li style=\"font-weight: 400;\" aria-level=\"1\"><span style=\"font-weight: 400; font-family: azosans;\"><strong>Guminuk\u0173 lokio formel\u0117 <\/strong><\/span><\/li>\n<li style=\"font-weight: 400;\" aria-level=\"1\"><span style=\"font-weight: 400; font-family: azosans;\"><strong>Guminuk\u0173 dino formel\u0117 <\/strong><\/span><\/li>\n<li style=\"font-weight: 400;\" aria-level=\"1\"><span style=\"font-weight: 400; font-family: azosans;\"><strong>2 pipet\u0117s<\/strong><\/span><\/li>\n<li style=\"font-weight: 400;\" aria-level=\"1\"><span style=\"font-weight: 400; font-family: azosans;\"><strong>4 saldaini\u0173 mi\u0161iniai <\/strong>(mango, bra\u0161ki\u0173, m\u0117lyni\u0173, obuoli\u0173)<\/span><\/li>\n<li style=\"font-weight: 400;\" aria-level=\"1\"><span style=\"font-weight: 400; font-family: azosans;\"><strong>Nuoseklios instrukcijos<\/strong> (galimos EN, EE, RU, DE, LT, LV kalbomis)<\/span><\/li>\n<\/ul>\n<p><span style=\"font-family: azosans;\"><span class=\"expiry-date-display\" style=\"font-family: 'azosans', sans-serif; font-weight: 400;\">Geriausias iki:  31.12.2028<\/span><\/span><\/p>\n<p><span style=\"font-family: azosans;\">Kiekvienas saldaini\u0173 mi\u0161inys leid\u017eia pagaminti apie 50 guminuk\u0173. Viename rinkinyje \u2013 ma\u017edaug 200 guminuk\u0173! D\u0117l dosni\u0173 mi\u0161inio porcij\u0173 da\u017enai pavyksta vienu metu pripildyti abi formas, kai gamina du vaikai. Smagi ir originali dovana bet kokiai progai! <\/span><br data-start=\"387\" data-end=\"390\" \/><span style=\"font-family: azosans;\">Lastella \u201epasidaryk pats\u201c rinkiniai \u2013 tai daugiau nei tik produktas. Jie suteikia galimyb\u0119 patirti d\u017eiaugsm\u0105 kartu! M\u016bs\u0173 patirtimi, \u0161is rinkinys patinka tiek vaikams, tiek suaugusiesiems. Puikus b\u016bdas smagiai praleisti laik\u0105 su vaiku net po ilgos dienos \u2013 visas procesas trunka vos 30 minu\u010di\u0173!<\/span><\/p>\n<p><span style=\"font-family: azosans;\">\ud83d\udc49 <strong data-start=\"2389\" data-end=\"2484\">\u012ed\u0117kite \u012f krep\u0161el\u012f ir m\u0117gaukit\u0117s sald\u017eiomis akimirkomis kartu \u2013 su savo vaiku ar savo vidiniu vaiku!<\/strong><\/span><\/p>\n","protected":false},"featured_media":9345,"comment_status":"open","ping_status":"closed","template":"","meta":[],"product_brand":[],"product_cat":[149],"product_tag":[],"class_list":{"0":"post-12879","1":"product","2":"type-product","3":"status-publish","4":"has-post-thumbnail","6":"product_cat-pasidaryk-pats-rinkiniai","8":"first","9":"instock","10":"taxable","11":"shipping-taxable","12":"purchasable","13":"product-type-variable"},"_links":{"self":[{"href":"https:\/\/lastella.ee\/lt\/wp-json\/wp\/v2\/product\/12879","targetHints":{"allow":["GET"]}}],"collection":[{"href":"https:\/\/lastella.ee\/lt\/wp-json\/wp\/v2\/product"}],"about":[{"href":"https:\/\/lastella.ee\/lt\/wp-json\/wp\/v2\/types\/product"}],"replies":[{"embeddable":true,"href":"https:\/\/lastella.ee\/lt\/wp-json\/wp\/v2\/comments?post=12879"}],"wp:featuredmedia":[{"embeddable":true,"href":"https:\/\/lastella.ee\/lt\/wp-json\/wp\/v2\/media\/9345"}],"wp:attachment":[{"href":"https:\/\/lastella.ee\/lt\/wp-json\/wp\/v2\/media?parent=12879"}],"wp:term":[{"taxonomy":"product_brand","embeddable":true,"href":"https:\/\/lastella.ee\/lt\/wp-json\/wp\/v2\/product_brand?post=12879"},{"taxonomy":"product_cat","embeddable":true,"href":"https:\/\/lastella.ee\/lt\/wp-json\/wp\/v2\/product_cat?post=12879"},{"taxonomy":"product_tag","embeddable":true,"href":"https:\/\/lastella.ee\/lt\/wp-json\/wp\/v2\/product_tag?post=12879"}],"curies":[{"name":"wp","href":"https:\/\/api.w.org\/{rel}","templated":true}]}}