{"id":9363,"date":"2022-03-28T15:19:14","date_gmt":"2022-03-28T12:19:14","guid":{"rendered":"https:\/\/lastella.ee\/?page_id=9363"},"modified":"2025-03-25T16:47:55","modified_gmt":"2025-03-25T13:47:55","slug":"privatumo-politika","status":"publish","type":"page","link":"https:\/\/lastella.ee\/lt\/privatumo-politika\/","title":{"rendered":"Privatumo politika"},"content":{"rendered":"\n<div class=\"container section-title-container\" ><h3 class=\"section-title section-title-center\"><b aria-hidden=\"true\"><\/b><span class=\"section-title-main\" >Privatumo politika<\/span><b aria-hidden=\"true\"><\/b><\/h3><\/div>\n\n<p><span style=\"font-family: azosans;\">Internetin\u0117s parduotuv\u0117s lastella.ee atsakingas duomen\u0173 valdytojas yra Aares &amp; Helina O\u00dc(registracijos kodas 16406336), kurio buvein\u0117 yra Arhitekti 2-1, Tartu, 50407, Estija, el. pa\u0161tas \u2013 info@lastella.ee.<\/span><\/p>\n<p><span style=\"font-family: azosans;\"><strong>Kokie asmens duomenys yra tvarkomi?<\/strong><\/span><br \/><span style=\"font-family: azosans;\">\u2212 vardas, telefono numeris ir el. pa\u0161tas;<\/span><br \/><span style=\"font-family: azosans;\">\u2212 pristatymo adresas;<\/span><br \/><span style=\"font-family: azosans;\">\u2212 banko duomenys;<\/span><br \/><span style=\"font-family: azosans;\">\u2212 preki\u0173 ir paslaug\u0173 kainos bei su mok\u0117jimu susij\u0119 duomenys (pirkim\u0173 istorija);<\/span><br \/><span style=\"font-family: azosans;\">\u2212 kliento informacija;<\/span><br \/><span style=\"font-family: azosans;\">\u2212 IP adresas.<\/span><\/p>\n<h4><span style=\"font-family: azosans;\"><strong>Teisinis pagrindas<\/strong><\/span><\/h4>\n<p><span style=\"font-family: azosans;\">Asmens duomenys tvarkomi siekiant vykdyti su klientu sudaryt\u0105 sutart\u012f. Duomenys taip pat tvarkomi siekiant vykdyti teisin\u0119 prievol\u0119 (pvz., apskaitos vedimas ar vartotoj\u0173 gin\u010d\u0173 sprendimas).<\/span><\/p>\n<h4><span style=\"font-family: azosans;\"><strong>Gav\u0117jai, kuriems atskleid\u017eiami asmens duomenys<\/strong><\/span><\/h4>\n<p><span style=\"font-family: azosans;\">Kliento pasirinktam transporto paslaug\u0173 teik\u0117jui perduodami vardas, telefono numeris ir el. pa\u0161to adresas. Jei pristato kurjeris, pateikiamas ir kliento adresas.<\/span><br \/><span style=\"font-family: azosans;\">Jei internetin\u0117s parduotuv\u0117s apskait\u0105 tvarko paslaug\u0173 teik\u0117jas, jam perduodami asmens duomenys apskaitos tikslu.<\/span><br \/><span style=\"font-family: azosans;\">Asmens duomenys gali b\u016bti perduoti IT paslaug\u0173 teik\u0117jams, jei to reikia internetin\u0117s parduotuv\u0117s veikimui ar duomen\u0173 talpinimui u\u017etikrinti.<\/span><\/p>\n<h4><span style=\"font-family: azosans;\"><strong>Duomen\u0173 saugumas ir prieiga<\/strong><\/span><\/h4>\n<h4><span style=\"font-family: azosans;\">Asmens duomenys saugomi Zone Media O\u00dc serveriuose, esan\u010diuose ES valstyb\u0117je nar\u0117je arba Europos ekonomin\u0117je erdv\u0117je.<\/span><br \/><span style=\"font-family: azosans;\">Prieig\u0105 prie asmens duomen\u0173 turi tik tie darbuotojai, kuriems ji b\u016btina techniniams klausimams spr\u0119sti ar klient\u0173 aptarnavimui teikti.<\/span><br \/><span style=\"font-family: azosans;\">Internetin\u0117 parduotuv\u0117 taiko tinkamas fizines, organizacines ir IT saugumo priemones, kad apsaugot\u0173 duomenis nuo atsitiktinio ar neteis\u0117to sunaikinimo, praradimo, pakeitimo ar neteis\u0117tos prieigos ir atskleidimo.<\/span><br \/><span style=\"font-family: azosans;\">Asmens duomenys perduodami tik \u012fgaliotiems duomen\u0173 tvarkytojams pagal sudarytas sutartis, kurie privalo u\u017etikrinti tinkam\u0105 saugum\u0105.<\/span><\/h4>\n<h4><span style=\"font-family: azosans;\"><strong>Susipa\u017einimas ir asmens duomen\u0173 taisymas<\/strong><\/span><\/h4>\n<p><span style=\"font-family: azosans;\">Asmens duomenis galima per\u017ei\u016br\u0117ti ir pataisyti prisijungus prie naudotojo paskyros internetin\u0117je parduotuv\u0117je. Jei pirkimas buvo atliktas be paskyros, informacij\u0105 galima gauti per klient\u0173 aptarnavim\u0105.<\/span><\/p>\n<h4><span style=\"font-family: azosans;\"><strong>Sutikimo at\u0161aukimas<\/strong><\/span><\/h4>\n<p><span style=\"font-family: azosans;\">Jei asmens duomenys tvarkomi kliento sutikimo pagrindu, klientas gali bet kada at\u0161aukti savo sutikim\u0105, apie tai informuodamas el. pa\u0161tu klient\u0173 aptarnavim\u0105.<\/span><\/p>\n<h4><span style=\"font-family: azosans;\"><strong>Saugojimas<\/strong><\/span><\/h4>\n<p><span style=\"font-family: azosans;\">U\u017edarius paskyr\u0105, asmens duomenys i\u0161trinami, i\u0161skyrus tuos, kuriuos b\u016btina saugoti d\u0117l apskaitos ar vartotoj\u0173 gin\u010d\u0173 sprendimo (pvz., pirkim\u0173 istorija).<\/span><br \/><span style=\"font-family: azosans;\">Gin\u010d\u0173 atveju duomenys saugomi tol, kol pretenzija yra i\u0161spr\u0119sta arba sueina senaties terminas.<\/span><br \/><span style=\"font-family: azosans;\">Apskaitos dokumentuose esantys duomenys saugomi 7 metus.<\/span><\/p>\n<h4><span style=\"font-family: azosans;\"><strong>Apribojimas<\/strong><\/span><\/h4>\n<p><span style=\"font-family: azosans;\">Klientas turi teis\u0119 reikalauti apriboti savo asmens duomen\u0173 tvarkym\u0105, jei duomenys yra netiksl\u016bs, nei\u0161sam\u016bs arba jei jie tvarkomi neteis\u0117tai.<\/span><\/p>\n<h4><span style=\"font-family: azosans;\"><strong>Prie\u0161taravimas<\/strong><\/span><\/h4>\n<p><span style=\"font-family: azosans;\">Klientas turi teis\u0119 nesutikti su savo duomen\u0173 tvarkymu, jei mano, kad tam n\u0117ra teisinio pagrindo.<\/span><\/p>\n<h4><span style=\"font-family: azosans;\"><strong>I\u0161trynimas<\/strong><\/span><\/h4>\n<p><span style=\"font-family: azosans;\">Norint i\u0161trinti asmens duomenis, reikia kreiptis \u012f klient\u0173 aptarnavim\u0105 el. pa\u0161tu. Atsakymas pateikiamas ne v\u0117liau kaip per vien\u0105 m\u0117nes\u012f, nurodant i\u0161trynimo termin\u0105.<\/span><br \/><span style=\"font-family: azosans;\">Atsakyme taip pat bus nurodyta, kurie duomenys nebus i\u0161trinti, ir kod\u0117l (teis\u0117tas pagrindas).<\/span><\/p>\n<h4><span style=\"font-family: azosans;\"><strong>Perdavimas<\/strong><\/span><\/h4>\n<p><span style=\"font-family: azosans;\">\u012e u\u017eklaus\u0105 d\u0117l asmens duomen\u0173 perdavimo atsakoma ne v\u0117liau kaip per vien\u0105 m\u0117nes\u012f. Klient\u0173 aptarnavimas patikrina kliento tapatyb\u0119 ir informuoja, kurie duomenys gali b\u016bti perduoti.<\/span><\/p>\n<h4><span style=\"font-family: azosans;\"><strong>Tiesiogin\u0117 rinkodara<\/strong><\/span><\/h4>\n<p><span style=\"font-family: azosans;\">El. pa\u0161to adresas ir telefono numeris naudojami siun\u010diant tiesiogin\u0117s rinkodaros prane\u0161imus ir atsiliepim\u0173 apie produktus u\u017eklausas, jei klientas tam yra dav\u0119s sutikim\u0105.<\/span><br \/><span style=\"font-family: azosans;\">Jei klientas nebenori gauti toki\u0173 \u017einu\u010di\u0173, jis gali paspausti nuorod\u0105 lai\u0161ko apa\u010dioje arba susisiekti su klient\u0173 aptarnavimu.<\/span><\/p>\n<h4><span style=\"font-family: azosans;\"><strong>Gin\u010d\u0173 sprendimas<\/strong><\/span><\/h4>\n<p><span style=\"font-family: azosans;\">Gin\u010dai d\u0117l asmens duomen\u0173 tvarkymo sprend\u017eiami per klient\u0173 aptarnavim\u0105\u00a0<a href=\"mailto:info@lastella.ee\" target=\"_blank\" rel=\"noopener\">info@lastella.ee<\/a>. Prie\u017ei\u016bros institucija \u2013 Estijos Duomen\u0173 apsaugos inspekcija (<a href=\"mailto:info@aki.ee\" target=\"_blank\" rel=\"noopener\">info@aki.ee<\/a>).<\/span><\/p>\n\n\n\n<p><\/p>\n","protected":false},"excerpt":{"rendered":"","protected":false},"author":1,"featured_media":0,"parent":0,"menu_order":0,"comment_status":"closed","ping_status":"closed","template":"","meta":{"footnotes":""},"class_list":["post-9363","page","type-page","status-publish","hentry"],"_links":{"self":[{"href":"https:\/\/lastella.ee\/lt\/wp-json\/wp\/v2\/pages\/9363","targetHints":{"allow":["GET"]}}],"collection":[{"href":"https:\/\/lastella.ee\/lt\/wp-json\/wp\/v2\/pages"}],"about":[{"href":"https:\/\/lastella.ee\/lt\/wp-json\/wp\/v2\/types\/page"}],"author":[{"embeddable":true,"href":"https:\/\/lastella.ee\/lt\/wp-json\/wp\/v2\/users\/1"}],"replies":[{"embeddable":true,"href":"https:\/\/lastella.ee\/lt\/wp-json\/wp\/v2\/comments?post=9363"}],"version-history":[{"count":3,"href":"https:\/\/lastella.ee\/lt\/wp-json\/wp\/v2\/pages\/9363\/revisions"}],"predecessor-version":[{"id":9370,"href":"https:\/\/lastella.ee\/lt\/wp-json\/wp\/v2\/pages\/9363\/revisions\/9370"}],"wp:attachment":[{"href":"https:\/\/lastella.ee\/lt\/wp-json\/wp\/v2\/media?parent=9363"}],"curies":[{"name":"wp","href":"https:\/\/api.w.org\/{rel}","templated":true}]}}