{"id":9354,"date":"2022-03-28T15:34:02","date_gmt":"2022-03-28T12:34:02","guid":{"rendered":"https:\/\/lastella.ee\/?page_id=9354"},"modified":"2025-03-25T16:12:49","modified_gmt":"2025-03-25T13:12:49","slug":"salygos-ir-nuostatos","status":"publish","type":"page","link":"https:\/\/lastella.ee\/lt\/salygos-ir-nuostatos\/","title":{"rendered":"S\u0105lygos ir nuostatos"},"content":{"rendered":"\n<div class=\"container section-title-container\" ><h3 class=\"section-title section-title-center\"><b aria-hidden=\"true\"><\/b><span class=\"section-title-main\" >S\u0105lygos ir nuostatos<\/span><b aria-hidden=\"true\"><\/b><\/h3><\/div>\n\n<p><span style=\"font-weight: 400; font-family: azosans;\">Atsakingas duomen\u0173 tvarkytojas internetinei parduotuvei lastella.ee yra <span style=\"font-family: azosans;\">Aares &amp; Helina O\u00dc <\/span>(registracijos kodas <span style=\"font-family: azosans;\">16406336<\/span>), kurios buvein\u0117 yra <span style=\"font-family: azosans;\">Arhitekti 2-1, Tartu, 50704, Estija<\/span>, el. pa\u0161tas <span style=\"font-family: azosans;\">info@lastella.ee.<\/span><\/span><\/p>\n<h4><span style=\"font-family: azosans;\"><b>Pardavimo sutarties galiojimas, produkto ir kain\u0173 informacija<\/b><\/span><\/h4>\n<p><span style=\"font-weight: 400; font-family: azosans;\">S\u0105lygos ir nuostatos taikomos perkant prekes internetin\u0117je parduotuv\u0117je. Produkt\u0173 vaizdai internetin\u0117je parduotuv\u0117je yra iliustraciniai, o tikrosios produkt\u0173 spalvos gali \u0161iek tiek skirtis. Sudedamosios dalys ir maistin\u0117s vert\u0117s ant pakuot\u0117s gali skirtis nuo svetain\u0117je rodomos informacijos. Informacija ant pakuot\u0117s yra teisinga. Internetin\u0117je parduotuv\u0117je parduodam\u0173 produkt\u0173 kainos yra nurodytos \u0161alia produkt\u0173. U\u017e preki\u0173 pristatym\u0105 taikomi papildomi mokes\u010diai. Preki\u0173 pristatymo mokestis priklauso nuo pirk\u0117jo buvimo vietos ir pristatymo b\u016bdo. Pristatymo mokestis rodomas pirk\u0117jui u\u017esakymo pateikimo metu. Informacija apie produkt\u0105 pateikiama tiesiai \u0161alia produkto internetin\u0117je parduotuv\u0117je.<\/span><\/p>\n<h4><span style=\"font-family: azosans;\"><b>Mok\u0117jimo b\u016bdai<\/b><\/span><\/h4>\n<p><span style=\"font-weight: 400; font-family: azosans;\">Internetin\u0117je parduotuv\u0117je galima atlikti mok\u0117jimus banko pavedimu, mok\u0117jimo kortele ir naudoti vietini\u0173 Estijos, Latvijos, Lietuvos ir Suomijos bank\u0173 internetin\u0117s bankininkyst\u0117s nuorodas. Atsiskaitymas vykdomas eurais (EUR \u20ac).<\/span><\/p>\n<h4><span style=\"font-family: azosans;\"><b>U\u017esakymo pateikimas<\/b><\/span><\/h4>\n<p><span style=\"font-weight: 400; font-family: azosans;\">Nor\u0117dami u\u017esakyti produkt\u0105, turite \u012fd\u0117ti norimus daiktus \u012f pirkini\u0173 krep\u0161el\u012f. Nor\u0117dami u\u017ebaigti u\u017esakym\u0105, turite u\u017epildyti reikiamus laukus ir pasirinkti tinkam\u0105 produkto pristatymo b\u016bd\u0105. Tada ekrane rodoma mok\u0117tina suma, kuri\u0105 galima sumok\u0117ti per banko nuorod\u0105 ar kit\u0105 mok\u0117jimo sprendim\u0105. Sutartis \u012fsigalioja, kai mok\u0117tina suma gaunama internetin\u0117s parduotuv\u0117s banko s\u0105skaitoje. Jei u\u017esakyt\u0173 preki\u0173 negalima pristatyti d\u0117l to, kad produkto n\u0117ra sand\u0117lyje, ar d\u0117l bet kokios kitos prie\u017easties, pirk\u0117jas bus informuotas kiek \u012fmanoma grei\u010diau, o sumok\u0117ta suma (\u012fskaitant produkto pristatymo i\u0161laidas) bus gr\u0105\u017einta nedelsiant, bet ne v\u0117liau kaip per 14 dien\u0173 nuo prane\u0161imo datos.<\/span><\/p>\n<h4><span style=\"font-family: azosans;\"><b>Pristatymas<\/b><\/span><\/h4>\n<p><span style=\"font-weight: 400; font-family: azosans;\">Prek\u0117s siun\u010diamos \u012f \u0161ias \u0161alis: Estija, Latvija, Lietuva, Suomija, Vokietija. Pirk\u0117jas padengia siuntimo i\u0161laidas, o atitinkama kain\u0173 informacija rodoma \u0161alia siuntimo b\u016bdo. Vidaus siuntos Estijoje paprastai pasiekia pirk\u0117jo nurodyt\u0105 paskirties viet\u0105 per 3-7 darbo dienas nuo pardavimo sutarties \u012fsigaliojimo datos. Siuntos \u012f Latvij\u0105, Lietuv\u0105 ir Suomij\u0105 gali pasiekti paskirties viet\u0105 per 3-7 dienas. Siuntos \u012f Vokietij\u0105 gali atvykti per 7-15 dien\u0173.<\/span><\/p>\n<h4><span style=\"font-family: azosans;\"><b>At\u0161aukimo teis\u0117<\/b><\/span><\/h4>\n<p><span style=\"font-weight: 400; font-family: azosans;\">Gav\u0119s u\u017esakym\u0105, pirk\u0117jas turi teis\u0119 atsisakyti internetin\u0117je parduotuv\u0117je sudarytos sutarties per 14 dien\u0173.<\/span><\/p>\n<p><span style=\"font-weight: 400; font-family: azosans;\">Atsisakymo teis\u0117 netaikoma, jei pirk\u0117jas yra juridinis asmuo.<\/span><\/p>\n<p><span style=\"font-family: azosans;\"><span style=\"font-weight: 400;\">Norint pasinaudoti 14 dien\u0173 atsisakymo teise, u\u017esakytas produktas neturi b\u016bti naudojamas kitaip nei b\u016btina produkto pob\u016bd\u017eiui, savyb\u0117ms ir veikimui nustatyti, kaip leid\u017eiama i\u0161bandant produkt\u0105 fizin\u0117je parduotuv\u0117je. Jei produktas buvo naudojamas kitais tikslais nei b\u016btina jo pob\u016bd\u017eiui, savyb\u0117ms ir veikimui nustatyti, arba jei jis rodo naudojimo ar d\u0117v\u0117jimo po\u017eymius, internetin\u0117 parduotuv\u0117 turi teis\u0119 suma\u017einti gr\u0105\u017einam\u0105 sum\u0105 pagal produkto vert\u0117s suma\u017e\u0117jim\u0105. Nor\u0117dami gr\u0105\u017einti produkt\u0105, parei\u0161kim\u0105 apie atsisakym\u0105 pirkti produkt\u0105 turite pateikti ne v\u0117liau kaip per 14 dien\u0173 nuo produkto gavimo el. pa\u0161to adresu<\/span> <a href=\"mailto:info@lastella.ee\">info@lastella.ee<\/a>.<\/span><\/p>\n<p><span style=\"font-weight: 400; font-family: azosans;\">\u00a0Produkto gr\u0105\u017einimo i\u0161laidas apmoka pirk\u0117jas, i\u0161skyrus atvejus, kai gr\u0105\u017einimo prie\u017eastis yra ta, kad gr\u0105\u017einamas daiktas neatitinka to, kas buvo u\u017esakyta (pvz., neteisingas ar defektuotas daiktas). Pirk\u0117jas privalo gr\u0105\u017einti produkt\u0105 per 14 dien\u0173 po atsisakymo parei\u0161kimo pateikimo arba pateikti \u012frodym\u0105, kad jis perdav\u0117 produkt\u0105 ve\u017e\u0117jui min\u0117tu laikotarpiu. Internetin\u0117 parduotuv\u0117 turi gr\u0105\u017einti pirk\u0117jui visus pagal sutart\u012f gautus mokes\u010dius be nepagr\u012fsto delsimo, bet ne v\u0117liau kaip per 14 dien\u0173 nuo atsisakymo parei\u0161kimo gavimo. Internetin\u0117 parduotuv\u0117 gali atsisakyti atlikti gr\u0105\u017einim\u0105, kol negaus daikto, kuris yra sutarties objektas, arba kol pirk\u0117jas nepateiks \u012frodym\u0173, kad jis gr\u0105\u017eino daikt\u0105, atsi\u017evelgiant \u012f tai, kas \u012fvyksta anks\u010diau. Jei pirk\u0117jas ai\u0161kiai pasirinko daikto pristatymo b\u016bd\u0105, kuris skiriasi nuo ma\u017eiausiai brangaus \u012fprasto pristatymo b\u016bdo, kur\u012f si\u016blo internetin\u0117 parduotuv\u0117, internetin\u0117 parduotuv\u0117 neprivalo kompensuoti vartotojui i\u0161laid\u0173, vir\u0161ijan\u010di\u0173 \u012fprasto pristatymo b\u016bdo i\u0161laidas. Internetin\u0117 parduotuv\u0117 turi teis\u0119 atsisakyti pardavimo sandorio ir pareikalauti, kad pirk\u0117jas gr\u0105\u017eint\u0173 produkt\u0105, jei produkto kaina internetin\u0117je parduotuv\u0117je buvo \u017eymiai neteisingai nurodyta d\u0117l klaidos \u017eemiau produkto rinkos kainos.<\/span><\/p>\n<h4><span style=\"font-family: azosans;\"><b>Teis\u0117 pateikti skund\u0105<\/b><\/span><\/h4>\n<p><span style=\"font-family: azosans;\"><span style=\"font-weight: 400;\">Internetin\u0117 parduotuv\u0117 yra atsakinga u\u017e neatitikim\u0105 sutarties s\u0105lygoms arba pirk\u0117jui parduoto produkto defektus, kurie egzistavo pristatymo metu ir kurie i\u0161ry\u0161k\u0117ja per dvejus metus nuo pristatymo pirk\u0117jui datos. Per pirmuosius \u0161e\u0161is m\u0117nesius nuo pristatymo pirk\u0117jui datos, preziumuojama, kad defektas egzistavo pristatymo metu. Internetin\u0117s parduotuv\u0117s pareiga yra paneigti \u0161i\u0105 prezumpcij\u0105. Pirk\u0117jas turi teis\u0119 kreiptis \u012f internetin\u0119 parduotuv\u0119 per dviej\u0173 m\u0117nesi\u0173 laikotarp\u012f nuo defekto atradimo, si\u0173sdamas elektronin\u012f lai\u0161k\u0105 adresu<\/span> <a href=\"mailto:info@lastella.ee\">info@lastella.ee<\/a>. <span style=\"font-weight: 400;\">Internetin\u0117 parduotuv\u0117 neatsako u\u017e defektus, kurie atsirado po to, kai produktas buvo pristatytas pirk\u0117jui. Jei produktas, \u012fsigytas i\u0161 internetin\u0117s parduotuv\u0117s, turi defekt\u0173, u\u017e kuriuos yra atsakinga internetin\u0117 parduotuv\u0117, internetin\u0117 parduotuv\u0117 suremontuos arba pakeis defektuot\u0105 produkt\u0105. Jei produkto negalima suremontuoti ar pakeisti, internetin\u0117 parduotuv\u0117 gr\u0105\u017eins pirk\u0117jui visus su pardavimo sutartimi susijusius mokes\u010dius. Internetin\u0117 parduotuv\u0117 atsakys \u012f vartotojo skund\u0105 ra\u0161tu arba forma, leid\u017eian\u010dia ra\u0161ytin\u012f atk\u016brim\u0105 per 15 dien\u0173.<\/span><\/span><\/p>\n<h4><span style=\"font-family: azosans;\"><b>Tiesiogin\u0117 rinkodara ir asmens duomen\u0173 tvarkymas<\/b><\/span><\/h4>\n<p><span style=\"font-weight: 400; font-family: azosans;\">Internetin\u0117 parduotuv\u0117 naudoja pirk\u0117jo \u012fvestus asmens duomenis (\u012fskaitant vard\u0105, telefono numer\u012f, adres\u0105, el. pa\u0161to adres\u0105, banko duomenis) tik u\u017esakymo tvarkymui ir preki\u0173 pristatymui pirk\u0117jui. Internetin\u0117 parduotuv\u0117 dalijasi asmens duomenimis su transporto paslaug\u0173 teik\u0117jais, kad pristatyt\u0173 prekes.<\/span><\/p>\n<p><span style=\"font-weight: 400; font-family: azosans;\">Internetin\u0117 parduotuv\u0117 siun\u010dia pirk\u0117jui vien\u0105 el. lai\u0161k\u0105 pra\u0117jus 14 dien\u0173 po produkt\u0173 u\u017esakymo, kad b\u016bt\u0173 galima pateikti produkt\u0173 ap\u017evalgas.<\/span><\/p>\n<p><span style=\"font-weight: 400; font-family: azosans;\">Internetin\u0117 parduotuv\u0117 siun\u010dia naujienlai\u0161kius ir pasi\u016blymus pirk\u0117jo el. pa\u0161to adresu tik tuo atveju, jei pirk\u0117jas i\u0161rei\u0161k\u0117 nor\u0105 tai gauti, \u012fvesdamas savo el. pa\u0161to adres\u0105 svetain\u0117je ir nurodydamas savo pageidavim\u0105 gauti tiesiogin\u0117s rinkodaros prane\u0161imus. Pirk\u0117jas turi galimyb\u0119 bet kuriuo metu atsisakyti el. pa\u0161to pasi\u016blym\u0173 ir naujienlai\u0161ki\u0173, prane\u0161damas mums el. pa\u0161tu arba vadovaudamasis instrukcijomis, pateiktomis el. lai\u0161ke su pasi\u016blymais.<\/span><\/p>\n<h4><span style=\"font-family: azosans;\"><b>Gin\u010d\u0173 sprendimas<\/b><\/span><\/h4>\n<p><span style=\"font-family: azosans;\"><span style=\"font-weight: 400;\">Jei pirk\u0117jas turi pretenzij\u0173 d\u0117l internetin\u0117s parduotuv\u0117s, jis turi jas si\u0173sti el. pa\u0161to adresu<\/span> <a href=\"mailto:info@lastella.ee\">info@lastella.ee<\/a>.<span style=\"font-weight: 400;\">Jei pirk\u0117jas ir internetin\u0117 parduotuv\u0117 negali i\u0161spr\u0119sti gin\u010do susitarimu, pirk\u0117jas turi galimyb\u0119 kreiptis \u012f Vartotoj\u0173 gin\u010d\u0173 komisij\u0105.<\/span> S<span style=\"font-weight: 400;\">u proced\u016brin\u0117mis s\u0105lygomis galite susipa\u017einti ir pateikti pra\u0161ym\u0105 <a href=\"http:\/\/www.komisjon.ee\/\">\u010dia<\/a>.<\/span>\u00a0<span style=\"font-weight: 400;\">Vartotoj\u0173 gin\u010d\u0173 komisija yra kompetentinga spr\u0119sti gin\u010dus, kylan\u010dius i\u0161 sutar\u010di\u0173 tarp pirk\u0117jo ir internetin\u0117s parduotuv\u0117s. Pirk\u0117jo skundo nagrin\u0117jimas komisijoje yra nemokamas. Pirk\u0117jas taip pat gali kreiptis \u012f Europos S\u0105jungos vartotoj\u0173 gin\u010d\u0173 sprendimo <a href=\"http:\/\/ec.europa.eu\/consumers\/odr\/\">platform\u0105.<\/a><\/span><\/span><\/p>\n\n\n\n<p><\/p>\n","protected":false},"excerpt":{"rendered":"","protected":false},"author":1,"featured_media":0,"parent":0,"menu_order":0,"comment_status":"closed","ping_status":"closed","template":"","meta":{"footnotes":""},"class_list":["post-9354","page","type-page","status-publish","hentry"],"_links":{"self":[{"href":"https:\/\/lastella.ee\/lt\/wp-json\/wp\/v2\/pages\/9354","targetHints":{"allow":["GET"]}}],"collection":[{"href":"https:\/\/lastella.ee\/lt\/wp-json\/wp\/v2\/pages"}],"about":[{"href":"https:\/\/lastella.ee\/lt\/wp-json\/wp\/v2\/types\/page"}],"author":[{"embeddable":true,"href":"https:\/\/lastella.ee\/lt\/wp-json\/wp\/v2\/users\/1"}],"replies":[{"embeddable":true,"href":"https:\/\/lastella.ee\/lt\/wp-json\/wp\/v2\/comments?post=9354"}],"version-history":[{"count":5,"href":"https:\/\/lastella.ee\/lt\/wp-json\/wp\/v2\/pages\/9354\/revisions"}],"predecessor-version":[{"id":9362,"href":"https:\/\/lastella.ee\/lt\/wp-json\/wp\/v2\/pages\/9354\/revisions\/9362"}],"wp:attachment":[{"href":"https:\/\/lastella.ee\/lt\/wp-json\/wp\/v2\/media?parent=9354"}],"curies":[{"name":"wp","href":"https:\/\/api.w.org\/{rel}","templated":true}]}}