{"id":9121,"date":"2022-05-14T21:21:04","date_gmt":"2022-05-14T18:21:04","guid":{"rendered":"https:\/\/lastella.ee\/?page_id=9121"},"modified":"2025-03-20T15:09:21","modified_gmt":"2025-03-20T12:09:21","slug":"kontaktai","status":"publish","type":"page","link":"https:\/\/lastella.ee\/lt\/kontaktai\/","title":{"rendered":"Kontaktai"},"content":{"rendered":"\n<div class=\"container section-title-container\" ><h3 class=\"section-title section-title-normal\"><b aria-hidden=\"true\"><\/b><span class=\"section-title-main\" >kontaktai<\/span><b aria-hidden=\"true\"><\/b><\/h3><\/div>\n\n\n\t<section class=\"section\" id=\"section_654486818\">\n\t\t<div class=\"section-bg fill\" >\n\t\t\t\t\t\t\t\t\t\n\t\t\t\n\n\t\t<\/div>\n\n\t\t\n\n\t\t<div class=\"section-content relative\">\n\t\t\t\n\n\t<div id=\"text-2918576819\" class=\"text\">\n\t\t\n\n<p><span style=\"font-weight: 400; font-family: azosans;\">\u00a0Mes \u012fsik\u016br\u0119 gra\u017eiame universiteto mieste Tartu, Estijoje.<\/span><\/p>\n<p><span style=\"font-weight: 400; font-family: azosans;\">Jei u\u017e u\u017esakym\u0105 mokate banko pavedimu, galite atlikti pavedim\u0105 \u012f m\u016bs\u0173 s\u0105skait\u0105 LHV banke: EE457700771007326443. Pra\u0161ome apra\u0161yme nurodyti u\u017esakymo numer\u012f.<\/span><\/p>\n<p><span style=\"font-weight: 400; font-family: azosans;\">Jei norite pasidalinti pastabomis, d\u017eiaugsmais, pasi\u016blymais arba turite klausim\u0173 apie m\u016bs\u0173 produktus, galite susisiekti su mumis el. pa\u0161tu <span style=\"color: #33cccc;\"><a style=\"color: #33cccc;\" href=\"mailto:info@lastella.ee\">info@lastella.ee<\/a>.\u00a0 <span style=\"color: #282828;\">(Kalbame angli\u0161kai ir esti\u0161kai)<\/span><\/span><\/span><\/p>\n<p><span style=\"font-weight: 400; font-family: azosans;\">Mus galite rasti Instagram \u2013 <a href=\"https:\/\/www.instagram.com\/lastella_ee\/\">@lastella_ee<\/a> ir Facebook kaip <a href=\"https:\/\/www.facebook.com\/lastellaee\">@lastellaee<\/a>.<\/span><\/p>\n<p><span style=\"font-weight: 400; font-family: azosans;\">\u00a0Siun\u010diame \u012f vis\u0105 pasaul\u012f! Jei pageidaujate pristatymo \u012f kitas vietas, nei nurodyta <a href=\"https:\/\/lastella.ee\/lt\/pristatymas\/\">Pristatymo<\/a> puslapyje, susisiekite su mumis el. pa\u0161tu <span style=\"color: #33cccc;\"><a style=\"color: #33cccc;\" href=\"mailto:info@lastella.ee\">info@lastella.ee<\/a>.<\/span><\/span><\/p>\n<p style=\"text-align: center;\"><span style=\"font-family: azosans; color: #000000;\">Iki pasimatymo! \u2665<\/span><\/p>\n\t\t\n<style>\n#text-2918576819 {\n  text-align: center;\n}\n<\/style>\n\t<\/div>\n\t\n<p style=\"text-align: center;\"><span style=\"font-family: azosans;\"><strong>Susisiekite su mumis:<\/strong><\/span><\/p>\n<div class=\"row\"  id=\"row-235857732\">\n\n\n\t<div id=\"col-666377279\" class=\"col medium-4 small-12 large-4\"  >\n\t\t\t\t<div class=\"col-inner\"  >\n\t\t\t\n\t\t\t\n\n\n\t\t<\/div>\n\t\t\t\t\t<\/div>\n\n\t\n\n\t<div id=\"col-1330146028\" class=\"col medium-4 small-12 large-4\"  >\n\t\t\t\t<div class=\"col-inner\"  >\n\t\t\t\n\t\t\t\n\n\t<div id=\"text-2903988468\" class=\"text\">\n\t\t\n\n\n<div class=\"wpcf7 no-js\" id=\"wpcf7-f9177-o1\" lang=\"et\" dir=\"ltr\" data-wpcf7-id=\"9177\">\n<div class=\"screen-reader-response\"><p role=\"status\" aria-live=\"polite\" aria-atomic=\"true\"><\/p> <ul><\/ul><\/div>\n<form action=\"\/lt\/wp-json\/wp\/v2\/pages\/9121#wpcf7-f9177-o1\" method=\"post\" class=\"wpcf7-form init\" aria-label=\"Contact form\" novalidate=\"novalidate\" data-status=\"init\">\n<fieldset class=\"hidden-fields-container\"><input type=\"hidden\" name=\"_wpcf7\" value=\"9177\" \/><input type=\"hidden\" name=\"_wpcf7_version\" value=\"6.1.5\" \/><input type=\"hidden\" name=\"_wpcf7_locale\" value=\"et\" \/><input type=\"hidden\" name=\"_wpcf7_unit_tag\" value=\"wpcf7-f9177-o1\" \/><input type=\"hidden\" name=\"_wpcf7_container_post\" value=\"0\" \/><input type=\"hidden\" name=\"_wpcf7_posted_data_hash\" value=\"\" \/><input type=\"hidden\" name=\"_wpcf7_recaptcha_response\" value=\"\" \/>\n<\/fieldset>\n<p><span class=\"wpcf7-form-control-wrap\" data-name=\"text-384\"><input size=\"40\" maxlength=\"400\" class=\"wpcf7-form-control wpcf7-text wpcf7-validates-as-required\" aria-required=\"true\" aria-invalid=\"false\" placeholder=\"J\u016bs\u0173 vardas*\" value=\"\" type=\"text\" name=\"text-384\" \/><\/span><br \/>\n<span class=\"wpcf7-form-control-wrap\" data-name=\"your-email\"><input size=\"40\" maxlength=\"400\" class=\"wpcf7-form-control wpcf7-email wpcf7-validates-as-required wpcf7-text wpcf7-validates-as-email\" aria-required=\"true\" aria-invalid=\"false\" placeholder=\"El. pa\u0161tas*\" value=\"\" type=\"email\" name=\"your-email\" \/><\/span><br \/>\n<span class=\"wpcf7-form-control-wrap\" data-name=\"text-596\"><input size=\"40\" maxlength=\"400\" class=\"wpcf7-form-control wpcf7-text\" aria-invalid=\"false\" placeholder=\"\u012emon\u0117s pavadinimas\" value=\"\" type=\"text\" name=\"text-596\" \/><\/span><br \/>\n<span class=\"wpcf7-form-control-wrap\" data-name=\"textarea-871\"><textarea cols=\"40\" rows=\"10\" maxlength=\"2000\" class=\"wpcf7-form-control wpcf7-textarea\" aria-invalid=\"false\" placeholder=\"Para\u0161ykite mums\" name=\"textarea-871\"><\/textarea><\/span>\n<\/p>\n<p><input class=\"wpcf7-form-control wpcf7-submit has-spinner\" type=\"submit\" value=\"Si\u0173sti\" \/>\n<\/p><p style=\"display: none !important;\" class=\"akismet-fields-container\" data-prefix=\"_wpcf7_ak_\"><label>&#916;<textarea name=\"_wpcf7_ak_hp_textarea\" cols=\"45\" rows=\"8\" maxlength=\"100\"><\/textarea><\/label><input type=\"hidden\" id=\"ak_js_1\" name=\"_wpcf7_ak_js\" value=\"193\"\/><script>document.getElementById( \"ak_js_1\" ).setAttribute( \"value\", ( new Date() ).getTime() );<\/script><\/p><div class=\"wpcf7-response-output\" aria-hidden=\"true\"><\/div>\n<\/form>\n<\/div>\n\n\t\t\n<style>\n#text-2903988468 {\n  text-align: center;\n}\n<\/style>\n\t<\/div>\n\t\n\n\t\t<\/div>\n\t\t\t\t\t<\/div>\n\n\t\n\n\t<div id=\"col-1228035668\" class=\"col medium-4 small-12 large-4\"  >\n\t\t\t\t<div class=\"col-inner\"  >\n\t\t\t\n\t\t\t\n\n\n\t\t<\/div>\n\t\t\t\t\t<\/div>\n\n\t\n\n<\/div>\n\n\t\t<\/div>\n\n\t\t\n<style>\n#section_654486818 {\n  padding-top: 30px;\n  padding-bottom: 30px;\n}\n<\/style>\n\t<\/section>\n\t\n<div class=\"row\"  id=\"row-1449116324\">\n\n\n\t<div id=\"col-363948376\" class=\"col small-12 large-12\"  >\n\t\t\t\t<div class=\"col-inner text-center\"  >\n\t\t\t\n\t\t\t\n\n\t<div class=\"img has-hover x md-x lg-x y md-y lg-y\" id=\"image_351754952\">\n\t\t\t\t\t\t\t\t<div class=\"img-inner dark\" >\n\t\t\t<img loading=\"lazy\" decoding=\"async\" width=\"600\" height=\"400\" src=\"https:\/\/lastella.ee\/wp-content\/uploads\/2022\/05\/kontakt-v.jpg\" class=\"attachment-large size-large\" alt=\"Lastella meist\" srcset=\"https:\/\/lastella.ee\/wp-content\/uploads\/2022\/05\/kontakt-v.jpg 600w, https:\/\/lastella.ee\/wp-content\/uploads\/2022\/05\/kontakt-v-400x267.jpg 400w, https:\/\/lastella.ee\/wp-content\/uploads\/2022\/05\/kontakt-v-500x333.jpg 500w, https:\/\/lastella.ee\/wp-content\/uploads\/2022\/05\/kontakt-v-300x200.jpg 300w\" sizes=\"auto, (max-width: 600px) 100vw, 600px\" \/>\t\t\t\t\t\t\n\t\t\t\t\t<\/div>\n\t\t\t\t\t\t\t\t\n<style>\n#image_351754952 {\n  width: 90%;\n}\n@media (min-width:550px) {\n  #image_351754952 {\n    width: 55%;\n  }\n}\n<\/style>\n\t<\/div>\n\t\n\n\n\t\t<\/div>\n\t\t\t\t\t<\/div>\n\n\t\n\n<\/div>\n\n","protected":false},"excerpt":{"rendered":"","protected":false},"author":1,"featured_media":0,"parent":0,"menu_order":0,"comment_status":"closed","ping_status":"closed","template":"","meta":{"footnotes":""},"class_list":["post-9121","page","type-page","status-publish","hentry"],"_links":{"self":[{"href":"https:\/\/lastella.ee\/lt\/wp-json\/wp\/v2\/pages\/9121","targetHints":{"allow":["GET"]}}],"collection":[{"href":"https:\/\/lastella.ee\/lt\/wp-json\/wp\/v2\/pages"}],"about":[{"href":"https:\/\/lastella.ee\/lt\/wp-json\/wp\/v2\/types\/page"}],"author":[{"embeddable":true,"href":"https:\/\/lastella.ee\/lt\/wp-json\/wp\/v2\/users\/1"}],"replies":[{"embeddable":true,"href":"https:\/\/lastella.ee\/lt\/wp-json\/wp\/v2\/comments?post=9121"}],"version-history":[{"count":6,"href":"https:\/\/lastella.ee\/lt\/wp-json\/wp\/v2\/pages\/9121\/revisions"}],"predecessor-version":[{"id":9187,"href":"https:\/\/lastella.ee\/lt\/wp-json\/wp\/v2\/pages\/9121\/revisions\/9187"}],"wp:attachment":[{"href":"https:\/\/lastella.ee\/lt\/wp-json\/wp\/v2\/media?parent=9121"}],"curies":[{"name":"wp","href":"https:\/\/api.w.org\/{rel}","templated":true}]}}