{"id":9112,"date":"2022-05-14T21:00:18","date_gmt":"2022-05-14T18:00:18","guid":{"rendered":"https:\/\/lastella.ee\/?page_id=9112"},"modified":"2026-03-24T15:52:31","modified_gmt":"2026-03-24T12:52:31","slug":"apie-mus","status":"publish","type":"page","link":"https:\/\/lastella.ee\/lt\/apie-mus\/","title":{"rendered":"Apie mus"},"content":{"rendered":"\n<div class=\"container section-title-container\" ><h1 class=\"section-title section-title-normal\"><b aria-hidden=\"true\"><\/b><span class=\"section-title-main\" >Apie Mus<\/span><b aria-hidden=\"true\"><\/b><\/h1><\/div>\n\n\n\t<section class=\"section\" id=\"section_1406710891\">\n\t\t<div class=\"section-bg fill\" >\n\t\t\t\t\t\t\t\t\t\n\t\t\t\n\n\t\t<\/div>\n\n\t\t\n\n\t\t<div class=\"section-content relative\">\n\t\t\t\n\n<p><span style=\"font-family: azosans;\">Mes esame dvi draug\u0117s \u2013 Aire ir \u00c4nn. Mus sieja ne tik draugyst\u0117, bet ir tai, kad abi esame mamos.<\/span><\/p>\n<p><span style=\"font-family: azosans;\">\u00c4nn m\u0117gsta kurti ak\u012f traukian\u010dius skan\u0117stus savo s\u016bnaus gimtadienio stalui. Ta\u010diau tokiems skan\u0117stams pagaminti da\u017enai reikia pirkti daug \u012fvairi\u0173 ingredient\u0173, kuri\u0173 dalis lieka nepanaudota ir galiausiai sugenda. Pasibaigus j\u0173 galiojimo laikui, ingredientus tenka i\u0161mesti. Ypa\u010d da\u017enai taip nutikdavo su maistiniais da\u017eais. Jai tai visada atrod\u0117 problemi\u0161ka, nes maisto \u0161vaistymas n\u0117ra tvarus ir eikvoja m\u016bs\u0173 planetos i\u0161teklius.<\/span><\/p>\n<p><span style=\"font-family: azosans;\">Aires dukra jau lanko mokykl\u0105 ir labai m\u0117gsta rankdarbius bei k\u016brybines veiklas. Ta\u010diau vaikams nuolat reikia nauj\u0173 id\u0117j\u0173 ir \u012fdomi\u0173 u\u017esi\u0117mim\u0173. Taip mums kilo mintis sukurti rinkinius \u201ePasigamink saldumynus pats!\u201c, kurie leist\u0173 vaikams kurti ka\u017ek\u0105 patrauklaus savaranki\u0161kai arba kartu su t\u0117vais ir draugais.<\/span><\/p>\n<div class=\"row align-equal align-center\"  id=\"row-267160798\">\n\n\n\t<div id=\"col-335795325\" class=\"col small-12 large-12\"  >\n\t\t\t\t<div class=\"col-inner text-center\"  >\n\t\t\t\n\t\t\t\n\n\t<div id=\"gap-1389019663\" class=\"gap-element clearfix\" style=\"display:block; height:auto;\">\n\t\t\n<style>\n#gap-1389019663 {\n  padding-top: 38px;\n}\n<\/style>\n\t<\/div>\n\t\n\n\t<div class=\"img has-hover x md-x lg-x y md-y lg-y\" id=\"image_625391967\">\n\t\t\t\t\t\t\t\t<div class=\"img-inner dark\" >\n\t\t\t<img loading=\"lazy\" decoding=\"async\" width=\"1000\" height=\"667\" src=\"https:\/\/lastella.ee\/wp-content\/uploads\/2024\/09\/Aire_ja_ann.jpg\" class=\"attachment-original size-original\" alt=\"\" srcset=\"https:\/\/lastella.ee\/wp-content\/uploads\/2024\/09\/Aire_ja_ann.jpg 1000w, https:\/\/lastella.ee\/wp-content\/uploads\/2024\/09\/Aire_ja_ann-300x200.jpg 300w, https:\/\/lastella.ee\/wp-content\/uploads\/2024\/09\/Aire_ja_ann-768x512.jpg 768w, https:\/\/lastella.ee\/wp-content\/uploads\/2024\/09\/Aire_ja_ann-400x267.jpg 400w, https:\/\/lastella.ee\/wp-content\/uploads\/2024\/09\/Aire_ja_ann-500x334.jpg 500w\" sizes=\"auto, (max-width: 1000px) 100vw, 1000px\" \/>\t\t\t\t\t\t\n\t\t\t\t\t<\/div>\n\t\t\t\t\t\t\t\t\n<style>\n#image_625391967 {\n  width: 45%;\n}\n<\/style>\n\t<\/div>\n\t\n\n\n\t\t<\/div>\n\t\t\t\t\t<\/div>\n\n\t\n\n<\/div>\n<p><span style=\"font-family: azosans;\">\u0160iuose rinkiniuose yra viskas, ko reikia veiklai prad\u0117ti \u2013 ingredientai ir priemon\u0117s pateikiami tiksliai pamatuotais kiekiais. Tai leid\u017eia vaikams ir suaugusiesiems i\u0161 karto imtis k\u016brybos, negai\u0161tant laiko ie\u0161kant papildom\u0173 produkt\u0173.<\/span><\/p>\n<p><span style=\"font-family: azosans;\">Rinkiniai tinka mokyklinio am\u017eiaus vaikams dirbti savaranki\u0161kai, o ma\u017eesniems vaikams \u2013 kurti kartu su t\u0117vais. Jie taip pat suteikia \u0161eimoms galimyb\u0119 \u012ftraukti vaikus \u012f gimtadienio stalo ruo\u0161im\u0105 arba kartu su sve\u010diais pasigaminti skan\u0117st\u0173 bet kokia proga. Tai gali b\u016bti \u0161eimos \u0161vent\u0117, jaukus pi\u017eam\u0173 vakar\u0117lis namuose ar \u012fmon\u0117s organizuojama \u0161eimos diena.<\/span><\/p>\n<p><span style=\"font-family: azosans;\">M\u016bs\u0173 rinkiniai taip pat puikiai tinka kaip gimtadienio ar Kal\u0117d\u0173 dovanos. Da\u017enai vaikai jau turi daug \u017eaisl\u0173, tod\u0117l norisi padovanoti ka\u017ek\u0105, kas suteikt\u0173 ne tik daikt\u0105, bet ir patirt\u012f. Pavyzd\u017eiui, guminuk\u0173 gaminimas vaikams yra smagus ir \u012ftraukiantis u\u017esi\u0117mimas, o guminuk\u0173 formeles v\u0117liau galima naudoti ir kitur \u2013 ledo kubeliams ar \u0161okoladiniams saldainiams.<\/span><\/p>\n<p><span style=\"font-family: azosans;\">M\u016bs\u0173 tikslas \u2013 kurti kuo nat\u016bralesnius ir tyresnius rinkinius. Tokius produktus, kokius patys su d\u017eiaugsmu duotume savo vaikams.<\/span><\/p>\n<div class=\"row\"  id=\"row-1440836569\">\n\n\n\t<div id=\"col-676039403\" class=\"col small-12 large-12\"  >\n\t\t\t\t<div class=\"col-inner text-center\"  >\n\t\t\t\n\t\t\t\n\n\t<div class=\"img has-hover x md-x lg-x y md-y lg-y\" id=\"image_86544508\">\n\t\t\t\t\t\t\t\t<div class=\"img-inner dark\" >\n\t\t\t<img loading=\"lazy\" decoding=\"async\" width=\"1000\" height=\"667\" src=\"https:\/\/lastella.ee\/wp-content\/uploads\/2024\/09\/Lastella_kompletid_lastele.jpg\" class=\"attachment-large size-large\" alt=\"Laste tegevuskomplektid kingituseks\" srcset=\"https:\/\/lastella.ee\/wp-content\/uploads\/2024\/09\/Lastella_kompletid_lastele.jpg 1000w, https:\/\/lastella.ee\/wp-content\/uploads\/2024\/09\/Lastella_kompletid_lastele-300x200.jpg 300w, https:\/\/lastella.ee\/wp-content\/uploads\/2024\/09\/Lastella_kompletid_lastele-768x512.jpg 768w, https:\/\/lastella.ee\/wp-content\/uploads\/2024\/09\/Lastella_kompletid_lastele-400x267.jpg 400w, https:\/\/lastella.ee\/wp-content\/uploads\/2024\/09\/Lastella_kompletid_lastele-500x334.jpg 500w\" sizes=\"auto, (max-width: 1000px) 100vw, 1000px\" \/>\t\t\t\t\t\t\n\t\t\t\t\t<\/div>\n\t\t\t\t\t\t\t\t\n<style>\n#image_86544508 {\n  width: 45%;\n}\n<\/style>\n\t<\/div>\n\t\n\n\n\t\t<\/div>\n\t\t\t\t\t<\/div>\n\n\t\n\n<\/div>\n\n\t\t<\/div>\n\n\t\t\n<style>\n#section_1406710891 {\n  padding-top: 30px;\n  padding-bottom: 30px;\n}\n<\/style>\n\t<\/section>\n\t\n\n\n\n<p><\/p>\n","protected":false},"excerpt":{"rendered":"","protected":false},"author":1,"featured_media":0,"parent":0,"menu_order":0,"comment_status":"closed","ping_status":"closed","template":"","meta":{"footnotes":""},"class_list":["post-9112","page","type-page","status-publish","hentry"],"_links":{"self":[{"href":"https:\/\/lastella.ee\/lt\/wp-json\/wp\/v2\/pages\/9112","targetHints":{"allow":["GET"]}}],"collection":[{"href":"https:\/\/lastella.ee\/lt\/wp-json\/wp\/v2\/pages"}],"about":[{"href":"https:\/\/lastella.ee\/lt\/wp-json\/wp\/v2\/types\/page"}],"author":[{"embeddable":true,"href":"https:\/\/lastella.ee\/lt\/wp-json\/wp\/v2\/users\/1"}],"replies":[{"embeddable":true,"href":"https:\/\/lastella.ee\/lt\/wp-json\/wp\/v2\/comments?post=9112"}],"version-history":[{"count":5,"href":"https:\/\/lastella.ee\/lt\/wp-json\/wp\/v2\/pages\/9112\/revisions"}],"predecessor-version":[{"id":13214,"href":"https:\/\/lastella.ee\/lt\/wp-json\/wp\/v2\/pages\/9112\/revisions\/13214"}],"wp:attachment":[{"href":"https:\/\/lastella.ee\/lt\/wp-json\/wp\/v2\/media?parent=9112"}],"curies":[{"name":"wp","href":"https:\/\/api.w.org\/{rel}","templated":true}]}}