{"id":11137,"date":"2023-10-30T18:03:30","date_gmt":"2023-10-30T15:03:30","guid":{"rendered":"https:\/\/lastella.ee\/laikini-technines-prieziuros-darbai\/"},"modified":"2025-06-30T19:51:42","modified_gmt":"2025-06-30T16:51:42","slug":"laikini-technines-prieziuros-darbai","status":"publish","type":"page","link":"https:\/\/lastella.ee\/lt\/laikini-technines-prieziuros-darbai\/","title":{"rendered":"Laikini technin\u0117s prie\u017ei\u016bros darbai"},"content":{"rendered":"\n<div class=\"row row-collapse row-full-width align-middle\"  id=\"row-1704658754\">\n\n\n\t<div id=\"col-1072563479\" class=\"col medium-5 small-12 large-7\"  >\n\t\t\t\t<div class=\"col-inner\"  >\n\t\t\t\n\t\t\t\n\n\n  <div class=\"banner has-hover\" id=\"banner-1994094071\">\n          <div class=\"banner-inner fill\">\n        <div class=\"banner-bg fill\" >\n                                                \n                    <\/div>\n\t\t\n        <div class=\"banner-layers container\">\n            <div class=\"fill banner-link\"><\/div>            \n\n   <div id=\"text-box-1820087214\" class=\"text-box banner-layer x50 md-x50 lg-x50 y50 md-y50 lg-y50 res-text\">\n                                <div class=\"text-box-content text dark\">\n              \n              <div class=\"text-inner text-center\">\n                  \n\n\t<div class=\"img has-hover x md-x lg-x y md-y lg-y\" id=\"image_1877924875\">\n\t\t\t\t\t\t\t\t<div class=\"img-inner dark\" >\n\t\t\t<img loading=\"lazy\" decoding=\"async\" width=\"500\" height=\"500\" src=\"https:\/\/lastella.ee\/wp-content\/uploads\/2022\/05\/Kupsised-nao-eesv.jpg\" class=\"attachment-large size-large\" alt=\"Lastella k\u00fcpsise pulgakad - tore kingitus lapsele\" srcset=\"https:\/\/lastella.ee\/wp-content\/uploads\/2022\/05\/Kupsised-nao-eesv.jpg 500w, https:\/\/lastella.ee\/wp-content\/uploads\/2022\/05\/Kupsised-nao-eesv-300x300.jpg 300w, https:\/\/lastella.ee\/wp-content\/uploads\/2022\/05\/Kupsised-nao-eesv-150x150.jpg 150w, https:\/\/lastella.ee\/wp-content\/uploads\/2022\/05\/Kupsised-nao-eesv-400x400.jpg 400w, https:\/\/lastella.ee\/wp-content\/uploads\/2022\/05\/Kupsised-nao-eesv-100x100.jpg 100w\" sizes=\"auto, (max-width: 500px) 100vw, 500px\" \/>\t\t\t\t\t\t\n\t\t\t\t\t<\/div>\n\t\t\t\t\t\t\t\t\n<style>\n#image_1877924875 {\n  width: 100%;\n}\n<\/style>\n\t<\/div>\n\t\n\n\n              <\/div>\n           <\/div>\n                            \n<style>\n#text-box-1820087214 {\n  width: 60%;\n}\n#text-box-1820087214 .text-box-content {\n  font-size: 100%;\n}\n@media (min-width:550px) {\n  #text-box-1820087214 {\n    width: 60%;\n  }\n}\n<\/style>\n    <\/div>\n \n\n        <\/div>\n      <\/div>\n\n            \n<style>\n#banner-1994094071 {\n  padding-top: 250px;\n  background-color: rgb(255,255,255);\n}\n@media (min-width:550px) {\n  #banner-1994094071 {\n    padding-top: 700px;\n  }\n}\n<\/style>\n  <\/div>\n\n\n\n\t\t<\/div>\n\t\t\t\t\t<\/div>\n\n\t\n\n\t<div id=\"col-464706128\" class=\"col medium-7 small-12 large-5\"  >\n\t\t\t\t<div class=\"col-inner\"  >\n\t\t\t\n\t\t\t\n\n<div class=\"row align-center\"  id=\"row-1236733034\">\n\n\n\t<div id=\"col-1294272953\" class=\"col medium-5 small-6 large-5\"  >\n\t\t\t\t<div class=\"col-inner\"  >\n\t\t\t\n\t\t\t\n\n\t<div class=\"img has-hover x md-x lg-x y md-y lg-y\" id=\"image_1533439213\">\n\t\t\t\t\t\t\t\t<div class=\"img-inner dark\" >\n\t\t\t<img loading=\"lazy\" decoding=\"async\" width=\"1\" height=\"1\" src=\"https:\/\/lastella.ee\/wp-content\/uploads\/2022\/03\/Lastelle_pohilogo.svg\" class=\"attachment-large size-large\" alt=\"Lastella\" \/>\t\t\t\t\t\t\n\t\t\t\t\t<\/div>\n\t\t\t\t\t\t\t\t\n<style>\n#image_1533439213 {\n  width: 100%;\n}\n<\/style>\n\t<\/div>\n\t\n\n\n\t\t<\/div>\n\t\t\t\t\t<\/div>\n\n\t\n\n<\/div>\n<div class=\"row align-center\"  id=\"row-1448424396\">\n\n\n\t<div id=\"col-1589011973\" class=\"col medium-9 small-10 large-9\"  >\n\t\t\t\t<div class=\"col-inner text-center\"  >\n\t\t\t\n\t\t\t\n\n<h2>Lastella elektronin\u0117 parduotuv\u0117 \u0161iuo metu yra trumpame technin\u0117s prie\u017ei\u016bros pertra\u016bkyje.<\/h2>\n<p>Greitai sugr\u012f\u0161ime.<\/p>\n<p>Tuo tarpu apsilankykite m\u016bs\u0173 socialini\u0173 tinkl\u0173 paskyrose.<\/p>\n\n\t\t<\/div>\n\t\t\t\t\n<style>\n#col-1589011973 > .col-inner {\n  margin: 0px 0px -30px 0px;\n}\n<\/style>\n\t<\/div>\n\n\t\n\n<\/div>\n<div class=\"row row-collapse align-center\"  id=\"row-1413364861\">\n\n\n\t<div id=\"col-823648507\" class=\"col medium-9 small-10 large-9\"  >\n\t\t\t\t<div class=\"col-inner text-center\"  >\n\t\t\t\n\t\t\t\n\n<div class=\"is-divider divider clearfix\" style=\"margin-top:2em;margin-bottom:2em;max-width:80%;background-color:rgb(0, 0, 0);\"><\/div>\n\n<div class=\"social-icons follow-icons\" style=\"font-size:110%\"><a href=\"http:\/\/lastellaee\" target=\"_blank\" data-label=\"Facebook\" class=\"icon plain tooltip facebook\" title=\"Follow on Facebook\" aria-label=\"Follow on Facebook\" rel=\"noopener nofollow\"><i class=\"icon-facebook\" aria-hidden=\"true\"><\/i><\/a><a href=\"http:\/\/lastella_ee\" target=\"_blank\" data-label=\"Instagram\" class=\"icon plain tooltip instagram\" title=\"Follow on Instagram\" aria-label=\"Follow on Instagram\" rel=\"noopener nofollow\"><i class=\"icon-instagram\" aria-hidden=\"true\"><\/i><\/a><\/div>\n\n\n\t\t<\/div>\n\t\t\t\t\t<\/div>\n\n\t\n\n\n<style>\n#row-1413364861 > .col > .col-inner {\n  padding: 0px 0px 10% 0px;\n}\n@media (min-width:550px) {\n  #row-1413364861 > .col > .col-inner {\n    padding: 0pxp 0px 0px 0px;\n  }\n}\n<\/style>\n<\/div>\n\n\t\t<\/div>\n\t\t\t\t\n<style>\n#col-464706128 > .col-inner {\n  padding: 50px 0px 0px 0px;\n}\n<\/style>\n\t<\/div>\n\n\t\n\n<\/div>\n\n","protected":false},"excerpt":{"rendered":"","protected":false},"author":1,"featured_media":0,"parent":0,"menu_order":0,"comment_status":"closed","ping_status":"closed","template":"","meta":{"footnotes":""},"class_list":["post-11137","page","type-page","status-publish","hentry"],"_links":{"self":[{"href":"https:\/\/lastella.ee\/lt\/wp-json\/wp\/v2\/pages\/11137","targetHints":{"allow":["GET"]}}],"collection":[{"href":"https:\/\/lastella.ee\/lt\/wp-json\/wp\/v2\/pages"}],"about":[{"href":"https:\/\/lastella.ee\/lt\/wp-json\/wp\/v2\/types\/page"}],"author":[{"embeddable":true,"href":"https:\/\/lastella.ee\/lt\/wp-json\/wp\/v2\/users\/1"}],"replies":[{"embeddable":true,"href":"https:\/\/lastella.ee\/lt\/wp-json\/wp\/v2\/comments?post=11137"}],"version-history":[{"count":1,"href":"https:\/\/lastella.ee\/lt\/wp-json\/wp\/v2\/pages\/11137\/revisions"}],"predecessor-version":[{"id":11138,"href":"https:\/\/lastella.ee\/lt\/wp-json\/wp\/v2\/pages\/11137\/revisions\/11138"}],"wp:attachment":[{"href":"https:\/\/lastella.ee\/lt\/wp-json\/wp\/v2\/media?parent=11137"}],"curies":[{"name":"wp","href":"https:\/\/api.w.org\/{rel}","templated":true}]}}