{"id":4478,"date":"2022-07-02T08:34:33","date_gmt":"2022-07-02T05:34:33","guid":{"rendered":"https:\/\/lastella.ee\/video-2\/"},"modified":"2025-03-13T14:59:20","modified_gmt":"2025-03-13T11:59:20","slug":"video-2","status":"publish","type":"page","link":"https:\/\/lastella.ee\/en\/video-2\/","title":{"rendered":"Video"},"content":{"rendered":"\n<div class=\"container section-title-container\" ><h3 class=\"section-title section-title-normal\"><b aria-hidden=\"true\"><\/b><span class=\"section-title-main\" >Preparation instructions<\/span><b aria-hidden=\"true\"><\/b><\/h3><\/div>\n\n<div class=\"row align-center\"  id=\"row-1514778904\">\n\n\n\t<div id=\"col-341241603\" class=\"col medium-5 small-12 large-5\"  >\n\t\t\t\t<div class=\"col-inner text-center\"  >\n\t\t\t\n\t\t\t\n\n\t<div id=\"text-3103416014\" class=\"text\">\n\t\t\n\n<p>Gummy bear preparation instructions<\/p>\n\t\t\n<style>\n#text-3103416014 {\n  text-align: left;\n}\n<\/style>\n\t<\/div>\n\t\n<div class=\"video video-fit mb\" style=\"padding-top:56.25%;\"><iframe loading=\"lazy\" title=\"Kummikommide valmistamine &quot;Tee ise kummikommid! komplekti abil\" width=\"1020\" height=\"574\" src=\"https:\/\/www.youtube.com\/embed\/DVYQupxumI0?feature=oembed&#038;enablejsapi=1&#038;origin=https:\/\/lastella.ee\" frameborder=\"0\" allow=\"accelerometer; autoplay; clipboard-write; encrypted-media; gyroscope; picture-in-picture; web-share\" referrerpolicy=\"strict-origin-when-cross-origin\" allowfullscreen><\/iframe><\/div>\n\n\n\t\t<\/div>\n\t\t\t\t\t<\/div>\n\n\t\n\n\t<div id=\"col-808732356\" class=\"col medium-5 small-12 large-5\"  >\n\t\t\t\t<div class=\"col-inner text-center\"  >\n\t\t\t\n\t\t\t\n\n\t<div id=\"text-1635073167\" class=\"text\">\n\t\t\n\n<p>Chocolate lollipop preparation instructions<\/p>\n\t\t\n<style>\n#text-1635073167 {\n  text-align: left;\n}\n<\/style>\n\t<\/div>\n\t\n<div class=\"video video-fit mb\" style=\"padding-top:56.25%;\"><p><iframe loading=\"lazy\" title=\"\u0160okolaadist pulgakommide valmistamine &quot;Tee ise pulgakommid!&quot; komplekti abil\" width=\"1020\" height=\"574\" src=\"https:\/\/www.youtube.com\/embed\/Hj9xNwVqqK0?feature=oembed&#038;enablejsapi=1&#038;origin=https:\/\/lastella.ee\" frameborder=\"0\" allow=\"accelerometer; autoplay; clipboard-write; encrypted-media; gyroscope; picture-in-picture; web-share\" allowfullscreen><\/iframe><\/p>\n<\/div>\n\n\n\t\t<\/div>\n\t\t\t\t\t<\/div>\n\n\t\n\n<\/div>\n<div class=\"row align-center\"  id=\"row-883306093\">\n\n\n\t<div id=\"col-695161213\" class=\"col medium-5 small-12 large-5\"  >\n\t\t\t\t<div class=\"col-inner\"  >\n\t\t\t\n\t\t\t\n\n\t<div id=\"text-2071921131\" class=\"text\">\n\t\t\n\n<p>Fresh pasta preparation instructions<\/p>\n\t\t\n<style>\n#text-2071921131 {\n  text-align: left;\n}\n<\/style>\n\t<\/div>\n\t\n<div class=\"video video-fit mb\" style=\"padding-top:56.25%;\"><p><iframe loading=\"lazy\" title=\"Pasta valmistamine &quot;Tee ise pastat!&quot; komplekti abil\" width=\"1020\" height=\"574\" src=\"https:\/\/www.youtube.com\/embed\/__1dHD2LJkc?feature=oembed&#038;enablejsapi=1&#038;origin=https:\/\/lastella.ee\" frameborder=\"0\" allow=\"accelerometer; autoplay; clipboard-write; encrypted-media; gyroscope; picture-in-picture; web-share\" allowfullscreen><\/iframe><\/p>\n<\/div>\n\n\n\t\t<\/div>\n\t\t\t\t\t<\/div>\n\n\t\n\n<\/div>\n<div class=\"row row-collapse align-center\"  id=\"row-1427538443\">\n\n\n\t<div id=\"col-1973880904\" class=\"col medium-5 small-12 large-5\"  >\n\t\t\t\t<div class=\"col-inner\"  >\n\t\t\t\n\t\t\t\n\n<p>Making Multicolored Chocolate Lollipop<\/p>\n<div class=\"video video-fit mb\" style=\"padding-top:56.25%;\"><p><iframe loading=\"lazy\" title=\"Mitmev\u00e4rvilise \u0161okolaadist pulgakommi valmistamine\" width=\"1020\" height=\"574\" src=\"https:\/\/www.youtube.com\/embed\/jp2g72rLB_8?feature=oembed&#038;enablejsapi=1&#038;origin=https:\/\/lastella.ee\" frameborder=\"0\" allow=\"accelerometer; autoplay; clipboard-write; encrypted-media; gyroscope; picture-in-picture; web-share\" allowfullscreen><\/iframe><\/p>\n<\/div>\n\n\n\t\t<\/div>\n\t\t\t\t\t<\/div>\n\n\t\n\n\t<div id=\"col-711924927\" class=\"col medium-5 small-12 large-5\"  >\n\t\t\t\t<div class=\"col-inner\"  >\n\t\t\t\n\t\t\t\n\n<p>Gummy lollipop preparation instructions<\/p>\n<div class=\"video video-fit mb\" style=\"padding-top:56.25%;\"><p><iframe loading=\"lazy\" title=\"Tee ise kummikommi pulgakomme\" width=\"1020\" height=\"574\" src=\"https:\/\/www.youtube.com\/embed\/uK2koY05SWY?feature=oembed&#038;enablejsapi=1&#038;origin=https:\/\/lastella.ee\" frameborder=\"0\" allow=\"accelerometer; autoplay; clipboard-write; encrypted-media; gyroscope; picture-in-picture; web-share\" allowfullscreen><\/iframe><\/p>\n<\/div>\n\n\n\t\t<\/div>\n\t\t\t\t\t<\/div>\n\n\t\n\n<\/div>\n<div class=\"row row-collapse align-center\"  id=\"row-953011306\">\n\n\n\t<div id=\"col-1628765117\" class=\"col medium-5 small-12 large-5\"  >\n\t\t\t\t<div class=\"col-inner\"  >\n\t\t\t\n\t\t\t\n\n<p>Dinosaur cookies preparation instructions<\/p>\n<div class=\"video video-fit mb\" style=\"padding-top:56.25%;\"><p><iframe loading=\"lazy\" title=\"Tempelk\u00fcpsiste valmistamine &quot;Tee ise dinok\u00fcpsised!&quot; komplekti abil\" width=\"1020\" height=\"574\" src=\"https:\/\/www.youtube.com\/embed\/ORftKJ7d_-4?feature=oembed&#038;enablejsapi=1&#038;origin=https:\/\/lastella.ee\" frameborder=\"0\" allow=\"accelerometer; autoplay; clipboard-write; encrypted-media; gyroscope; picture-in-picture; web-share\" allowfullscreen><\/iframe><\/p>\n<\/div>\n\n\n\t\t<\/div>\n\t\t\t\t\t<\/div>\n\n\t\n\n\t<div id=\"col-959662531\" class=\"col medium-5 small-12 large-5\"  >\n\t\t\t\t<div class=\"col-inner\"  >\n\t\t\t\n\t\t\t\n\n<p>Unicorn cookies preparation instructions<\/p>\n<div class=\"video video-fit mb\" style=\"padding-top:56.25%;\"><p><iframe loading=\"lazy\" title=\"Tempelk\u00fcpsiste valmistamine &quot;Tee ise k\u00fcpsised!&quot; \u00fckssarvikud komplekti abil\" width=\"1020\" height=\"574\" src=\"https:\/\/www.youtube.com\/embed\/Qx4CnhFTr4A?feature=oembed&#038;enablejsapi=1&#038;origin=https:\/\/lastella.ee\" frameborder=\"0\" allow=\"accelerometer; autoplay; clipboard-write; encrypted-media; gyroscope; picture-in-picture; web-share\" allowfullscreen><\/iframe><\/p>\n<\/div>\n\n\n\t\t<\/div>\n\t\t\t\t\t<\/div>\n\n\t\n\n<\/div>\n<div class=\"container section-title-container\" ><h3 class=\"section-title section-title-normal\"><b aria-hidden=\"true\"><\/b><span class=\"section-title-main\" >Good mood videos<\/span><b aria-hidden=\"true\"><\/b><\/h3><\/div>\n\n<div class=\"row align-center\"  id=\"row-769384892\">\n\n\n\t<div id=\"col-4846721\" class=\"col medium-5 small-12 large-5\"  >\n\t\t\t\t<div class=\"col-inner text-center\" style=\"background-color:rgb(255,255,255);\" >\n\t\t\t\n\t\t\t\n\n\t<div id=\"text-3134640490\" class=\"text\">\n\t\t\n\n<p>How does bugs in gummy candies taste?<\/p>\n\t\t\n<style>\n#text-3134640490 {\n  text-align: left;\n}\n<\/style>\n\t<\/div>\n\t\n<div class=\"video video-fit mb\" style=\"padding-top:56.25%;\"><p><iframe loading=\"lazy\" title=\"Putukad kummikommides\" width=\"1020\" height=\"574\" src=\"https:\/\/www.youtube.com\/embed\/TEC43HZX0Iw?feature=oembed&#038;enablejsapi=1&#038;origin=https:\/\/lastella.ee\" frameborder=\"0\" allow=\"accelerometer; autoplay; clipboard-write; encrypted-media; gyroscope; picture-in-picture; web-share\" allowfullscreen><\/iframe><\/p>\n<\/div>\n\n\n\t\t<\/div>\n\t\t\t\t\t<\/div>\n\n\t\n\n\t<div id=\"col-1951664306\" class=\"col medium-5 small-12 large-5\"  >\n\t\t\t\t<div class=\"col-inner text-center\"  >\n\t\t\t\n\t\t\t\n\n\t<div id=\"text-4261673185\" class=\"text\">\n\t\t\n\n<p>Making of gummy candies<\/p>\n\t\t\n<style>\n#text-4261673185 {\n  text-align: left;\n}\n<\/style>\n\t<\/div>\n\t\n<div class=\"video video-fit mb\" style=\"padding-top:56.25%;\"><p><iframe loading=\"lazy\" title=\"Kummikommide valmistamise katsetus\" width=\"1020\" height=\"574\" src=\"https:\/\/www.youtube.com\/embed\/A1ASSEW2kIM?feature=oembed&#038;enablejsapi=1&#038;origin=https:\/\/lastella.ee\" frameborder=\"0\" allow=\"accelerometer; autoplay; clipboard-write; encrypted-media; gyroscope; picture-in-picture; web-share\" allowfullscreen><\/iframe><\/p>\n<\/div>\n\n\n\t\t<\/div>\n\t\t\t\t\t<\/div>\n\n\t\n\n<\/div>\n<div class=\"row align-center\"  id=\"row-1324526117\">\n\n\n\t<div id=\"col-2040297144\" class=\"col medium-5 small-12 large-5\"  >\n\t\t\t\t<div class=\"col-inner text-center\"  >\n\t\t\t\n\t\t\t\n\n\t<div id=\"text-2788049148\" class=\"text\">\n\t\t\n\n<p>DIY lollipops from gingerbread dough<\/p>\n\t\t\n<style>\n#text-2788049148 {\n  text-align: left;\n}\n<\/style>\n\t<\/div>\n\t\n<div class=\"video video-fit mb\" style=\"padding-top:56.25%;\"><p><iframe loading=\"lazy\" title=\"Piparkoogi taignast pulgakommid\" width=\"1020\" height=\"574\" src=\"https:\/\/www.youtube.com\/embed\/QuoSkJt4XLo?feature=oembed&#038;enablejsapi=1&#038;origin=https:\/\/lastella.ee\" frameborder=\"0\" allow=\"accelerometer; autoplay; clipboard-write; encrypted-media; gyroscope; picture-in-picture; web-share\" referrerpolicy=\"strict-origin-when-cross-origin\" allowfullscreen><\/iframe><\/p>\n<\/div>\n\n\n\t\t<\/div>\n\t\t\t\t\t<\/div>\n\n\t\n\n\t<div id=\"col-1596233719\" class=\"col medium-5 small-12 large-5\"  >\n\t\t\t\t<div class=\"col-inner text-center\"  >\n\t\t\t\n\t\t\t\n\n\t<div id=\"text-1715906901\" class=\"text\">\n\t\t\n\n<p>Decorating gingerbread Christmas tree with dinosaur candies<\/p>\n\t\t\n<style>\n#text-1715906901 {\n  text-align: left;\n}\n<\/style>\n\t<\/div>\n\t\n<div class=\"video video-fit mb\" style=\"padding-top:56.25%;\"><p><iframe loading=\"lazy\" title=\"Piparkoogist j\u00f5ulukuuse kaunistamine dinosaurustega\" width=\"1020\" height=\"574\" src=\"https:\/\/www.youtube.com\/embed\/u6SJKOaibmU?feature=oembed&#038;enablejsapi=1&#038;origin=https:\/\/lastella.ee\" frameborder=\"0\" allow=\"accelerometer; autoplay; clipboard-write; encrypted-media; gyroscope; picture-in-picture; web-share\" allowfullscreen><\/iframe><\/p>\n<\/div>\n\n\n\t\t<\/div>\n\t\t\t\t\t<\/div>\n\n\t\n\n<\/div>\n<div class=\"row align-center\"  id=\"row-1159276009\">\n\n\n\t<div id=\"col-2058517387\" class=\"col medium-5 small-12 large-5\"  >\n\t\t\t\t<div class=\"col-inner text-center\"  >\n\t\t\t\n\t\t\t\n\n\t<div id=\"text-964633345\" class=\"text\">\n\t\t\n\n<p>Tasting of gummy lollipops<\/p>\n\t\t\n<style>\n#text-964633345 {\n  text-align: left;\n}\n<\/style>\n\t<\/div>\n\t\n<div class=\"video video-fit mb\" style=\"padding-top:56.25%;\"><p><iframe loading=\"lazy\" title=\"Kummikommi-pulgakommide maitsmine\" width=\"1020\" height=\"574\" src=\"https:\/\/www.youtube.com\/embed\/-wWCXTGFab4?feature=oembed&#038;enablejsapi=1&#038;origin=https:\/\/lastella.ee\" frameborder=\"0\" allow=\"accelerometer; autoplay; clipboard-write; encrypted-media; gyroscope; picture-in-picture; web-share\" allowfullscreen><\/iframe><\/p>\n<\/div>\n\n\n\t\t<\/div>\n\t\t\t\t\t<\/div>\n\n\t\n\n\t<div id=\"col-1064940562\" class=\"col medium-5 small-12 large-5\"  >\n\t\t\t\t<div class=\"col-inner text-center\"  >\n\t\t\t\n\t\t\t\n\n<p style=\"text-align: left;\">When it&#8217;s good time to make ice-cream?<\/p>\n<div class=\"video video-fit mb\" style=\"padding-top:56.25%;\"><p><iframe loading=\"lazy\" title=\"J\u00e4\u00e4tiseaeg\" width=\"1020\" height=\"574\" src=\"https:\/\/www.youtube.com\/embed\/yyQUir9kt3A?feature=oembed&#038;enablejsapi=1&#038;origin=https:\/\/lastella.ee\" frameborder=\"0\" allow=\"accelerometer; autoplay; clipboard-write; encrypted-media; gyroscope; picture-in-picture; web-share\" allowfullscreen><\/iframe><\/p>\n<\/div>\n\n\n\t\t<\/div>\n\t\t\t\t\t<\/div>\n\n\t\n\n<\/div>\n\n","protected":false},"excerpt":{"rendered":"","protected":false},"author":2,"featured_media":0,"parent":0,"menu_order":0,"comment_status":"closed","ping_status":"closed","template":"","meta":{"footnotes":""},"class_list":["post-4478","page","type-page","status-publish","hentry"],"_links":{"self":[{"href":"https:\/\/lastella.ee\/en\/wp-json\/wp\/v2\/pages\/4478","targetHints":{"allow":["GET"]}}],"collection":[{"href":"https:\/\/lastella.ee\/en\/wp-json\/wp\/v2\/pages"}],"about":[{"href":"https:\/\/lastella.ee\/en\/wp-json\/wp\/v2\/types\/page"}],"author":[{"embeddable":true,"href":"https:\/\/lastella.ee\/en\/wp-json\/wp\/v2\/users\/2"}],"replies":[{"embeddable":true,"href":"https:\/\/lastella.ee\/en\/wp-json\/wp\/v2\/comments?post=4478"}],"version-history":[{"count":19,"href":"https:\/\/lastella.ee\/en\/wp-json\/wp\/v2\/pages\/4478\/revisions"}],"predecessor-version":[{"id":9096,"href":"https:\/\/lastella.ee\/en\/wp-json\/wp\/v2\/pages\/4478\/revisions\/9096"}],"wp:attachment":[{"href":"https:\/\/lastella.ee\/en\/wp-json\/wp\/v2\/media?parent=4478"}],"curies":[{"name":"wp","href":"https:\/\/api.w.org\/{rel}","templated":true}]}}